{"id":81077,"date":"2022-06-03T20:07:10","date_gmt":"2022-06-03T20:07:10","guid":{"rendered":"https:\/\/www.groupeunimage.com\/?page_id=81077"},"modified":"2022-09-14T17:00:40","modified_gmt":"2022-09-14T17:00:40","slug":"f-a-q","status":"publish","type":"page","link":"https:\/\/www.groupeunimage.com\/?page_id=81077","title":{"rendered":"F.A.Q."},"content":{"rendered":"<div class=\"wpb-content-wrapper\"><p>[vc_row row_height_percent=\u00a0\u00bb0&Prime; override_padding=\u00a0\u00bbyes\u00a0\u00bb h_padding=\u00a0\u00bb2&Prime; top_padding=\u00a0\u00bb3&Prime; bottom_padding=\u00a0\u00bb2&Prime; overlay_alpha=\u00a0\u00bb50&Prime; gutter_size=\u00a0\u00bb3&Prime; column_width_percent=\u00a0\u00bb100&Prime; shift_y=\u00a0\u00bb0&Prime; z_index=\u00a0\u00bb0&Prime; uncode_shortcode_id=\u00a0\u00bb149865&Prime;][vc_column width=\u00a0\u00bb1\/1&Prime;][vc_column_text uncode_shortcode_id=\u00a0\u00bb194595&Prime;]Veuillez consulter la liste des questions fr\u00e9quentes suivante et pour obtenir des informations suppl\u00e9mentaires, <a href=\"\/nous-joindre\/\">veuillez nous contacter<\/a>.[\/vc_column_text][vc_accordion active_tab=\u00a0\u00bb0&Prime;][vc_accordion_tab gutter_size=\u00a0\u00bb2&Prime; column_padding=\u00a0\u00bb2&Prime; title=\u00a0\u00bbDOIS-JE APPORTER MES EXAMENS ANT\u00c9RIEURS ?\u00a0\u00bb tab_id=\u00a0\u00bb1654286608-1-19&Prime;][vc_column_text uncode_shortcode_id=\u00a0\u00bb685031&Prime;]Tous les rapports, radiographies et images des examens ant\u00e9rieurs relatifs \u00e0 votre examen \u00e0 venir nous sont tr\u00e8s utiles pour l&rsquo;\u00e9valuation de votre situation.[\/vc_column_text][\/vc_accordion_tab][vc_accordion_tab gutter_size=\u00a0\u00bb2&Prime; column_padding=\u00a0\u00bb2&Prime; title=\u00a0\u00bbDOIS-JE ME PR\u00c9PARER POUR L&rsquo;EXAMEN ?\u00a0\u00bb tab_id=\u00a0\u00bb1654286608-2-59&Prime;][vc_column_text uncode_shortcode_id=\u00a0\u00bb140816&Prime;]Aucune pr\u00e9paration requise pour les examens de radiologie g\u00e9n\u00e9rale. Une pr\u00e9paration est n\u00e9cessaire pour les examens digestifs et les \u00e9chographies des r\u00e9gions abdominale et pelvienne ainsi que pour les r\u00e9sonances magn\u00e9tiques (IRM). La pr\u00e9paration vous sera indiqu\u00e9e lors de la prise du rendez-vous.[\/vc_column_text][\/vc_accordion_tab][vc_accordion_tab gutter_size=\u00a0\u00bb2&Prime; column_padding=\u00a0\u00bb2&Prime; title=\u00a0\u00bbEST-CE QU&rsquo;IL FAUT UNE PRESCRIPTION POUR PASSER UN EXAMEN DE RADIOLOGIE?\u00a0\u00bb tab_id=\u00a0\u00bb1654286710761-2-8&Prime;][vc_column_text uncode_shortcode_id=\u00a0\u00bb110120&Prime;]Oui, une prescription de votre m\u00e9decin de famille ou m\u00e9decin sp\u00e9cialiste est obligatoire. Nous acceptons les prescriptions destin\u00e9es aux autres centres de radiologie.[\/vc_column_text][\/vc_accordion_tab][vc_accordion_tab gutter_size=\u00a0\u00bb2&Prime; column_padding=\u00a0\u00bb2&Prime; title=\u00a0\u00bbJE SUIS CLAUSTROPHOBE, EST-CE QUE JE PEUX PASSER UN EXAMEN DE R\u00c9SONANCE MAGN\u00c9TIQUE?\u00a0\u00bb tab_id=\u00a0\u00bb1654286711537-3-1&Prime;][vc_column_text uncode_shortcode_id=\u00a0\u00bb552819&Prime;]Notre appareil a la plus grande ouverture (70 cm) et le tunnel le plus court (125 cm) sur le march\u00e9. La plupart des personnes claustrophobes r\u00e9ussissent \u00e0 passer leur examen de r\u00e9sonance magn\u00e9tique (IRM) sans probl\u00e8me. Notre appareil est \u00e9galement accessible aux personnes corpulentes pesant jusqu&rsquo;\u00e0 225 kg (500 lbs). Les personnes qui ont pass\u00e9 cet examen dans notre centre ont \u00e9t\u00e9 enchant\u00e9es par leur exp\u00e9rience. Elles \u00e9taient tr\u00e8s heureuses d&rsquo;avoir pu passer cet examen et contribuer ainsi au maintien de leur bonne sant\u00e9. Nos technologues exp\u00e9riment\u00e9es vous accompagnent et vous assistent tout au cours de l&rsquo;examen. Un bouton d&rsquo;alarme, en cas d&rsquo;urgence, est \u00e0 votre disposition en tout temps.[\/vc_column_text][\/vc_accordion_tab][vc_accordion_tab gutter_size=\u00a0\u00bb2&Prime; column_padding=\u00a0\u00bb2&Prime; title=\u00a0\u00bbPOUVONS-NOUS STATIONNER FACILEMENT?\u00a0\u00bb tab_id=\u00a0\u00bb1654286712673-4-0&Prime;][vc_column_text uncode_shortcode_id=\u00a0\u00bb976909&Prime;]Un grand stationnement gratuit est situ\u00e9 \u00e0 l\u2019arri\u00e8re de la clinique.[\/vc_column_text][\/vc_accordion_tab][vc_accordion_tab gutter_size=\u00a0\u00bb2&Prime; column_padding=\u00a0\u00bb2&Prime; title=\u00a0\u00bbPUIS-JE RECEVOIR UNE COPIE DE MON EXAMEN?\u00a0\u00bb tab_id=\u00a0\u00bb1654286713405-5-4&Prime;][vc_column_text uncode_shortcode_id=\u00a0\u00bb204584&Prime;]Des copies des images et des examens sont disponibles sur demande. Voir la section RAPPORT ET IMAGES.[\/vc_column_text][\/vc_accordion_tab][vc_accordion_tab gutter_size=\u00a0\u00bb2&Prime; column_padding=\u00a0\u00bb2&Prime; title=\u00a0\u00bbQUAND MON M\u00c9DECIN RECEVRA-T-IL LES R\u00c9SULTATS?\u00a0\u00bb tab_id=\u00a0\u00bb1654286714137-6-2&Prime;][vc_column_text uncode_shortcode_id=\u00a0\u00bb216028&Prime;]De fa\u00e7on g\u00e9n\u00e9rale, le rapport \u00e9crit de l\u2019interpr\u00e9tation de vos examens est envoy\u00e9 \u00e0 votre m\u00e9decin par t\u00e9l\u00e9copieur dans un d\u00e9lai de 24 \u00e0 48 heures ouvrables. Dans plusieurs cas, un rapport pr\u00e9liminaire peut \u00eatre fax\u00e9 le jour m\u00eame de votre rendez-vous.[\/vc_column_text][\/vc_accordion_tab][vc_accordion_tab gutter_size=\u00a0\u00bb2&Prime; column_padding=\u00a0\u00bb2&Prime; title=\u00a0\u00bbPOURQUOI DOIS-JE PAYER POUR CERTAINS EXAMENS?\u00a0\u00bb tab_id=\u00a0\u00bb1654286715038-7-7&Prime;][vc_column_text uncode_shortcode_id=\u00a0\u00bb421130&Prime;]En clinique priv\u00e9e, le co\u00fbt des examens de r\u00e9sonances magn\u00e9tiques ne sont pas couvert par la RAMQ mais par la plupart des assurances priv\u00e9es. Les examens demand\u00e9s par un podiatre ou un chiropraticien ne sont pas pris en charge par la RAMQ, donc aux frais du patients.[\/vc_column_text][\/vc_accordion_tab][\/vc_accordion][\/vc_column][\/vc_row]<\/p>\n<\/div>","protected":false},"excerpt":{"rendered":"<p>[vc_row row_height_percent=\u00a0\u00bb0&Prime; override_padding=\u00a0\u00bbyes\u00a0\u00bb h_padding=\u00a0\u00bb2&Prime; top_padding=\u00a0\u00bb3&Prime; bottom_padding=\u00a0\u00bb2&Prime; overlay_alpha=\u00a0\u00bb50&Prime; gutter_size=\u00a0\u00bb3&Prime; column_width_percent=\u00a0\u00bb100&Prime; shift_y=\u00a0\u00bb0&Prime; z_index=\u00a0\u00bb0&Prime; uncode_shortcode_id=\u00a0\u00bb149865&Prime;][vc_column width=\u00a0\u00bb1\/1&Prime;][vc_column_text uncode_shortcode_id=\u00a0\u00bb194595&Prime;]Veuillez consulter la liste des questions fr\u00e9quentes [&hellip;]<\/p>\n","protected":false},"author":1,"featured_media":0,"parent":0,"menu_order":0,"comment_status":"closed","ping_status":"closed","template":"","meta":{"footnotes":""},"class_list":["post-81077","page","type-page","status-publish","hentry","page_category-a-propos"],"_links":{"self":[{"href":"https:\/\/www.groupeunimage.com\/index.php?rest_route=\/wp\/v2\/pages\/81077","targetHints":{"allow":["GET"]}}],"collection":[{"href":"https:\/\/www.groupeunimage.com\/index.php?rest_route=\/wp\/v2\/pages"}],"about":[{"href":"https:\/\/www.groupeunimage.com\/index.php?rest_route=\/wp\/v2\/types\/page"}],"author":[{"embeddable":true,"href":"https:\/\/www.groupeunimage.com\/index.php?rest_route=\/wp\/v2\/users\/1"}],"replies":[{"embeddable":true,"href":"https:\/\/www.groupeunimage.com\/index.php?rest_route=%2Fwp%2Fv2%2Fcomments&post=81077"}],"version-history":[{"count":8,"href":"https:\/\/www.groupeunimage.com\/index.php?rest_route=\/wp\/v2\/pages\/81077\/revisions"}],"predecessor-version":[{"id":110681,"href":"https:\/\/www.groupeunimage.com\/index.php?rest_route=\/wp\/v2\/pages\/81077\/revisions\/110681"}],"wp:attachment":[{"href":"https:\/\/www.groupeunimage.com\/index.php?rest_route=%2Fwp%2Fv2%2Fmedia&parent=81077"}],"curies":[{"name":"wp","href":"https:\/\/api.w.org\/{rel}","templated":true}]}}