{"id":80899,"date":"2022-06-03T14:59:12","date_gmt":"2022-06-03T14:59:12","guid":{"rendered":"https:\/\/www.groupeunimage.com\/?page_id=80899"},"modified":"2022-09-14T17:09:18","modified_gmt":"2022-09-14T17:09:18","slug":"formation-medicale-continue","status":"publish","type":"page","link":"https:\/\/www.groupeunimage.com\/?page_id=80899","title":{"rendered":"Formation m\u00e9dicale continue"},"content":{"rendered":"<div class=\"wpb-content-wrapper\"><p>[vc_row row_height_percent=\u00a0\u00bb0&Prime; override_padding=\u00a0\u00bbyes\u00a0\u00bb h_padding=\u00a0\u00bb2&Prime; top_padding=\u00a0\u00bb2&Prime; bottom_padding=\u00a0\u00bb2&Prime; overlay_alpha=\u00a0\u00bb50&Prime; gutter_size=\u00a0\u00bb3&Prime; column_width_percent=\u00a0\u00bb100&Prime; shift_y=\u00a0\u00bb0&Prime; z_index=\u00a0\u00bb0&Prime; uncode_shortcode_id=\u00a0\u00bb123635&Prime;][vc_column column_width_percent=\u00a0\u00bb100&Prime; position_horizontal=\u00a0\u00bbleft\u00a0\u00bb position_vertical=\u00a0\u00bbmiddle\u00a0\u00bb gutter_size=\u00a0\u00bb2&Prime; style=\u00a0\u00bblight\u00a0\u00bb overlay_alpha=\u00a0\u00bb50&Prime; shift_x=\u00a0\u00bb0&Prime; shift_y=\u00a0\u00bb0&Prime; shift_y_down=\u00a0\u00bb0&Prime; z_index=\u00a0\u00bb0&Prime; medium_width=\u00a0\u00bb0&Prime; mobile_width=\u00a0\u00bb0&Prime; width=\u00a0\u00bb1\/1&Prime; uncode_shortcode_id=\u00a0\u00bb355282&Prime;][vc_column_text uncode_shortcode_id=\u00a0\u00bb278669&Prime;]<strong>IMAGERIE ABDOMINALE &#8211; \u00c9CHOGRAPHIE, TOMODENSITOM\u00c9TRIE OU R\u00c9SONANCE MAGN\u00c9TIQUE?<\/strong>[\/vc_column_text][vc_empty_space empty_h=\u00a0\u00bb1&Prime;][vc_row_inner][vc_column_inner column_width_percent=\u00a0\u00bb100&Prime; gutter_size=\u00a0\u00bb2&Prime; overlay_alpha=\u00a0\u00bb50&Prime; shift_x=\u00a0\u00bb0&Prime; shift_y=\u00a0\u00bb0&Prime; shift_y_down=\u00a0\u00bb0&Prime; z_index=\u00a0\u00bb0&Prime; medium_width=\u00a0\u00bb0&Prime; mobile_width=\u00a0\u00bb0&Prime; width=\u00a0\u00bb1\/1&Prime; uncode_shortcode_id=\u00a0\u00bb513219&Prime;][vc_button button_color=\u00a0\u00bbcolor-135198&Prime; size=\u00a0\u00bblink\u00a0\u00bb btn_link_hover=\u00a0\u00bbbtn-hover-accent\u00a0\u00bb link=\u00a0\u00bburl:%2Fla-tomodensitometrietdm-ou-ct-scan%2F|title:La%20tomodensitom%C3%A9trie(TDM%20ou%20CT-SCAN)\u00a0\u00bb uncode_shortcode_id=\u00a0\u00bb143065&Prime; button_color_type=\u00a0\u00bbuncode-palette\u00a0\u00bb]La tomodensitom\u00e9trie (TDM ou CT-Scan)[\/vc_button][vc_button button_color=\u00a0\u00bbcolor-924220&Prime; size=\u00a0\u00bblink\u00a0\u00bb btn_link_hover=\u00a0\u00bbbtn-hover-accent\u00a0\u00bb link=\u00a0\u00bburl:%2Fla-resonance-magnetique-irm%2F|title:La%20r%C3%A9sonance%20magn%C3%A9tique%20IRM\u00a0\u00bb uncode_shortcode_id=\u00a0\u00bb129247&Prime; button_color_type=\u00a0\u00bbuncode-palette\u00a0\u00bb]La r\u00e9sonance magn\u00e9tique IRM[\/vc_button][vc_button button_color=\u00a0\u00bbcolor-924220&Prime; size=\u00a0\u00bblink\u00a0\u00bb btn_link_hover=\u00a0\u00bbbtn-hover-accent\u00a0\u00bb link=\u00a0\u00bburl:%2Finvestigation-digestive%2F|title:Investigation%20digestive\u00a0\u00bb uncode_shortcode_id=\u00a0\u00bb640923&Prime; button_color_type=\u00a0\u00bbuncode-palette\u00a0\u00bb]Investigation digestive[\/vc_button][vc_button button_color=\u00a0\u00bbcolor-924220&Prime; size=\u00a0\u00bblink\u00a0\u00bb btn_link_hover=\u00a0\u00bbbtn-hover-accent\u00a0\u00bb link=\u00a0\u00bburl:%2Flesions-du-foie-hepatiques-et-des-voies-biliaires%2F|title:L%C3%A9sions%20du%20foie%20(h%C3%A9patiques)%20et%20des%20voies%20biliaires\u00a0\u00bb uncode_shortcode_id=\u00a0\u00bb209363&Prime; button_color_type=\u00a0\u00bbuncode-palette\u00a0\u00bb]L\u00e9sions du foie (h\u00e9patiques) et des voies biliaires[\/vc_button][vc_button button_color=\u00a0\u00bbcolor-924220&Prime; size=\u00a0\u00bblink\u00a0\u00bb btn_link_hover=\u00a0\u00bbbtn-hover-accent\u00a0\u00bb link=\u00a0\u00bburl:%2Flesion-renale%2F|title:L%C3%A9sion%20r%C3%A9nale\u00a0\u00bb uncode_shortcode_id=\u00a0\u00bb830372&Prime; button_color_type=\u00a0\u00bbuncode-palette\u00a0\u00bb]L\u00e9sion r\u00e9nale[\/vc_button][vc_button button_color=\u00a0\u00bbcolor-924220&Prime; size=\u00a0\u00bblink\u00a0\u00bb btn_link_hover=\u00a0\u00bbbtn-hover-accent\u00a0\u00bb link=\u00a0\u00bburl:%2Fevaluation-du-pancreas%2F|title:%C3%89valuation%20du%20pancr%C3%A9as\u00a0\u00bb uncode_shortcode_id=\u00a0\u00bb736043&Prime; button_color_type=\u00a0\u00bbuncode-palette\u00a0\u00bb]\u00c9valuation du pancr\u00e9as[\/vc_button][vc_button button_color=\u00a0\u00bbcolor-924220&Prime; size=\u00a0\u00bblink\u00a0\u00bb btn_link_hover=\u00a0\u00bbbtn-hover-accent\u00a0\u00bb link=\u00a0\u00bburl:%2Fevaluation-du-retroperitoine%2F|title:%C3%89valuation%20du%20r%C3%A9trop%C3%A9ritoine\u00a0\u00bb uncode_shortcode_id=\u00a0\u00bb400889&Prime; button_color_type=\u00a0\u00bbuncode-palette\u00a0\u00bb]\u00c9valuation du r\u00e9trop\u00e9ritoine[\/vc_button][vc_button button_color=\u00a0\u00bbcolor-924220&Prime; size=\u00a0\u00bblink\u00a0\u00bb btn_link_hover=\u00a0\u00bbbtn-hover-accent\u00a0\u00bb link=\u00a0\u00bburl:%2Fevaluation-pelvienne%2F|title:%C3%89valuation%20pelvienne\u00a0\u00bb uncode_shortcode_id=\u00a0\u00bb492224&Prime; button_color_type=\u00a0\u00bbuncode-palette\u00a0\u00bb]\u00c9valuation pelvienne[\/vc_button][vc_button button_color=\u00a0\u00bbcolor-924220&Prime; size=\u00a0\u00bblink\u00a0\u00bb btn_link_hover=\u00a0\u00bbbtn-hover-accent\u00a0\u00bb link=\u00a0\u00bburl:%2Finvestigation-des-urolithiases-pierres-aux-reins%2F|title:Investigation%20des%20urolithiases%20(pierres%20aux%20reins)\u00a0\u00bb uncode_shortcode_id=\u00a0\u00bb121900&Prime; button_color_type=\u00a0\u00bbuncode-palette\u00a0\u00bb]Investigation des urolithiases (pierres aux reins)[\/vc_button][vc_button button_color=\u00a0\u00bbcolor-924220&Prime; size=\u00a0\u00bblink\u00a0\u00bb btn_link_hover=\u00a0\u00bbbtn-hover-accent\u00a0\u00bb link=\u00a0\u00bburl:%2Furoscan-par-tomodensitometrie-spiralee-ct-scan%2F|title:Uroscan%20par%20tomodensitom%C3%A9trie%20spiral%C3%A9e%20CT-Scan\u00a0\u00bb uncode_shortcode_id=\u00a0\u00bb546024&Prime; button_color_type=\u00a0\u00bbuncode-palette\u00a0\u00bb]Uroscan par tomodensitom\u00e9trie spiral\u00e9e CT-Scan[\/vc_button][\/vc_column_inner][\/vc_row_inner][vc_empty_space empty_h=\u00a0\u00bb1&Prime;][vc_separator sep_color=\u00a0\u00bbcolor-uydo\u00a0\u00bb uncode_shortcode_id=\u00a0\u00bb173331&Prime; sep_color_type=\u00a0\u00bbuncode-palette\u00a0\u00bb el_width=\u00a0\u00bb100%\u00a0\u00bb el_height=\u00a0\u00bb1px\u00a0\u00bb][vc_empty_space empty_h=\u00a0\u00bb1&Prime;][vc_column_text uncode_shortcode_id=\u00a0\u00bb425785&Prime;]<strong>L&rsquo;INVESTIGATION DU SYST\u00c8ME MUSCULO-SQUELETTIQUE, \u00c9CHOGRAPHIE OU R\u00c9SONANCE MAGN\u00c9TIQUE?<\/strong><\/p>\n<p>G. Roumy M.D<br \/>\nRadiologue H\u00f4pital Charles leMoyne, Groupe UnImage , R\u00e9soScan-CLM,<\/p>\n<p>L\u2019investigation d\u2019un probl\u00e8me musculo-squelettique d\u00e9bute par un bon questionnaire et un examen physique pour orienter la suite de l\u2019investigation. Elle d\u00e9bute g\u00e9n\u00e9ralement par des radiographies simples. Au besoin des examens plus \u00e9labor\u00e9s, telles l\u2019\u00e9chographie, la r\u00e9sonance magn\u00e9tique, la scintigraphie osseuse ou la tomodensitom\u00e9trie (CT-Scan) pourraient \u00eatre n\u00e9cessaires.[\/vc_column_text][vc_button button_color=\u00a0\u00bbcolor-924220&Prime; size=\u00a0\u00bblink\u00a0\u00bb btn_link_hover=\u00a0\u00bbbtn-hover-accent\u00a0\u00bb link=\u00a0\u00bburl:%2Fechographie-musculo-squelettique%2F|title:%C3%89chographie%20musculo-squelettique\u00a0\u00bb uncode_shortcode_id=\u00a0\u00bb144403&Prime; button_color_type=\u00a0\u00bbuncode-palette\u00a0\u00bb]\u00c9chographie musculo-squelettique[\/vc_button][vc_button button_color=\u00a0\u00bbcolor-924220&Prime; size=\u00a0\u00bblink\u00a0\u00bb btn_link_hover=\u00a0\u00bbbtn-hover-accent\u00a0\u00bb link=\u00a0\u00bburl:%2Fformation-continue-irm%2F|title:formation%20continue%20IRM\u00a0\u00bb uncode_shortcode_id=\u00a0\u00bb627869&Prime; button_color_type=\u00a0\u00bbuncode-palette\u00a0\u00bb]Imagerie par r\u00e9sonance magn\u00e9tique (IRM)[\/vc_button][vc_empty_space empty_h=\u00a0\u00bb1&Prime;][vc_column_text uncode_shortcode_id=\u00a0\u00bb198881&Prime;]<strong>\u00c9chographie ou r\u00e9sonance magn\u00e9tique (IRM) ?<\/strong>[\/vc_column_text][vc_button button_color=\u00a0\u00bbcolor-924220&Prime; size=\u00a0\u00bblink\u00a0\u00bb btn_link_hover=\u00a0\u00bbbtn-hover-accent\u00a0\u00bb link=\u00a0\u00bburl:%2Fpathologies-de-lepaule%2F|title:Pathologies%20de%20l%E2%80%99%C3%A9paule\u00a0\u00bb uncode_shortcode_id=\u00a0\u00bb772417&Prime; button_color_type=\u00a0\u00bbuncode-palette\u00a0\u00bb]Pathologies de l\u2019\u00e9paule[\/vc_button][vc_button button_color=\u00a0\u00bbcolor-924220&Prime; size=\u00a0\u00bblink\u00a0\u00bb btn_link_hover=\u00a0\u00bbbtn-hover-accent\u00a0\u00bb link=\u00a0\u00bburl:%2Fpathologies-du-genou%2F|title:Pathologies%20du%20genou\u00a0\u00bb uncode_shortcode_id=\u00a0\u00bb438098&Prime; button_color_type=\u00a0\u00bbuncode-palette\u00a0\u00bb]Pathologies du genou[\/vc_button][vc_button button_color=\u00a0\u00bbcolor-924220&Prime; size=\u00a0\u00bblink\u00a0\u00bb btn_link_hover=\u00a0\u00bbbtn-hover-accent\u00a0\u00bb link=\u00a0\u00bburl:%2Fautres-regions-anatomiques%2F|title:Autres%20r%C3%A9gions%20anatomiques\u00a0\u00bb uncode_shortcode_id=\u00a0\u00bb176611&Prime; button_color_type=\u00a0\u00bbuncode-palette\u00a0\u00bb]Autres r\u00e9gions anatomiques[\/vc_button][vc_button button_color=\u00a0\u00bbcolor-924220&Prime; size=\u00a0\u00bblink\u00a0\u00bb btn_link_hover=\u00a0\u00bbbtn-hover-accent\u00a0\u00bb link=\u00a0\u00bburl:%2Fechographie-musculo-squelettique-therapeutique%2F|title:%C3%89chographie%20musculo-squelettique%20th%C3%A9rapeutique\u00a0\u00bb uncode_shortcode_id=\u00a0\u00bb200891&Prime; button_color_type=\u00a0\u00bbuncode-palette\u00a0\u00bb]\u00c9chographie musculo-squelettique th\u00e9rapeutique[\/vc_button][\/vc_column][\/vc_row]<\/p>\n<\/div>","protected":false},"excerpt":{"rendered":"<p>[vc_row row_height_percent=\u00a0\u00bb0&Prime; override_padding=\u00a0\u00bbyes\u00a0\u00bb h_padding=\u00a0\u00bb2&Prime; top_padding=\u00a0\u00bb2&Prime; bottom_padding=\u00a0\u00bb2&Prime; overlay_alpha=\u00a0\u00bb50&Prime; gutter_size=\u00a0\u00bb3&Prime; column_width_percent=\u00a0\u00bb100&Prime; shift_y=\u00a0\u00bb0&Prime; z_index=\u00a0\u00bb0&Prime; uncode_shortcode_id=\u00a0\u00bb123635&Prime;][vc_column column_width_percent=\u00a0\u00bb100&Prime; position_horizontal=\u00a0\u00bbleft\u00a0\u00bb position_vertical=\u00a0\u00bbmiddle\u00a0\u00bb gutter_size=\u00a0\u00bb2&Prime; style=\u00a0\u00bblight\u00a0\u00bb overlay_alpha=\u00a0\u00bb50&Prime; shift_x=\u00a0\u00bb0&Prime; shift_y=\u00a0\u00bb0&Prime; [&hellip;]<\/p>\n","protected":false},"author":1,"featured_media":0,"parent":0,"menu_order":0,"comment_status":"closed","ping_status":"closed","template":"","meta":{"footnotes":""},"class_list":["post-80899","page","type-page","status-publish","hentry","page_category-medecin"],"_links":{"self":[{"href":"https:\/\/www.groupeunimage.com\/index.php?rest_route=\/wp\/v2\/pages\/80899","targetHints":{"allow":["GET"]}}],"collection":[{"href":"https:\/\/www.groupeunimage.com\/index.php?rest_route=\/wp\/v2\/pages"}],"about":[{"href":"https:\/\/www.groupeunimage.com\/index.php?rest_route=\/wp\/v2\/types\/page"}],"author":[{"embeddable":true,"href":"https:\/\/www.groupeunimage.com\/index.php?rest_route=\/wp\/v2\/users\/1"}],"replies":[{"embeddable":true,"href":"https:\/\/www.groupeunimage.com\/index.php?rest_route=%2Fwp%2Fv2%2Fcomments&post=80899"}],"version-history":[{"count":18,"href":"https:\/\/www.groupeunimage.com\/index.php?rest_route=\/wp\/v2\/pages\/80899\/revisions"}],"predecessor-version":[{"id":110648,"href":"https:\/\/www.groupeunimage.com\/index.php?rest_route=\/wp\/v2\/pages\/80899\/revisions\/110648"}],"wp:attachment":[{"href":"https:\/\/www.groupeunimage.com\/index.php?rest_route=%2Fwp%2Fv2%2Fmedia&parent=80899"}],"curies":[{"name":"wp","href":"https:\/\/api.w.org\/{rel}","templated":true}]}}