{"id":80877,"date":"2022-06-03T14:45:53","date_gmt":"2022-06-03T14:45:53","guid":{"rendered":"https:\/\/www.groupeunimage.com\/?page_id=80877"},"modified":"2023-09-21T18:04:44","modified_gmt":"2023-09-21T18:04:44","slug":"telechargement-de-documents","status":"publish","type":"page","link":"https:\/\/www.groupeunimage.com\/?page_id=80877","title":{"rendered":"T\u00e9l\u00e9chargement de documents"},"content":{"rendered":"<div class=\"wpb-content-wrapper\"><p>[vc_row row_height_percent=\u00a0\u00bb0&Prime; override_padding=\u00a0\u00bbyes\u00a0\u00bb h_padding=\u00a0\u00bb2&Prime; top_padding=\u00a0\u00bb4&Prime; bottom_padding=\u00a0\u00bb4&Prime; overlay_alpha=\u00a0\u00bb50&Prime; gutter_size=\u00a0\u00bb3&Prime; column_width_percent=\u00a0\u00bb100&Prime; shift_y=\u00a0\u00bb0&Prime; z_index=\u00a0\u00bb0&Prime; uncode_shortcode_id=\u00a0\u00bb652438&Prime;][vc_column column_width_percent=\u00a0\u00bb100&Prime; position_horizontal=\u00a0\u00bbleft\u00a0\u00bb position_vertical=\u00a0\u00bbmiddle\u00a0\u00bb gutter_size=\u00a0\u00bb3&Prime; style=\u00a0\u00bblight\u00a0\u00bb overlay_alpha=\u00a0\u00bb50&Prime; shift_x=\u00a0\u00bb0&Prime; shift_y=\u00a0\u00bb0&Prime; shift_y_down=\u00a0\u00bb0&Prime; z_index=\u00a0\u00bb0&Prime; medium_width=\u00a0\u00bb0&Prime; mobile_width=\u00a0\u00bb0&Prime; width=\u00a0\u00bb1\/1&Prime; uncode_shortcode_id=\u00a0\u00bb110576&Prime;][vc_column_text uncode_shortcode_id=\u00a0\u00bb100109&Prime;]Cliquez sur le lien d\u00e9sir\u00e9 pour t\u00e9l\u00e9charger le fichier en format PDF.[\/vc_column_text][vc_button button_color=\u00a0\u00bbaccent\u00a0\u00bb size=\u00a0\u00bbbtn-lg\u00a0\u00bb radius=\u00a0\u00bbbtn-circle\u00a0\u00bb border_width=\u00a0\u00bb0&Prime; link=\u00a0\u00bburl:%2Fwp-content%2Fuploads%2F2023%2F09%2FRequete-Unimage-unifiee_2023_v2.pdf|target:_blank\u00a0\u00bb uncode_shortcode_id=\u00a0\u00bb102040&Prime; button_color_type=\u00a0\u00bbuncode-palette\u00a0\u00bb width=\u00a0\u00bb300&Prime;]Requ\u00eate[\/vc_button][vc_empty_space empty_h=\u00a0\u00bb1&Prime;][vc_row_inner][vc_column_inner column_width_percent=\u00a0\u00bb100&Prime; gutter_size=\u00a0\u00bb2&Prime; overlay_alpha=\u00a0\u00bb50&Prime; shift_x=\u00a0\u00bb0&Prime; shift_y=\u00a0\u00bb0&Prime; shift_y_down=\u00a0\u00bb0&Prime; z_index=\u00a0\u00bb0&Prime; medium_width=\u00a0\u00bb0&Prime; mobile_width=\u00a0\u00bb0&Prime; width=\u00a0\u00bb1\/2&Prime; uncode_shortcode_id=\u00a0\u00bb513219&Prime;][vc_custom_heading text_color=\u00a0\u00bbcolor-132177&Prime; text_weight=\u00a0\u00bb900&Prime; uncode_shortcode_id=\u00a0\u00bb155628&Prime; text_color_type=\u00a0\u00bbuncode-palette\u00a0\u00bb]R\u00e9sonance magn\u00e9tique (IRM)[\/vc_custom_heading][vc_button button_color=\u00a0\u00bbaccent\u00a0\u00bb size=\u00a0\u00bbbtn-lg\u00a0\u00bb radius=\u00a0\u00bbbtn-circle\u00a0\u00bb border_width=\u00a0\u00bb0&Prime; link=\u00a0\u00bburl:%2Fwp-content%2Fuploads%2F2022%2F06%2Fprescrip-lasalle-IRM.pdf|target:_blank\u00a0\u00bb uncode_shortcode_id=\u00a0\u00bb189431&Prime; button_color_type=\u00a0\u00bbuncode-palette\u00a0\u00bb width=\u00a0\u00bb300&Prime;]Prescription[\/vc_button][vc_button button_color=\u00a0\u00bbaccent\u00a0\u00bb size=\u00a0\u00bbbtn-lg\u00a0\u00bb radius=\u00a0\u00bbbtn-circle\u00a0\u00bb border_width=\u00a0\u00bb0&Prime; link=\u00a0\u00bburl:%2Fwp-content%2Fuploads%2F2022%2F06%2FQuestionnaire.pdf|target:_blank\u00a0\u00bb uncode_shortcode_id=\u00a0\u00bb188977&Prime; button_color_type=\u00a0\u00bbuncode-palette\u00a0\u00bb width=\u00a0\u00bb300&Prime;]Questionnaire[\/vc_button][\/vc_column_inner][vc_column_inner column_width_percent=\u00a0\u00bb100&Prime; gutter_size=\u00a0\u00bb2&Prime; overlay_alpha=\u00a0\u00bb50&Prime; shift_x=\u00a0\u00bb0&Prime; shift_y=\u00a0\u00bb0&Prime; shift_y_down=\u00a0\u00bb0&Prime; z_index=\u00a0\u00bb0&Prime; medium_width=\u00a0\u00bb0&Prime; mobile_width=\u00a0\u00bb0&Prime; width=\u00a0\u00bb1\/2&Prime; uncode_shortcode_id=\u00a0\u00bb200890&Prime;][vc_custom_heading text_color=\u00a0\u00bbcolor-132177&Prime; text_weight=\u00a0\u00bb900&Prime; uncode_shortcode_id=\u00a0\u00bb154269&Prime; text_color_type=\u00a0\u00bbuncode-palette\u00a0\u00bb]Autres examens[\/vc_custom_heading][vc_button button_color=\u00a0\u00bbaccent\u00a0\u00bb size=\u00a0\u00bbbtn-lg\u00a0\u00bb radius=\u00a0\u00bbbtn-circle\u00a0\u00bb border_width=\u00a0\u00bb0&Prime; link=\u00a0\u00bburl:%2Fwp-content%2Fuploads%2F2022%2F06%2Fpreparation.pdf|target:_blank\u00a0\u00bb uncode_shortcode_id=\u00a0\u00bb103812&Prime; button_color_type=\u00a0\u00bbuncode-palette\u00a0\u00bb width=\u00a0\u00bb300&Prime;]Pr\u00e9paration[\/vc_button][vc_button button_color=\u00a0\u00bbaccent\u00a0\u00bb size=\u00a0\u00bbbtn-lg\u00a0\u00bb radius=\u00a0\u00bbbtn-circle\u00a0\u00bb border_width=\u00a0\u00bb0&Prime; link=\u00a0\u00bburl:%2Fwp-content%2Fuploads%2F2022%2F06%2FPrescription.pdf|target:_blank\u00a0\u00bb uncode_shortcode_id=\u00a0\u00bb804053&Prime; button_color_type=\u00a0\u00bbuncode-palette\u00a0\u00bb width=\u00a0\u00bb300&Prime;]Prescription[\/vc_button][vc_button button_color=\u00a0\u00bbaccent\u00a0\u00bb size=\u00a0\u00bbbtn-lg\u00a0\u00bb radius=\u00a0\u00bbbtn-circle\u00a0\u00bb border_width=\u00a0\u00bb0&Prime; link=\u00a0\u00bburl:https%3A%2F%2Fwww.groupeunimage.com%2Fwp-content%2Fuploads%2F2023%2F04%2Fprescription_chiro.pdf|target:_blank\u00a0\u00bb uncode_shortcode_id=\u00a0\u00bb567118&Prime; button_color_type=\u00a0\u00bbuncode-palette\u00a0\u00bb width=\u00a0\u00bb300&Prime;]Chiropraticien[\/vc_button][\/vc_column_inner][\/vc_row_inner][vc_empty_space empty_h=\u00a0\u00bb1&Prime;][\/vc_column][\/vc_row]<\/p>\n<\/div>","protected":false},"excerpt":{"rendered":"<p>[vc_row row_height_percent=\u00a0\u00bb0&Prime; override_padding=\u00a0\u00bbyes\u00a0\u00bb h_padding=\u00a0\u00bb2&Prime; top_padding=\u00a0\u00bb4&Prime; bottom_padding=\u00a0\u00bb4&Prime; overlay_alpha=\u00a0\u00bb50&Prime; gutter_size=\u00a0\u00bb3&Prime; column_width_percent=\u00a0\u00bb100&Prime; shift_y=\u00a0\u00bb0&Prime; z_index=\u00a0\u00bb0&Prime; uncode_shortcode_id=\u00a0\u00bb652438&Prime;][vc_column column_width_percent=\u00a0\u00bb100&Prime; position_horizontal=\u00a0\u00bbleft\u00a0\u00bb position_vertical=\u00a0\u00bbmiddle\u00a0\u00bb gutter_size=\u00a0\u00bb3&Prime; style=\u00a0\u00bblight\u00a0\u00bb overlay_alpha=\u00a0\u00bb50&Prime; shift_x=\u00a0\u00bb0&Prime; shift_y=\u00a0\u00bb0&Prime; [&hellip;]<\/p>\n","protected":false},"author":1,"featured_media":0,"parent":0,"menu_order":0,"comment_status":"closed","ping_status":"closed","template":"","meta":{"footnotes":""},"class_list":["post-80877","page","type-page","status-publish","hentry","page_category-medecin"],"_links":{"self":[{"href":"https:\/\/www.groupeunimage.com\/index.php?rest_route=\/wp\/v2\/pages\/80877","targetHints":{"allow":["GET"]}}],"collection":[{"href":"https:\/\/www.groupeunimage.com\/index.php?rest_route=\/wp\/v2\/pages"}],"about":[{"href":"https:\/\/www.groupeunimage.com\/index.php?rest_route=\/wp\/v2\/types\/page"}],"author":[{"embeddable":true,"href":"https:\/\/www.groupeunimage.com\/index.php?rest_route=\/wp\/v2\/users\/1"}],"replies":[{"embeddable":true,"href":"https:\/\/www.groupeunimage.com\/index.php?rest_route=%2Fwp%2Fv2%2Fcomments&post=80877"}],"version-history":[{"count":22,"href":"https:\/\/www.groupeunimage.com\/index.php?rest_route=\/wp\/v2\/pages\/80877\/revisions"}],"predecessor-version":[{"id":111710,"href":"https:\/\/www.groupeunimage.com\/index.php?rest_route=\/wp\/v2\/pages\/80877\/revisions\/111710"}],"wp:attachment":[{"href":"https:\/\/www.groupeunimage.com\/index.php?rest_route=%2Fwp%2Fv2%2Fmedia&parent=80877"}],"curies":[{"name":"wp","href":"https:\/\/api.w.org\/{rel}","templated":true}]}}