{"id":80745,"date":"2022-06-02T19:44:54","date_gmt":"2022-06-02T19:44:54","guid":{"rendered":"https:\/\/www.groupeunimage.com\/?page_id=80745"},"modified":"2026-02-24T12:34:06","modified_gmt":"2026-02-24T12:34:06","slug":"emplois","status":"publish","type":"page","link":"https:\/\/www.groupeunimage.com\/?page_id=80745","title":{"rendered":"Emplois"},"content":{"rendered":"<div class=\"wpb-content-wrapper\"><p>[vc_row][vc_column column_width_percent=\u00a0\u00bb100&Prime; position_horizontal=\u00a0\u00bbleft\u00a0\u00bb position_vertical=\u00a0\u00bbmiddle\u00a0\u00bb gutter_size=\u00a0\u00bb3&Prime; style=\u00a0\u00bblight\u00a0\u00bb overlay_alpha=\u00a0\u00bb50&Prime; shift_x=\u00a0\u00bb0&Prime; shift_y=\u00a0\u00bb0&Prime; shift_y_down=\u00a0\u00bb0&Prime; z_index=\u00a0\u00bb0&Prime; medium_width=\u00a0\u00bb0&Prime; mobile_width=\u00a0\u00bb0&Prime; width=\u00a0\u00bb1\/1&Prime; uncode_shortcode_id=\u00a0\u00bb110576&Prime;][vc_custom_heading uncode_shortcode_id=\u00a0\u00bb141176&Prime;]Joignez-vous \u00e0 une \u00e9quipe dynamique[\/vc_custom_heading][vc_column_text uncode_shortcode_id=\u00a0\u00bb975370&Prime;]<strong>Groupe UnImage<\/strong> est le plus important centre d&rsquo;imagerie m\u00e9dicale du Sud-Ouest de Montr\u00e9al (Verdun, LaSalle, Lachine) et de l&rsquo;ouest de la Rive-Sud de Montr\u00e9al. Nous offrons tous les services d&rsquo;imagerie m\u00e9dicale avec des \u00e9quipements num\u00e9riques de derni\u00e8re g\u00e9n\u00e9ration.<\/p>\n<p><strong>Groupe UnImage<\/strong> met tout en \u0153uvre pour offrir le meilleur service, avec professionnalisme dans un environnement accueillant.<\/p>\n<p>Notre recette : le travail d&rsquo;\u00e9quipe, la comp\u00e9tence de notre personnel et assurer une bonne qualit\u00e9 de vie pour toutes et tous par le biais entre autres de nos activit\u00e9s sociales et de la conciliation travail-famille.<\/p>\n<p>Si vous voulez relever un beau d\u00e9fi, dans un environnement moderne avec une \u00e9quipe dynamique nous avons une place pour vous.[\/vc_column_text][vc_custom_heading uncode_shortcode_id=\u00a0\u00bb211587&Prime;]Emplois disponibles:[\/vc_custom_heading][vc_column_text uncode_shortcode_id=\u00a0\u00bb190649&Prime;]Poste ouvert :<\/p>\n<p>TECHNOLOGUE EN RADIODIAGNOSTIC SP\u00c9CIALIS\u00c9E EN MAMMOGRAPHIE<\/p>\n<p data-start=\"330\" data-end=\"359\">\u2728 Ce que nous offrons :<\/p>\n<p>-\u00c9quipement de tomosynth\u00e8se de derni\u00e8re g\u00e9n\u00e9ration<br \/>\n-Conciliation travail\u2013famille r\u00e9elle<br \/>\n-Environnement professionnel, humain et collaboratif<\/p>\n<p>Le Groupe UnImage est pour vous.<\/p>\n<p>Envoyez votre cv \u00e0 : info@groupeunimage.com[\/vc_column_text][vc_empty_space empty_h=\u00a0\u00bb1&Prime;][\/vc_column][\/vc_row]<\/p>\n<\/div>","protected":false},"excerpt":{"rendered":"<p>[vc_row][vc_column column_width_percent=\u00a0\u00bb100&Prime; position_horizontal=\u00a0\u00bbleft\u00a0\u00bb position_vertical=\u00a0\u00bbmiddle\u00a0\u00bb gutter_size=\u00a0\u00bb3&Prime; style=\u00a0\u00bblight\u00a0\u00bb overlay_alpha=\u00a0\u00bb50&Prime; shift_x=\u00a0\u00bb0&Prime; shift_y=\u00a0\u00bb0&Prime; shift_y_down=\u00a0\u00bb0&Prime; z_index=\u00a0\u00bb0&Prime; medium_width=\u00a0\u00bb0&Prime; mobile_width=\u00a0\u00bb0&Prime; width=\u00a0\u00bb1\/1&Prime; uncode_shortcode_id=\u00a0\u00bb110576&Prime;][vc_custom_heading uncode_shortcode_id=\u00a0\u00bb141176&Prime;]Joignez-vous \u00e0 une \u00e9quipe dynamique[\/vc_custom_heading][vc_column_text [&hellip;]<\/p>\n","protected":false},"author":1,"featured_media":0,"parent":0,"menu_order":0,"comment_status":"closed","ping_status":"closed","template":"","meta":{"footnotes":""},"class_list":["post-80745","page","type-page","status-publish","hentry","page_category-a-propos"],"_links":{"self":[{"href":"https:\/\/www.groupeunimage.com\/index.php?rest_route=\/wp\/v2\/pages\/80745","targetHints":{"allow":["GET"]}}],"collection":[{"href":"https:\/\/www.groupeunimage.com\/index.php?rest_route=\/wp\/v2\/pages"}],"about":[{"href":"https:\/\/www.groupeunimage.com\/index.php?rest_route=\/wp\/v2\/types\/page"}],"author":[{"embeddable":true,"href":"https:\/\/www.groupeunimage.com\/index.php?rest_route=\/wp\/v2\/users\/1"}],"replies":[{"embeddable":true,"href":"https:\/\/www.groupeunimage.com\/index.php?rest_route=%2Fwp%2Fv2%2Fcomments&post=80745"}],"version-history":[{"count":5,"href":"https:\/\/www.groupeunimage.com\/index.php?rest_route=\/wp\/v2\/pages\/80745\/revisions"}],"predecessor-version":[{"id":111915,"href":"https:\/\/www.groupeunimage.com\/index.php?rest_route=\/wp\/v2\/pages\/80745\/revisions\/111915"}],"wp:attachment":[{"href":"https:\/\/www.groupeunimage.com\/index.php?rest_route=%2Fwp%2Fv2%2Fmedia&parent=80745"}],"curies":[{"name":"wp","href":"https:\/\/api.w.org\/{rel}","templated":true}]}}