{"id":80743,"date":"2022-06-02T19:40:51","date_gmt":"2022-06-02T19:40:51","guid":{"rendered":"https:\/\/www.groupeunimage.com\/?page_id=80743"},"modified":"2022-09-14T17:04:07","modified_gmt":"2022-09-14T17:04:07","slug":"liens-utiles","status":"publish","type":"page","link":"https:\/\/www.groupeunimage.com\/?page_id=80743","title":{"rendered":"Liens utiles"},"content":{"rendered":"<div class=\"wpb-content-wrapper\"><p>[vc_row][vc_column column_width_percent=\u00a0\u00bb100&Prime; position_horizontal=\u00a0\u00bbleft\u00a0\u00bb position_vertical=\u00a0\u00bbmiddle\u00a0\u00bb gutter_size=\u00a0\u00bb3&Prime; style=\u00a0\u00bblight\u00a0\u00bb overlay_alpha=\u00a0\u00bb50&Prime; shift_x=\u00a0\u00bb0&Prime; shift_y=\u00a0\u00bb0&Prime; shift_y_down=\u00a0\u00bb0&Prime; z_index=\u00a0\u00bb0&Prime; medium_width=\u00a0\u00bb0&Prime; mobile_width=\u00a0\u00bb0&Prime; width=\u00a0\u00bb1\/1&Prime; uncode_shortcode_id=\u00a0\u00bb110576&Prime;][vc_column_text uncode_shortcode_id=\u00a0\u00bb804077&Prime;]<\/p>\n<p class=\"\">Groupe UnImage\u00a0<a href=\"http:\/\/www.groupeunimage.com\/\" target=\"_blank\" rel=\"noopener\">www.groupeunimage.com<\/a><\/p>\n<p class=\"\">American College of Radiology\u00a0<a href=\"http:\/\/www.acr.org\/\" target=\"_blank\" rel=\"noopener\">www.acr.org<\/a><\/p>\n<p class=\"\">Association canadienne de radioprotection\u00a0<a href=\"http:\/\/www.crpa-acrp.ca\/\" target=\"_blank\" rel=\"noopener\">www.crpa-acrp.ca<\/a><\/p>\n<p class=\"\">Association canadienne des radiologistes (CAR)\u00a0<a href=\"http:\/\/www.acr.com\/\" target=\"_blank\" rel=\"noopener\">www.acr.com<\/a><\/p>\n<p class=\"\">Association des m\u00e9decins sp\u00e9cialistes en m\u00e9decine nucl\u00e9aire du Qu\u00e9bec\u00a0<a href=\"http:\/\/www.medecinenucleaire.com\/\" target=\"_blank\" rel=\"noopener\">www.medecinenucleaire.com<\/a><\/p>\n<p class=\"\">Association des radiologistes du Qu\u00e9bec\u00a0<a href=\"http:\/\/www.arq.qc.ca\/\" target=\"_blank\" rel=\"noopener\">www.arq.qc.ca<\/a><\/p>\n<p class=\"\">D\u00e9partement de radiologie de l&rsquo;Universit\u00e9 de Montr\u00e9al\u00a0<a href=\"http:\/\/www.radiol.umontreal.ca\/\" target=\"_blank\" rel=\"noopener\">www.radiol.umontreal.ca<\/a><\/p>\n<p class=\"\">National Cancer Institute\u00a0<a href=\"http:\/\/www.cancer.gov\/\" target=\"_blank\" rel=\"noopener\">www.cancer.gov<\/a><\/p>\n<p id=\"cMTTdijglE_1620659571632\" class=\"hs-selected-ELEMENT hsClass_XygkzaXZuX\" data-hs-class=\"hsClass_XygkzaXZuX\">Ordre des technologues en radiologie du Qu\u00e9bec\u00a0<a href=\"http:\/\/www.otimroepmq.ca\/\" target=\"_blank\" rel=\"noopener\">www.otimroepmq.ca<\/a><\/p>\n<p class=\"\">Programme qu\u00e9b\u00e9cois de d\u00e9pistage du cancer du sein\u00a0<a href=\"http:\/\/www.msss.gouv.qc.ca\/sujets\/santepub\/pqdcs\/\" target=\"_blank\" rel=\"noopener\">www.msss.gouv.qc.ca\/sujets\/santepub\/pqdcs\/<\/a><\/p>\n<p class=\"\">Radiological Society of North America\u00a0<a href=\"http:\/\/www.rsna.org\/\" target=\"_blank\" rel=\"noopener\">www.rsna.org<\/a><\/p>\n<p class=\"\">Sant\u00e9 Canada\u00a0<a href=\"http:\/\/www.hc-sc.gc.ca\/\" target=\"_blank\" rel=\"noopener\">www.hc-sc.gc.ca<\/a><\/p>\n<p>Soci\u00e9t\u00e9 canadienne de m\u00e9decine nucl\u00e9aire\u00a0<a href=\"http:\/\/www.csnm-scmn.ca\/\" target=\"_blank\" rel=\"noopener\">www.csnm-scmn.ca<\/a><\/p>\n<p>Soci\u00e9t\u00e9 canadienne du cancer\u00a0<a href=\"http:\/\/www.cancer.ca\/\" target=\"_blank\" rel=\"noopener\">www.cancer.ca<\/a><\/p>\n<p>Soci\u00e9t\u00e9 canadienne-fran\u00e7aise de radiologie (SCFR)\u00a0<a href=\"http:\/\/www.arq.qc.ca\/\" target=\"_blank\" rel=\"noopener\">www.arq.qc.ca<\/a><\/p>\n<p>Soci\u00e9t\u00e9 fran\u00e7aise de radiologie (SFR)\u00a0<a href=\"http:\/\/www.sfr-radiologie.asso.fr\/\" target=\"_blank\" rel=\"noopener\">www.sfr-radiologie.asso.fr<\/a><\/p>\n<p>Centre d&rsquo;imagerie m\u00e9dicale R\u00e9soScan CLM\u00a0<a href=\"http:\/\/www.resoscan.com\/\" target=\"_blank\" rel=\"noopener\">www.resoscan.com<\/a>[\/vc_column_text][vc_empty_space empty_h=\u00a0\u00bb1&Prime;][\/vc_column][\/vc_row]<\/p>\n<\/div>","protected":false},"excerpt":{"rendered":"<p>[vc_row][vc_column column_width_percent=\u00a0\u00bb100&Prime; position_horizontal=\u00a0\u00bbleft\u00a0\u00bb position_vertical=\u00a0\u00bbmiddle\u00a0\u00bb gutter_size=\u00a0\u00bb3&Prime; style=\u00a0\u00bblight\u00a0\u00bb overlay_alpha=\u00a0\u00bb50&Prime; shift_x=\u00a0\u00bb0&Prime; shift_y=\u00a0\u00bb0&Prime; shift_y_down=\u00a0\u00bb0&Prime; z_index=\u00a0\u00bb0&Prime; medium_width=\u00a0\u00bb0&Prime; mobile_width=\u00a0\u00bb0&Prime; width=\u00a0\u00bb1\/1&Prime; uncode_shortcode_id=\u00a0\u00bb110576&Prime;][vc_column_text uncode_shortcode_id=\u00a0\u00bb804077&Prime;] Groupe UnImage\u00a0www.groupeunimage.com American College [&hellip;]<\/p>\n","protected":false},"author":1,"featured_media":0,"parent":0,"menu_order":0,"comment_status":"closed","ping_status":"closed","template":"","meta":{"footnotes":""},"class_list":["post-80743","page","type-page","status-publish","hentry","page_category-a-propos"],"_links":{"self":[{"href":"https:\/\/www.groupeunimage.com\/index.php?rest_route=\/wp\/v2\/pages\/80743","targetHints":{"allow":["GET"]}}],"collection":[{"href":"https:\/\/www.groupeunimage.com\/index.php?rest_route=\/wp\/v2\/pages"}],"about":[{"href":"https:\/\/www.groupeunimage.com\/index.php?rest_route=\/wp\/v2\/types\/page"}],"author":[{"embeddable":true,"href":"https:\/\/www.groupeunimage.com\/index.php?rest_route=\/wp\/v2\/users\/1"}],"replies":[{"embeddable":true,"href":"https:\/\/www.groupeunimage.com\/index.php?rest_route=%2Fwp%2Fv2%2Fcomments&post=80743"}],"version-history":[{"count":3,"href":"https:\/\/www.groupeunimage.com\/index.php?rest_route=\/wp\/v2\/pages\/80743\/revisions"}],"predecessor-version":[{"id":110666,"href":"https:\/\/www.groupeunimage.com\/index.php?rest_route=\/wp\/v2\/pages\/80743\/revisions\/110666"}],"wp:attachment":[{"href":"https:\/\/www.groupeunimage.com\/index.php?rest_route=%2Fwp%2Fv2%2Fmedia&parent=80743"}],"curies":[{"name":"wp","href":"https:\/\/api.w.org\/{rel}","templated":true}]}}