{"id":80664,"date":"2022-06-02T17:49:11","date_gmt":"2022-06-02T17:49:11","guid":{"rendered":"https:\/\/www.groupeunimage.com\/?page_id=80664"},"modified":"2026-04-14T19:57:27","modified_gmt":"2026-04-14T19:57:27","slug":"osteodensitometrie","status":"publish","type":"page","link":"https:\/\/www.groupeunimage.com\/?page_id=80664","title":{"rendered":"Ost\u00e9odensitom\u00e9trie"},"content":{"rendered":"<div class=\"wpb-content-wrapper\"><p>[vc_row row_height_percent=\u00a0\u00bb0&Prime; override_padding=\u00a0\u00bbyes\u00a0\u00bb h_padding=\u00a0\u00bb2&Prime; top_padding=\u00a0\u00bb0&Prime; bottom_padding=\u00a0\u00bb2&Prime; overlay_alpha=\u00a0\u00bb50&Prime; gutter_size=\u00a0\u00bb4&Prime; column_width_percent=\u00a0\u00bb100&Prime; shift_y=\u00a0\u00bb0&Prime; z_index=\u00a0\u00bb0&Prime; bottom_divider=\u00a0\u00bbswoosh-opacity\u00a0\u00bb][vc_column column_width_percent=\u00a0\u00bb100&Prime; position_horizontal=\u00a0\u00bbleft\u00a0\u00bb gutter_size=\u00a0\u00bb3&Prime; overlay_alpha=\u00a0\u00bb50&Prime; shift_x=\u00a0\u00bb0&Prime; shift_y=\u00a0\u00bb-4&Prime; shift_y_down=\u00a0\u00bb0&Prime; z_index=\u00a0\u00bb0&Prime; medium_width=\u00a0\u00bb3&Prime; mobile_width=\u00a0\u00bb0&Prime; width=\u00a0\u00bb2\/3&Prime; uncode_shortcode_id=\u00a0\u00bb160688&Prime;][vc_custom_heading text_color=\u00a0\u00bbcolor-132177&Prime; text_size=\u00a0\u00bbfontsize-207588&Prime; text_weight=\u00a0\u00bb900&Prime; uncode_shortcode_id=\u00a0\u00bb127035&Prime; text_color_type=\u00a0\u00bbuncode-palette\u00a0\u00bb heading_semantic=\u00a0\u00bbh1&Prime;]Ost\u00e9odensitom\u00e9trie[\/vc_custom_heading][vc_row_inner][vc_column_inner width=\u00a0\u00bb1\/2&Prime;][vc_icon position=\u00a0\u00bbleft\u00a0\u00bb icon=\u00a0\u00bbfa fa-check-square-o\u00a0\u00bb icon_color=\u00a0\u00bbcolor-132177&Prime; size=\u00a0\u00bbfa-2x\u00a0\u00bb text_size=\u00a0\u00bbh4&Prime; text_weight=\u00a0\u00bb900&Prime; uncode_shortcode_id=\u00a0\u00bb181319&Prime; title=\u00a0\u00bbSur rendez-vous seulement\u00a0\u00bb icon_color_type=\u00a0\u00bbuncode-palette\u00a0\u00bb][\/vc_icon][\/vc_column_inner][vc_column_inner width=\u00a0\u00bb1\/2&Prime;][vc_icon position=\u00a0\u00bbleft\u00a0\u00bb icon=\u00a0\u00bbfa fa-check-square-o\u00a0\u00bb icon_color=\u00a0\u00bbcolor-132177&Prime; size=\u00a0\u00bbfa-2x\u00a0\u00bb text_size=\u00a0\u00bbh4&Prime; text_weight=\u00a0\u00bb900&Prime; uncode_shortcode_id=\u00a0\u00bb240513&Prime; title=\u00a0\u00bbCouvert par la RAMQ\u00a0\u00bb icon_color_type=\u00a0\u00bbuncode-palette\u00a0\u00bb][\/vc_icon][\/vc_column_inner][\/vc_row_inner][vc_column_text text_lead=\u00a0\u00bbyes\u00a0\u00bb uncode_shortcode_id=\u00a0\u00bb141047&Prime;]<strong>L\u2019ost\u00e9odensitom\u00e9trie<\/strong> permet d\u2019\u00e9valuer la masse osseuse et le risque de fractures par ost\u00e9oporose<\/p>\n<p><strong>Description de l\u2019ost\u00e9odensitom\u00e9trie<\/strong> : L\u2019ost\u00e9oporose est une maladie qui cause l\u2019amincissement et la fragilisation des os. Normalement, le tissu osseux se renouvelle r\u00e9guli\u00e8rement. Lorsqu&rsquo;il y a ost\u00e9oporose, le nouveau tissu osseux n\u2019est pas produit en quantit\u00e9 suffisante pour remplacer le vieux tissu osseux \u00e9limin\u00e9. Ceci entra\u00eene une perte de la masse osseuse ou de la densit\u00e9 osseuse, pouvant ainsi conduire \u00e0 des fractures par fragilit\u00e9 \u00e0 la suite d&rsquo;un traumatisme l\u00e9ger.[\/vc_column_text][vc_row_inner][vc_column_inner column_width_percent=\u00a0\u00bb100&Prime; gutter_size=\u00a0\u00bb2&Prime; overlay_alpha=\u00a0\u00bb50&Prime; shift_x=\u00a0\u00bb0&Prime; shift_y=\u00a0\u00bb0&Prime; shift_y_down=\u00a0\u00bb0&Prime; z_index=\u00a0\u00bb0&Prime; medium_width=\u00a0\u00bb0&Prime; mobile_width=\u00a0\u00bb0&Prime; width=\u00a0\u00bb1\/1&Prime; uncode_shortcode_id=\u00a0\u00bb149884&Prime; css=\u00a0\u00bb.vc_custom_1654112685334{padding-left: 50px !important;}\u00a0\u00bb][vc_custom_heading text_color=\u00a0\u00bbaccent\u00a0\u00bb text_size=\u00a0\u00bbh4&Prime; text_weight=\u00a0\u00bb600&Prime; uncode_shortcode_id=\u00a0\u00bb607675&Prime; text_color_type=\u00a0\u00bbuncode-palette\u00a0\u00bb]Rendez-vous disponibles aux cliniques suivantes:[\/vc_custom_heading][vc_button button_color=\u00a0\u00bbaccent\u00a0\u00bb size=\u00a0\u00bbbtn-lg\u00a0\u00bb border_width=\u00a0\u00bb0&Prime; icon=\u00a0\u00bbfa fa-map-marker\u00a0\u00bb button_color_type=\u00a0\u00bbuncode-palette\u00a0\u00bb uncode_shortcode_id=\u00a0\u00bb169317&Prime; link=\u00a0\u00bburl:%2Fcliniques%2F%23lasalle|title:Cliniques\u00a0\u00bb width=\u00a0\u00bb360&Prime;]Radiologie LaSalle[\/vc_button][vc_button button_color=\u00a0\u00bbaccent\u00a0\u00bb size=\u00a0\u00bbbtn-lg\u00a0\u00bb border_width=\u00a0\u00bb0&Prime; icon=\u00a0\u00bbfa fa-map-marker\u00a0\u00bb button_color_type=\u00a0\u00bbuncode-palette\u00a0\u00bb uncode_shortcode_id=\u00a0\u00bb332574&Prime; link=\u00a0\u00bburl:%2Fcliniques%2F%23ids|title:Cliniques\u00a0\u00bb width=\u00a0\u00bb360&Prime;]RADIOLOGIE \u00ceLE-DES-SOEURS[\/vc_button][\/vc_column_inner][\/vc_row_inner][vc_accordion active_tab=\u00a0\u00bb0&Prime;][vc_accordion_tab gutter_size=\u00a0\u00bb2&Prime; column_padding=\u00a0\u00bb2&Prime; title=\u00a0\u00bbD\u00c9ROULEMENT DE L&rsquo;EXAMEN\u00a0\u00bb tab_id=\u00a0\u00bb1654030088-1-70&Prime;][vc_custom_heading text_color=\u00a0\u00bbcolor-wvjs\u00a0\u00bb text_size=\u00a0\u00bbh4&Prime; text_weight=\u00a0\u00bb400&Prime; uncode_shortcode_id=\u00a0\u00bb150133&Prime; text_color_type=\u00a0\u00bbuncode-palette\u00a0\u00bb]\u00c0 la suite de votre enregistrement, la technologue remplit avec vous un questionnaire et proc\u00e8de \u00e0 la prise de votre poids et de votre taille. Par la suite vous \u00eates allong\u00e9(e) confortablement sur la table d\u2019examen et la technologue proc\u00e8de \u00e0 la prise d\u2019images au niveau des vert\u00e8bres lombaires et de la hanche. Par apr\u00e8s, des radiographies en incidence lat\u00e9rale de votre colonne dorsale et lombaire sont faites. Les mesures obtenues et les radiographies sont ensuite analys\u00e9es par le m\u00e9decin radiologue.[\/vc_custom_heading][\/vc_accordion_tab][vc_accordion_tab gutter_size=\u00a0\u00bb2&Prime; column_padding=\u00a0\u00bb2&Prime; title=\u00a0\u00bbDUR\u00c9E\u00a0\u00bb tab_id=\u00a0\u00bb1654031668705-2-10&Prime;][vc_custom_heading text_color=\u00a0\u00bbcolor-wvjs\u00a0\u00bb text_size=\u00a0\u00bbh4&Prime; text_weight=\u00a0\u00bb400&Prime; uncode_shortcode_id=\u00a0\u00bb941674&Prime; text_color_type=\u00a0\u00bbuncode-palette\u00a0\u00bb]La dur\u00e9e de l\u2019examen est d\u2019environ 30 minutes.[\/vc_custom_heading][\/vc_accordion_tab][vc_accordion_tab gutter_size=\u00a0\u00bb2&Prime; column_padding=\u00a0\u00bb2&Prime; title=\u00a0\u00bbTYPES D&rsquo;EXAMENS ET TARIFS\u00a0\u00bb tab_id=\u00a0\u00bb1654031679808-3-3&Prime;][vc_custom_heading text_color=\u00a0\u00bbcolor-wvjs\u00a0\u00bb text_size=\u00a0\u00bbh4&Prime; text_weight=\u00a0\u00bb400&Prime; uncode_shortcode_id=\u00a0\u00bb116398&Prime; text_color_type=\u00a0\u00bbuncode-palette\u00a0\u00bb]<strong>Aucun frais, couverte par la RAMQ.<\/strong> (Un seul examen par ann\u00e9e.)<\/p>\n<ul>\n<li>5 $, pour chaque copie du rapport pour dossier personnel<\/li>\n<li>10 $, pour chaque copie de CD pour dossier personnel<\/li>\n<\/ul>\n<p>[\/vc_custom_heading][\/vc_accordion_tab][\/vc_accordion][\/vc_column][vc_column column_width_percent=\u00a0\u00bb100&Prime; position_horizontal=\u00a0\u00bbright\u00a0\u00bb align_horizontal=\u00a0\u00bbalign_center\u00a0\u00bb gutter_size=\u00a0\u00bb2&Prime; style=\u00a0\u00bbdark\u00a0\u00bb back_color=\u00a0\u00bbaccent\u00a0\u00bb overlay_alpha=\u00a0\u00bb50&Prime; border_color=\u00a0\u00bbaccent\u00a0\u00bb border_style=\u00a0\u00bbsolid\u00a0\u00bb shift_x=\u00a0\u00bb0&Prime; shift_y=\u00a0\u00bb0&Prime; shift_y_down=\u00a0\u00bb0&Prime; z_index=\u00a0\u00bb0&Prime; medium_width=\u00a0\u00bb0&Prime; mobile_width=\u00a0\u00bb0&Prime; width=\u00a0\u00bb1\/3&Prime; css=\u00a0\u00bb.vc_custom_1671474389206{border-top-width: 1px !important;border-right-width: 1px !important;border-bottom-width: 1px !important;border-left-width: 1px !important;padding-top: 30px !important;padding-right: 30px !important;padding-bottom: 30px !important;padding-left: 30px !important;}\u00a0\u00bb uncode_shortcode_id=\u00a0\u00bb989270&Prime; back_color_type=\u00a0\u00bbuncode-palette\u00a0\u00bb border_color_type=\u00a0\u00bbuncode-palette\u00a0\u00bb][vc_custom_heading text_weight=\u00a0\u00bb900&Prime; uncode_shortcode_id=\u00a0\u00bb373905&Prime;]En ligne[\/vc_custom_heading][vc_button radius=\u00a0\u00bbbtn-circle\u00a0\u00bb border_width=\u00a0\u00bb0&Prime; el_class=\u00a0\u00bbpopmake-80549&Prime; uncode_shortcode_id=\u00a0\u00bb185762&Prime;]Prendre un rendez-vous[\/vc_button][vc_custom_heading text_weight=\u00a0\u00bb900&Prime;]Par t\u00e9l\u00e9phone[\/vc_custom_heading][vc_button wide=\u00a0\u00bbyes\u00a0\u00bb border_width=\u00a0\u00bb0&Prime; link=\u00a0\u00bburl:tel%3A514%20365-7766|target:_blank\u00a0\u00bb uncode_shortcode_id=\u00a0\u00bb141249&Prime;]LaSalle &#8211; 514 365-7766[\/vc_button][vc_button wide=\u00a0\u00bbyes\u00a0\u00bb border_width=\u00a0\u00bb0&Prime; link=\u00a0\u00bburl:tel%3A514%20687-2323|target:_blank\u00a0\u00bb uncode_shortcode_id=\u00a0\u00bb376790&Prime;]\u00ceLE-DES-SOEURS &#8211; 514 687-2323[\/vc_button][\/vc_column][\/vc_row][vc_row unlock_row_content=\u00a0\u00bbyes\u00a0\u00bb row_height_percent=\u00a0\u00bb5&Prime; override_padding=\u00a0\u00bbyes\u00a0\u00bb h_padding=\u00a0\u00bb2&Prime; top_padding=\u00a0\u00bb3&Prime; bottom_padding=\u00a0\u00bb7&Prime; overlay_alpha=\u00a0\u00bb0&Prime; gutter_size=\u00a0\u00bb100&Prime; column_width_percent=\u00a0\u00bb100&Prime; shift_y=\u00a0\u00bb0&Prime; z_index=\u00a0\u00bb0&Prime; enable_bottom_divider=\u00a0\u00bbdefault\u00a0\u00bb bottom_divider=\u00a0\u00bbswoosh-opacity\u00a0\u00bb shape_bottom_h_use_pixel=\u00a0\u00bb\u00a0\u00bb shape_bottom_height=\u00a0\u00bb400&Prime; shape_bottom_color=\u00a0\u00bbcolor-132177&Prime; shape_bottom_opacity=\u00a0\u00bb100&Prime; shape_bottom_index=\u00a0\u00bb2&Prime; style=\u00a0\u00bbinherited\u00a0\u00bb row_name=\u00a0\u00bbGallery\u00a0\u00bb][vc_column column_width_percent=\u00a0\u00bb100&Prime; align_horizontal=\u00a0\u00bbalign_center\u00a0\u00bb gutter_size=\u00a0\u00bb4&Prime; style=\u00a0\u00bbdark\u00a0\u00bb overlay_alpha=\u00a0\u00bb100&Prime; shift_x=\u00a0\u00bb0&Prime; shift_y=\u00a0\u00bb0&Prime; shift_y_down=\u00a0\u00bb0&Prime; z_index=\u00a0\u00bb0&Prime; medium_width=\u00a0\u00bb0&Prime; mobile_width=\u00a0\u00bb0&Prime; zoom_width=\u00a0\u00bb0&Prime; zoom_height=\u00a0\u00bb0&Prime; width=\u00a0\u00bb1\/1&Prime; mobile_width_full=\u00a0\u00bb\u00a0\u00bb][\/vc_column][\/vc_row][vc_row row_height_percent=\u00a0\u00bb0&Prime; override_padding=\u00a0\u00bbyes\u00a0\u00bb h_padding=\u00a0\u00bb2&Prime; top_padding=\u00a0\u00bb2&Prime; bottom_padding=\u00a0\u00bb2&Prime; back_color=\u00a0\u00bbcolor-132177&Prime; overlay_alpha=\u00a0\u00bb0&Prime; gutter_size=\u00a0\u00bb100&Prime; column_width_percent=\u00a0\u00bb100&Prime; shift_y=\u00a0\u00bb0&Prime; z_index=\u00a0\u00bb0&Prime; bottom_divider=\u00a0\u00bbswoosh-opacity\u00a0\u00bb style=\u00a0\u00bbinherited\u00a0\u00bb row_name=\u00a0\u00bbGallery\u00a0\u00bb][vc_column column_width_percent=\u00a0\u00bb100&Prime; gutter_size=\u00a0\u00bb3&Prime; override_padding=\u00a0\u00bbyes\u00a0\u00bb column_padding=\u00a0\u00bb0&Prime; style=\u00a0\u00bbdark\u00a0\u00bb overlay_alpha=\u00a0\u00bb50&Prime; shift_x=\u00a0\u00bb0&Prime; shift_y=\u00a0\u00bb0&Prime; shift_y_down=\u00a0\u00bb0&Prime; z_index=\u00a0\u00bb0&Prime; medium_width=\u00a0\u00bb0&Prime; mobile_width=\u00a0\u00bb0&Prime; width=\u00a0\u00bb1\/1&Prime;][vc_custom_heading text_size=\u00a0\u00bbh1&Prime; text_weight=\u00a0\u00bb900&Prime; sub_reduced=\u00a0\u00bbyes\u00a0\u00bb]Pr\u00e9paration[\/vc_custom_heading][vc_row_inner][vc_column_inner column_width_percent=\u00a0\u00bb100&Prime; gutter_size=\u00a0\u00bb3&Prime; override_padding=\u00a0\u00bbyes\u00a0\u00bb column_padding=\u00a0\u00bb0&Prime; style=\u00a0\u00bbdark\u00a0\u00bb overlay_alpha=\u00a0\u00bb50&Prime; shift_x=\u00a0\u00bb0&Prime; shift_y=\u00a0\u00bb0&Prime; shift_y_down=\u00a0\u00bb0&Prime; z_index=\u00a0\u00bb0&Prime; medium_width=\u00a0\u00bb0&Prime; mobile_width=\u00a0\u00bb0&Prime; width=\u00a0\u00bb1\/1&Prime;][vc_column_text text_lead=\u00a0\u00bbyes\u00a0\u00bb uncode_shortcode_id=\u00a0\u00bb140039&Prime;]<\/p>\n<ul>\n<li>Ne prendre aucun suppl\u00e9ment de calcium 48 h avant l\u2019examen.<\/li>\n<li>N\u2019avoir eu aucun examen avec colorant (baryum ou examen de m\u00e9decine nucl\u00e9aire) 10 jours avant l&rsquo;examen.<\/li>\n<\/ul>\n<p><strong>Au moment de vous pr\u00e9senter pour votre examen, assurez-vous d\u2019avoir : <\/strong><\/p>\n<ul>\n<li>La requ\u00eate d\u2019examen originale sign\u00e9e par votre m\u00e9decin<\/li>\n<li>Votre carte d\u2019assurance maladie (RAMQ) valide<\/li>\n<\/ul>\n<p>[\/vc_column_text][\/vc_column_inner][\/vc_row_inner][\/vc_column][\/vc_row][vc_row row_height_percent=\u00a0\u00bb0&Prime; override_padding=\u00a0\u00bbyes\u00a0\u00bb h_padding=\u00a0\u00bb2&Prime; top_padding=\u00a0\u00bb0&Prime; bottom_padding=\u00a0\u00bb7&Prime; back_color=\u00a0\u00bbcolor-wayh\u00a0\u00bb back_image=\u00a0\u00bb110692&Prime; back_attachment=\u00a0\u00bbfixed\u00a0\u00bb back_position=\u00a0\u00bbcenter center\u00a0\u00bb overlay_color=\u00a0\u00bbcolor-jevc\u00a0\u00bb overlay_alpha=\u00a0\u00bb75&Prime; gutter_size=\u00a0\u00bb100&Prime; column_width_percent=\u00a0\u00bb100&Prime; shift_y=\u00a0\u00bb0&Prime; z_index=\u00a0\u00bb0&Prime; enable_top_divider=\u00a0\u00bbdefault\u00a0\u00bb top_divider=\u00a0\u00bbswoosh-opacity\u00a0\u00bb shape_top_h_use_pixel=\u00a0\u00bb\u00a0\u00bb shape_top_height=\u00a0\u00bb200&Prime; shape_top_color=\u00a0\u00bbcolor-132177&Prime; shape_top_opacity=\u00a0\u00bb100&Prime; shape_top_safe=\u00a0\u00bbyes\u00a0\u00bb shape_top_index=\u00a0\u00bb0&Prime; enable_bottom_divider=\u00a0\u00bbdefault\u00a0\u00bb bottom_divider=\u00a0\u00bbswoosh-opacity\u00a0\u00bb shape_bottom_flip=\u00a0\u00bbyes\u00a0\u00bb shape_bottom_h_use_pixel=\u00a0\u00bb\u00a0\u00bb shape_bottom_height=\u00a0\u00bb250&Prime; shape_bottom_color=\u00a0\u00bbcolor-xsdn\u00a0\u00bb shape_bottom_opacity=\u00a0\u00bb100&Prime; shape_bottom_index=\u00a0\u00bb0&Prime; style=\u00a0\u00bbinherited\u00a0\u00bb el_class=\u00a0\u00bbgradient\u00a0\u00bb uncode_shortcode_id=\u00a0\u00bb145597&Prime; back_color_type=\u00a0\u00bbuncode-palette\u00a0\u00bb overlay_color_type=\u00a0\u00bbuncode-palette\u00a0\u00bb shape_top_color_type=\u00a0\u00bbuncode-palette\u00a0\u00bb back_size=\u00a0\u00bbcover\u00a0\u00bb shape_bottom_color_type=\u00a0\u00bbuncode-palette\u00a0\u00bb][vc_column column_width_use_pixel=\u00a0\u00bbyes\u00a0\u00bb position_vertical=\u00a0\u00bbmiddle\u00a0\u00bb gutter_size=\u00a0\u00bb2&Prime; overlay_alpha=\u00a0\u00bb100&Prime; shift_x=\u00a0\u00bb0&Prime; shift_y=\u00a0\u00bb0&Prime; shift_y_down=\u00a0\u00bb0&Prime; z_index=\u00a0\u00bb0&Prime; medium_width=\u00a0\u00bb0&Prime; mobile_width=\u00a0\u00bb0&Prime; css_animation=\u00a0\u00bbzoom-in\u00a0\u00bb animation_speed=\u00a0\u00bb600&Prime; animation_delay=\u00a0\u00bb200&Prime; zoom_width=\u00a0\u00bb0&Prime; zoom_height=\u00a0\u00bb0&Prime; width=\u00a0\u00bb1\/1&Prime; column_width_pixel=\u00a0\u00bb900&Prime;][vc_custom_heading text_color=\u00a0\u00bbcolor-xsdn\u00a0\u00bb text_size=\u00a0\u00bbh1&Prime; text_weight=\u00a0\u00bb700&Prime; sub_lead=\u00a0\u00bbyes\u00a0\u00bb uncode_shortcode_id=\u00a0\u00bb255893&Prime; text_color_type=\u00a0\u00bbuncode-palette\u00a0\u00bb]Causes et facteurs de risque[\/vc_custom_heading][vc_custom_heading text_color=\u00a0\u00bbcolor-xsdn\u00a0\u00bb text_size=\u00a0\u00bbh4&Prime; text_weight=\u00a0\u00bb300&Prime; uncode_shortcode_id=\u00a0\u00bb118415&Prime; text_color_type=\u00a0\u00bbuncode-palette\u00a0\u00bb]<strong>L\u2019ost\u00e9oporose<\/strong> n\u2019est pas uniquement reli\u00e9e au vieillissement. Parmi les facteurs qui peuvent accro\u00eetre le risque d\u2019ost\u00e9oporose on retrouve :<\/p>\n<ul>\n<li>\u00c2ge : 65 ans et plus<\/li>\n<li>La m\u00e9nopause pr\u00e9coce (par manque de certaines hormones (\u0153strog\u00e8ne)<\/li>\n<li>La prise de corticost\u00e9ro\u00efdes (exemple la cortisone)<\/li>\n<li>Certains modes de vie (tabagisme, alcoolisme, manque d\u2019exercice..)<\/li>\n<li>Alimentation pauvre en calcium et en vitamine D<\/li>\n<li>Ant\u00e9c\u00e9dents familiaux d\u2019ost\u00e9oporose<\/li>\n<li>Certaines maladies (Crohn, maladie c\u0153liaque, polyarthrite rhumato\u00efde\u2026)<\/li>\n<\/ul>\n<p>[\/vc_custom_heading][vc_custom_heading text_color=\u00a0\u00bbcolor-xsdn\u00a0\u00bb text_size=\u00a0\u00bbh1&Prime; text_weight=\u00a0\u00bb700&Prime; sub_lead=\u00a0\u00bbyes\u00a0\u00bb uncode_shortcode_id=\u00a0\u00bb114511&Prime; text_color_type=\u00a0\u00bbuncode-palette\u00a0\u00bb]Types de fractures[\/vc_custom_heading][vc_custom_heading text_color=\u00a0\u00bbcolor-xsdn\u00a0\u00bb text_size=\u00a0\u00bbh4&Prime; text_weight=\u00a0\u00bb300&Prime; uncode_shortcode_id=\u00a0\u00bb100072&Prime; text_color_type=\u00a0\u00bbuncode-palette\u00a0\u00bb]Les fractures les plus fr\u00e9quentes surviennent \u00e0 la colonne vert\u00e9brale et \u00e0 la hanche (par exemple \u00e0 la suite d&rsquo;une chute).<\/p>\n<p>Les fractures vert\u00e9brales, par \u00e9crasement graduel, peuvent passer inaper\u00e7ues et entrainer une perte de taille ou une posture courb\u00e9e. Ces fractures ne sont pas toujours accompagn\u00e9es de douleur. Seulement un tiers de toutes les fractures vert\u00e9brales seront port\u00e9es \u00e0 l\u2019attention du m\u00e9decin.[\/vc_custom_heading][vc_custom_heading text_color=\u00a0\u00bbcolor-xsdn\u00a0\u00bb text_size=\u00a0\u00bbh1&Prime; text_weight=\u00a0\u00bb700&Prime; sub_lead=\u00a0\u00bbyes\u00a0\u00bb uncode_shortcode_id=\u00a0\u00bb933189&Prime; text_color_type=\u00a0\u00bbuncode-palette\u00a0\u00bb]Pr\u00e9vention et traitement[\/vc_custom_heading][vc_custom_heading text_color=\u00a0\u00bbcolor-xsdn\u00a0\u00bb text_size=\u00a0\u00bbh4&Prime; text_weight=\u00a0\u00bb300&Prime; uncode_shortcode_id=\u00a0\u00bb456649&Prime; text_color_type=\u00a0\u00bbuncode-palette\u00a0\u00bb]Il est important de pr\u00e9venir et de d\u00e9pister la population \u00e0 risque d\u2019ost\u00e9oporose pour instaurer un traitement et diminuer ainsi les risques de fractures. La pr\u00e9vention et le traitement comprennent:<\/p>\n<ul>\n<li>Avoir un apport r\u00e9gulier de calcium et de vitamine D<\/li>\n<li>Exercices (comme la marche, l\u2019entrainement aux poids ou la mont\u00e9e des escaliers)<\/li>\n<li>Un mode de vie sain, sans fum\u00e9e et sans apport excessif d\u2019alcool<\/li>\n<li>Prise de m\u00e9dicaments sous supervision m\u00e9dicale (tels les bisphosphonates&#8230;)<\/li>\n<\/ul>\n<p>[\/vc_custom_heading][vc_empty_space empty_h=\u00a0\u00bb2&Prime;][\/vc_column][\/vc_row][vc_row][vc_column width=\u00a0\u00bb1\/1&Prime;][uncode_block id=\u00a0\u00bb80509&Prime;][\/vc_column][\/vc_row]<\/p>\n<\/div>","protected":false},"excerpt":{"rendered":"<p>[vc_row row_height_percent=\u00a0\u00bb0&Prime; override_padding=\u00a0\u00bbyes\u00a0\u00bb h_padding=\u00a0\u00bb2&Prime; top_padding=\u00a0\u00bb0&Prime; bottom_padding=\u00a0\u00bb2&Prime; overlay_alpha=\u00a0\u00bb50&Prime; gutter_size=\u00a0\u00bb4&Prime; column_width_percent=\u00a0\u00bb100&Prime; shift_y=\u00a0\u00bb0&Prime; z_index=\u00a0\u00bb0&Prime; bottom_divider=\u00a0\u00bbswoosh-opacity\u00a0\u00bb][vc_column column_width_percent=\u00a0\u00bb100&Prime; position_horizontal=\u00a0\u00bbleft\u00a0\u00bb gutter_size=\u00a0\u00bb3&Prime; overlay_alpha=\u00a0\u00bb50&Prime; shift_x=\u00a0\u00bb0&Prime; shift_y=\u00a0\u00bb-4&Prime; shift_y_down=\u00a0\u00bb0&Prime; z_index=\u00a0\u00bb0&Prime; [&hellip;]<\/p>\n","protected":false},"author":1,"featured_media":0,"parent":0,"menu_order":0,"comment_status":"closed","ping_status":"closed","template":"","meta":{"footnotes":""},"class_list":["post-80664","page","type-page","status-publish","hentry","page_category-services"],"_links":{"self":[{"href":"https:\/\/www.groupeunimage.com\/index.php?rest_route=\/wp\/v2\/pages\/80664","targetHints":{"allow":["GET"]}}],"collection":[{"href":"https:\/\/www.groupeunimage.com\/index.php?rest_route=\/wp\/v2\/pages"}],"about":[{"href":"https:\/\/www.groupeunimage.com\/index.php?rest_route=\/wp\/v2\/types\/page"}],"author":[{"embeddable":true,"href":"https:\/\/www.groupeunimage.com\/index.php?rest_route=\/wp\/v2\/users\/1"}],"replies":[{"embeddable":true,"href":"https:\/\/www.groupeunimage.com\/index.php?rest_route=%2Fwp%2Fv2%2Fcomments&post=80664"}],"version-history":[{"count":20,"href":"https:\/\/www.groupeunimage.com\/index.php?rest_route=\/wp\/v2\/pages\/80664\/revisions"}],"predecessor-version":[{"id":112018,"href":"https:\/\/www.groupeunimage.com\/index.php?rest_route=\/wp\/v2\/pages\/80664\/revisions\/112018"}],"wp:attachment":[{"href":"https:\/\/www.groupeunimage.com\/index.php?rest_route=%2Fwp%2Fv2%2Fmedia&parent=80664"}],"curies":[{"name":"wp","href":"https:\/\/api.w.org\/{rel}","templated":true}]}}