{"id":80645,"date":"2022-06-02T17:28:33","date_gmt":"2022-06-02T17:28:33","guid":{"rendered":"https:\/\/www.groupeunimage.com\/?page_id=80645"},"modified":"2026-04-14T19:57:30","modified_gmt":"2026-04-14T19:57:30","slug":"radiologie-specialisee","status":"publish","type":"page","link":"https:\/\/www.groupeunimage.com\/?page_id=80645","title":{"rendered":"Radiologie sp\u00e9cialis\u00e9e"},"content":{"rendered":"<div class=\"wpb-content-wrapper\"><p>[vc_row row_height_percent=\u00a0\u00bb0&Prime; override_padding=\u00a0\u00bbyes\u00a0\u00bb h_padding=\u00a0\u00bb2&Prime; top_padding=\u00a0\u00bb0&Prime; bottom_padding=\u00a0\u00bb2&Prime; overlay_alpha=\u00a0\u00bb50&Prime; gutter_size=\u00a0\u00bb4&Prime; column_width_percent=\u00a0\u00bb100&Prime; shift_y=\u00a0\u00bb0&Prime; z_index=\u00a0\u00bb0&Prime; bottom_divider=\u00a0\u00bbswoosh-opacity\u00a0\u00bb][vc_column column_width_percent=\u00a0\u00bb100&Prime; position_horizontal=\u00a0\u00bbleft\u00a0\u00bb gutter_size=\u00a0\u00bb3&Prime; overlay_alpha=\u00a0\u00bb50&Prime; shift_x=\u00a0\u00bb0&Prime; shift_y=\u00a0\u00bb-4&Prime; shift_y_down=\u00a0\u00bb0&Prime; z_index=\u00a0\u00bb0&Prime; medium_width=\u00a0\u00bb3&Prime; mobile_width=\u00a0\u00bb0&Prime; width=\u00a0\u00bb2\/3&Prime; uncode_shortcode_id=\u00a0\u00bb160688&Prime;][vc_custom_heading text_color=\u00a0\u00bbcolor-132177&Prime; text_size=\u00a0\u00bbfontsize-207588&Prime; text_weight=\u00a0\u00bb900&Prime; uncode_shortcode_id=\u00a0\u00bb140256&Prime; text_color_type=\u00a0\u00bbuncode-palette\u00a0\u00bb heading_semantic=\u00a0\u00bbh1&Prime;]Radiologie sp\u00e9cialis\u00e9e[\/vc_custom_heading][vc_row_inner][vc_column_inner width=\u00a0\u00bb1\/2&Prime;][vc_icon position=\u00a0\u00bbleft\u00a0\u00bb icon=\u00a0\u00bbfa fa-check-square-o\u00a0\u00bb icon_color=\u00a0\u00bbcolor-132177&Prime; size=\u00a0\u00bbfa-2x\u00a0\u00bb text_size=\u00a0\u00bbh4&Prime; text_weight=\u00a0\u00bb900&Prime; uncode_shortcode_id=\u00a0\u00bb961792&Prime; title=\u00a0\u00bbSur rendez-vous seulement\u00a0\u00bb icon_color_type=\u00a0\u00bbuncode-palette\u00a0\u00bb][\/vc_icon][\/vc_column_inner][vc_column_inner width=\u00a0\u00bb1\/2&Prime;][vc_icon position=\u00a0\u00bbleft\u00a0\u00bb icon=\u00a0\u00bbfa fa-check-square-o\u00a0\u00bb icon_color=\u00a0\u00bbcolor-132177&Prime; size=\u00a0\u00bbfa-2x\u00a0\u00bb text_size=\u00a0\u00bbh4&Prime; text_weight=\u00a0\u00bb900&Prime; uncode_shortcode_id=\u00a0\u00bb710825&Prime; title=\u00a0\u00bbCouvert par la RAMQ\u00a0\u00bb icon_color_type=\u00a0\u00bbuncode-palette\u00a0\u00bb][\/vc_icon][\/vc_column_inner][\/vc_row_inner][vc_column_text text_lead=\u00a0\u00bbyes\u00a0\u00bb uncode_shortcode_id=\u00a0\u00bb890779&Prime;]La radiologie sp\u00e9cialis\u00e9e, faite \u00e0 l\u2019aide de rayons-x, requiert g\u00e9n\u00e9ralement l\u2019absorption, l\u2019introduction ou l\u2019injection de produits de contraste selon le type d\u2019examen demand\u00e9.<\/p>\n<p>Par exemple la radiologie digestive permet \u00e0 l\u2019aide de baryum (liquide blanc opaque aux rayons-X) d\u2019\u00e9tudier l\u2019int\u00e9rieur du syst\u00e8me digestif.<\/p>\n<p>Les infiltrations articulaires consistent \u00e0 injecter un m\u00e9lange d\u2019anti-inflammatoire et d\u2019anesth\u00e9sique dans ou autour d\u2019une articulation pour soulager les douleurs souvent dues \u00e0 de l\u2019arthrose ou \u00e0 de l\u2019inflammation.[\/vc_column_text][vc_row_inner][vc_column_inner column_width_percent=\u00a0\u00bb100&Prime; gutter_size=\u00a0\u00bb2&Prime; overlay_alpha=\u00a0\u00bb50&Prime; shift_x=\u00a0\u00bb0&Prime; shift_y=\u00a0\u00bb0&Prime; shift_y_down=\u00a0\u00bb0&Prime; z_index=\u00a0\u00bb0&Prime; medium_width=\u00a0\u00bb0&Prime; mobile_width=\u00a0\u00bb0&Prime; width=\u00a0\u00bb1\/1&Prime; uncode_shortcode_id=\u00a0\u00bb149884&Prime; css=\u00a0\u00bb.vc_custom_1654112685334{padding-left: 50px !important;}\u00a0\u00bb][vc_custom_heading text_color=\u00a0\u00bbaccent\u00a0\u00bb text_size=\u00a0\u00bbh4&Prime; text_weight=\u00a0\u00bb600&Prime; uncode_shortcode_id=\u00a0\u00bb146485&Prime; text_color_type=\u00a0\u00bbuncode-palette\u00a0\u00bb]Rendez-vous disponibles \u00e0 la clinique suivante:[\/vc_custom_heading][vc_button button_color=\u00a0\u00bbaccent\u00a0\u00bb size=\u00a0\u00bbbtn-lg\u00a0\u00bb border_width=\u00a0\u00bb0&Prime; icon=\u00a0\u00bbfa fa-map-marker\u00a0\u00bb button_color_type=\u00a0\u00bbuncode-palette\u00a0\u00bb uncode_shortcode_id=\u00a0\u00bb238122&Prime; link=\u00a0\u00bburl:%2Fcliniques%2F%23lasalle|title:Cliniques\u00a0\u00bb]Radiologie LaSalle[\/vc_button][\/vc_column_inner][\/vc_row_inner][vc_accordion active_tab=\u00a0\u00bb0&Prime;][vc_accordion_tab gutter_size=\u00a0\u00bb2&Prime; column_padding=\u00a0\u00bb2&Prime; title=\u00a0\u00bbEXAMEN\u00a0\u00bb tab_id=\u00a0\u00bb1654030088-1-70&Prime;][vc_custom_heading text_color=\u00a0\u00bbcolor-wvjs\u00a0\u00bb text_size=\u00a0\u00bbh4&Prime; text_weight=\u00a0\u00bb400&Prime; uncode_shortcode_id=\u00a0\u00bb130942&Prime; text_color_type=\u00a0\u00bbuncode-palette\u00a0\u00bb]<strong>Examens digestifs couverts totalement par la RAMQ<\/strong><\/p>\n<p>Arthrographie th\u00e9rapeutique<\/p>\n<p>Arthrographie distensive de l\u2019\u00e9paule<\/p>\n<p>Bloc facettaire cervical et lombaire[\/vc_custom_heading][\/vc_accordion_tab][vc_accordion_tab gutter_size=\u00a0\u00bb2&Prime; column_padding=\u00a0\u00bb2&Prime; title=\u00a0\u00bbDUR\u00c9E\u00a0\u00bb tab_id=\u00a0\u00bb1654031668705-2-10&Prime;][vc_custom_heading text_color=\u00a0\u00bbcolor-wvjs\u00a0\u00bb text_size=\u00a0\u00bbh4&Prime; text_weight=\u00a0\u00bb400&Prime; uncode_shortcode_id=\u00a0\u00bb348053&Prime; text_color_type=\u00a0\u00bbuncode-palette\u00a0\u00bb]La dur\u00e9e des examens de radiologie sp\u00e9cialis\u00e9e varie entre 15 et 30 minutes.[\/vc_custom_heading][\/vc_accordion_tab][vc_accordion_tab gutter_size=\u00a0\u00bb2&Prime; column_padding=\u00a0\u00bb2&Prime; title=\u00a0\u00bbTYPES D&rsquo;EXAMENS ET TARIFS\u00a0\u00bb tab_id=\u00a0\u00bb1654031679808-3-3&Prime;][vc_custom_heading text_color=\u00a0\u00bbcolor-wvjs\u00a0\u00bb text_size=\u00a0\u00bbh4&Prime; text_weight=\u00a0\u00bb400&Prime; uncode_shortcode_id=\u00a0\u00bb777845&Prime; text_color_type=\u00a0\u00bbuncode-palette\u00a0\u00bb]<strong>Radiologie sp\u00e9cialis\u00e9e num\u00e9rique<\/strong> :<\/p>\n<ul>\n<li>\u0152sophage : Aucun frais, couverts par la RAMQ<\/li>\n<li>Arthrographie et infiltrations et blocs facettaires : Aucun frais, couverts par la RAMQ<\/li>\n<li>5 $, pour chaque copie de rapport pour dossier personnel<\/li>\n<li>10 $, pour chaque demande de copie des images sur CD pour dossier personnel<\/li>\n<\/ul>\n<p>[\/vc_custom_heading][\/vc_accordion_tab][vc_accordion_tab gutter_size=\u00a0\u00bb2&Prime; column_padding=\u00a0\u00bb2&Prime; title=\u00a0\u00bbCONTRES-INDICATIONS\u00a0\u00bb tab_id=\u00a0\u00bb1654030088-2-42&Prime;][vc_custom_heading text_color=\u00a0\u00bbcolor-wvjs\u00a0\u00bb text_size=\u00a0\u00bbh4&Prime; text_weight=\u00a0\u00bb400&Prime; uncode_shortcode_id=\u00a0\u00bb188197&Prime; text_color_type=\u00a0\u00bbuncode-palette\u00a0\u00bb]La grossesse est une contre-indication aux examens digestifs.<\/p>\n<p>&nbsp;<\/p>\n<p>La grossesse peut \u00eatre une contre-indication pour les infiltrations sous contr\u00f4le fluoroscopique (rayons-X). L\u2019infiltration pourrait alors se faire sous contr\u00f4le \u00e9chographique.<\/p>\n<p>&nbsp;<\/p>\n<p>Si vous \u00eates allergique \u00e0 l&rsquo;iode vous devez en aviser le personnel au moment de la prise des rendez-vous ou le technologue. Souvent, il sera quand m\u00eame possible d&rsquo;effectuer l&rsquo;infiltration, sans qu&rsquo;il n&rsquo;y ait d&rsquo;injection d&rsquo;iode.[\/vc_custom_heading][\/vc_accordion_tab][\/vc_accordion][\/vc_column][vc_column column_width_percent=\u00a0\u00bb100&Prime; position_horizontal=\u00a0\u00bbright\u00a0\u00bb align_horizontal=\u00a0\u00bbalign_center\u00a0\u00bb gutter_size=\u00a0\u00bb3&Prime; style=\u00a0\u00bbdark\u00a0\u00bb back_color=\u00a0\u00bbaccent\u00a0\u00bb overlay_alpha=\u00a0\u00bb50&Prime; border_color=\u00a0\u00bbaccent\u00a0\u00bb border_style=\u00a0\u00bbsolid\u00a0\u00bb shift_x=\u00a0\u00bb0&Prime; shift_y=\u00a0\u00bb0&Prime; shift_y_down=\u00a0\u00bb0&Prime; z_index=\u00a0\u00bb0&Prime; medium_width=\u00a0\u00bb0&Prime; mobile_width=\u00a0\u00bb0&Prime; width=\u00a0\u00bb1\/3&Prime; css=\u00a0\u00bb.vc_custom_1558107735957{border-top-width: 1px !important;border-right-width: 1px !important;border-bottom-width: 1px !important;border-left-width: 1px !important;padding-top: 30px !important;padding-right: 30px !important;padding-bottom: 30px !important;padding-left: 30px !important;}\u00a0\u00bb][vc_custom_heading text_weight=\u00a0\u00bb900&Prime; uncode_shortcode_id=\u00a0\u00bb373905&Prime;]En ligne[\/vc_custom_heading][vc_button radius=\u00a0\u00bbbtn-circle\u00a0\u00bb border_width=\u00a0\u00bb0&Prime; el_class=\u00a0\u00bbpopmake-80549&Prime; uncode_shortcode_id=\u00a0\u00bb185762&Prime;]Prendre un rendez-vous[\/vc_button][vc_custom_heading text_weight=\u00a0\u00bb900&Prime;]Par t\u00e9l\u00e9phone[\/vc_custom_heading][vc_button border_width=\u00a0\u00bb0&Prime; link=\u00a0\u00bburl:tel%3A514%20365-7766|target:_blank\u00a0\u00bb uncode_shortcode_id=\u00a0\u00bb549121&Prime;]LaSalle &#8211; 514 365-7766[\/vc_button][\/vc_column][\/vc_row][vc_row unlock_row_content=\u00a0\u00bbyes\u00a0\u00bb row_height_percent=\u00a0\u00bb5&Prime; override_padding=\u00a0\u00bbyes\u00a0\u00bb h_padding=\u00a0\u00bb2&Prime; top_padding=\u00a0\u00bb3&Prime; bottom_padding=\u00a0\u00bb7&Prime; overlay_alpha=\u00a0\u00bb0&Prime; gutter_size=\u00a0\u00bb100&Prime; column_width_percent=\u00a0\u00bb100&Prime; shift_y=\u00a0\u00bb0&Prime; z_index=\u00a0\u00bb0&Prime; enable_bottom_divider=\u00a0\u00bbdefault\u00a0\u00bb bottom_divider=\u00a0\u00bbswoosh-opacity\u00a0\u00bb shape_bottom_h_use_pixel=\u00a0\u00bb\u00a0\u00bb shape_bottom_height=\u00a0\u00bb400&Prime; shape_bottom_color=\u00a0\u00bbcolor-132177&Prime; shape_bottom_opacity=\u00a0\u00bb100&Prime; shape_bottom_index=\u00a0\u00bb2&Prime; style=\u00a0\u00bbinherited\u00a0\u00bb row_name=\u00a0\u00bbGallery\u00a0\u00bb][vc_column column_width_percent=\u00a0\u00bb100&Prime; align_horizontal=\u00a0\u00bbalign_center\u00a0\u00bb gutter_size=\u00a0\u00bb4&Prime; style=\u00a0\u00bbdark\u00a0\u00bb overlay_alpha=\u00a0\u00bb100&Prime; shift_x=\u00a0\u00bb0&Prime; shift_y=\u00a0\u00bb0&Prime; shift_y_down=\u00a0\u00bb0&Prime; z_index=\u00a0\u00bb0&Prime; medium_width=\u00a0\u00bb0&Prime; mobile_width=\u00a0\u00bb0&Prime; zoom_width=\u00a0\u00bb0&Prime; zoom_height=\u00a0\u00bb0&Prime; width=\u00a0\u00bb1\/1&Prime; mobile_width_full=\u00a0\u00bb\u00a0\u00bb][\/vc_column][\/vc_row][vc_row row_height_percent=\u00a0\u00bb0&Prime; override_padding=\u00a0\u00bbyes\u00a0\u00bb h_padding=\u00a0\u00bb2&Prime; top_padding=\u00a0\u00bb2&Prime; bottom_padding=\u00a0\u00bb2&Prime; back_color=\u00a0\u00bbcolor-132177&Prime; overlay_alpha=\u00a0\u00bb0&Prime; gutter_size=\u00a0\u00bb100&Prime; column_width_percent=\u00a0\u00bb100&Prime; shift_y=\u00a0\u00bb0&Prime; z_index=\u00a0\u00bb0&Prime; bottom_divider=\u00a0\u00bbswoosh-opacity\u00a0\u00bb style=\u00a0\u00bbinherited\u00a0\u00bb row_name=\u00a0\u00bbGallery\u00a0\u00bb][vc_column column_width_percent=\u00a0\u00bb100&Prime; gutter_size=\u00a0\u00bb3&Prime; override_padding=\u00a0\u00bbyes\u00a0\u00bb column_padding=\u00a0\u00bb0&Prime; style=\u00a0\u00bbdark\u00a0\u00bb overlay_alpha=\u00a0\u00bb50&Prime; shift_x=\u00a0\u00bb0&Prime; shift_y=\u00a0\u00bb0&Prime; shift_y_down=\u00a0\u00bb0&Prime; z_index=\u00a0\u00bb0&Prime; medium_width=\u00a0\u00bb0&Prime; mobile_width=\u00a0\u00bb0&Prime; width=\u00a0\u00bb1\/1&Prime;][vc_custom_heading text_size=\u00a0\u00bbh1&Prime; text_weight=\u00a0\u00bb900&Prime; sub_reduced=\u00a0\u00bbyes\u00a0\u00bb]Pr\u00e9paration[\/vc_custom_heading][vc_row_inner][vc_column_inner column_width_percent=\u00a0\u00bb100&Prime; gutter_size=\u00a0\u00bb3&Prime; override_padding=\u00a0\u00bbyes\u00a0\u00bb column_padding=\u00a0\u00bb0&Prime; style=\u00a0\u00bbdark\u00a0\u00bb overlay_alpha=\u00a0\u00bb50&Prime; shift_x=\u00a0\u00bb0&Prime; shift_y=\u00a0\u00bb0&Prime; shift_y_down=\u00a0\u00bb0&Prime; z_index=\u00a0\u00bb0&Prime; medium_width=\u00a0\u00bb0&Prime; mobile_width=\u00a0\u00bb0&Prime; width=\u00a0\u00bb1\/2&Prime;][vc_column_text text_lead=\u00a0\u00bbyes\u00a0\u00bb uncode_shortcode_id=\u00a0\u00bb202776&Prime;]<strong>Oesophage &#8211; d\u00e9glutition.<\/strong><br \/>\n\u00catre \u00e0 jeun : ne pas manger, ni boire, ni fumer apr\u00e8s 22 h la veille de l\u2019examen.[\/vc_column_text][\/vc_column_inner][vc_column_inner column_width_percent=\u00a0\u00bb100&Prime; gutter_size=\u00a0\u00bb3&Prime; overlay_alpha=\u00a0\u00bb50&Prime; shift_x=\u00a0\u00bb0&Prime; shift_y=\u00a0\u00bb0&Prime; shift_y_down=\u00a0\u00bb0&Prime; z_index=\u00a0\u00bb0&Prime; medium_width=\u00a0\u00bb0&Prime; mobile_width=\u00a0\u00bb0&Prime; width=\u00a0\u00bb1\/2&Prime;][\/vc_column_inner][\/vc_row_inner][vc_custom_heading text_size=\u00a0\u00bbh1&Prime; text_weight=\u00a0\u00bb900&Prime; sub_reduced=\u00a0\u00bbyes\u00a0\u00bb uncode_shortcode_id=\u00a0\u00bb165018&Prime;]Examens sans aucune pr\u00e9paration[\/vc_custom_heading][vc_row_inner][vc_column_inner column_width_percent=\u00a0\u00bb100&Prime; gutter_size=\u00a0\u00bb3&Prime; override_padding=\u00a0\u00bbyes\u00a0\u00bb column_padding=\u00a0\u00bb0&Prime; style=\u00a0\u00bbdark\u00a0\u00bb overlay_alpha=\u00a0\u00bb50&Prime; shift_x=\u00a0\u00bb0&Prime; shift_y=\u00a0\u00bb0&Prime; shift_y_down=\u00a0\u00bb0&Prime; z_index=\u00a0\u00bb0&Prime; medium_width=\u00a0\u00bb0&Prime; mobile_width=\u00a0\u00bb0&Prime; width=\u00a0\u00bb1\/3&Prime;][vc_column_text text_lead=\u00a0\u00bbyes\u00a0\u00bb uncode_shortcode_id=\u00a0\u00bb102048&Prime;]<strong>Arthrographies diagnostiques th\u00e9rapeutiques (infiltration) et distensives<\/strong>, aucune pr\u00e9paration. Si allergie, parfois le \u00ab colorant \u00bb iod\u00e9 peut \u00eatre remplac\u00e9 par de l\u2019air.[\/vc_column_text][\/vc_column_inner][vc_column_inner column_width_percent=\u00a0\u00bb100&Prime; gutter_size=\u00a0\u00bb3&Prime; style=\u00a0\u00bbdark\u00a0\u00bb overlay_alpha=\u00a0\u00bb50&Prime; shift_x=\u00a0\u00bb0&Prime; shift_y=\u00a0\u00bb0&Prime; shift_y_down=\u00a0\u00bb0&Prime; z_index=\u00a0\u00bb0&Prime; medium_width=\u00a0\u00bb0&Prime; mobile_width=\u00a0\u00bb0&Prime; width=\u00a0\u00bb1\/3&Prime;][vc_column_text text_lead=\u00a0\u00bbyes\u00a0\u00bb uncode_shortcode_id=\u00a0\u00bb109407&Prime;]<strong>Pour les arthrographies distensives*<\/strong>, pr\u00e9voir un rendez-vous en physioth\u00e9rapie dans les 24 h ou 48 h suivant l\u2019examen pour faciliter les exercices, l\u2019\u00e9paule \u00e9tant sous anesth\u00e9sie long terme.[\/vc_column_text][\/vc_column_inner][vc_column_inner column_width_percent=\u00a0\u00bb100&Prime; gutter_size=\u00a0\u00bb3&Prime; style=\u00a0\u00bbdark\u00a0\u00bb overlay_alpha=\u00a0\u00bb50&Prime; shift_x=\u00a0\u00bb0&Prime; shift_y=\u00a0\u00bb0&Prime; shift_y_down=\u00a0\u00bb0&Prime; z_index=\u00a0\u00bb0&Prime; medium_width=\u00a0\u00bb0&Prime; mobile_width=\u00a0\u00bb0&Prime; width=\u00a0\u00bb1\/3&Prime;][vc_column_text text_lead=\u00a0\u00bbyes\u00a0\u00bb uncode_shortcode_id=\u00a0\u00bb128325&Prime;]<strong>Bloc facettaire*<\/strong>, aucune pr\u00e9paration[\/vc_column_text][\/vc_column_inner][\/vc_row_inner][\/vc_column][\/vc_row][vc_row row_height_percent=\u00a0\u00bb0&Prime; override_padding=\u00a0\u00bbyes\u00a0\u00bb h_padding=\u00a0\u00bb2&Prime; top_padding=\u00a0\u00bb0&Prime; bottom_padding=\u00a0\u00bb7&Prime; back_color=\u00a0\u00bbcolor-wayh\u00a0\u00bb back_image=\u00a0\u00bb110692&Prime; back_attachment=\u00a0\u00bbfixed\u00a0\u00bb back_position=\u00a0\u00bbcenter center\u00a0\u00bb overlay_color=\u00a0\u00bbcolor-jevc\u00a0\u00bb overlay_alpha=\u00a0\u00bb75&Prime; gutter_size=\u00a0\u00bb100&Prime; column_width_percent=\u00a0\u00bb100&Prime; shift_y=\u00a0\u00bb0&Prime; z_index=\u00a0\u00bb0&Prime; enable_top_divider=\u00a0\u00bbdefault\u00a0\u00bb top_divider=\u00a0\u00bbswoosh-opacity\u00a0\u00bb shape_top_h_use_pixel=\u00a0\u00bb\u00a0\u00bb shape_top_height=\u00a0\u00bb200&Prime; shape_top_color=\u00a0\u00bbcolor-132177&Prime; shape_top_opacity=\u00a0\u00bb100&Prime; shape_top_safe=\u00a0\u00bbyes\u00a0\u00bb shape_top_index=\u00a0\u00bb0&Prime; enable_bottom_divider=\u00a0\u00bbdefault\u00a0\u00bb bottom_divider=\u00a0\u00bbswoosh-opacity\u00a0\u00bb shape_bottom_flip=\u00a0\u00bbyes\u00a0\u00bb shape_bottom_h_use_pixel=\u00a0\u00bb\u00a0\u00bb shape_bottom_height=\u00a0\u00bb250&Prime; shape_bottom_color=\u00a0\u00bbcolor-xsdn\u00a0\u00bb shape_bottom_opacity=\u00a0\u00bb100&Prime; shape_bottom_index=\u00a0\u00bb0&Prime; style=\u00a0\u00bbinherited\u00a0\u00bb el_class=\u00a0\u00bbgradient\u00a0\u00bb uncode_shortcode_id=\u00a0\u00bb900678&Prime; back_color_type=\u00a0\u00bbuncode-palette\u00a0\u00bb overlay_color_type=\u00a0\u00bbuncode-palette\u00a0\u00bb shape_top_color_type=\u00a0\u00bbuncode-palette\u00a0\u00bb back_size=\u00a0\u00bbcover\u00a0\u00bb shape_bottom_color_type=\u00a0\u00bbuncode-palette\u00a0\u00bb][vc_column column_width_use_pixel=\u00a0\u00bbyes\u00a0\u00bb position_vertical=\u00a0\u00bbmiddle\u00a0\u00bb gutter_size=\u00a0\u00bb2&Prime; overlay_alpha=\u00a0\u00bb100&Prime; shift_x=\u00a0\u00bb0&Prime; shift_y=\u00a0\u00bb0&Prime; shift_y_down=\u00a0\u00bb0&Prime; z_index=\u00a0\u00bb0&Prime; medium_width=\u00a0\u00bb0&Prime; mobile_width=\u00a0\u00bb0&Prime; css_animation=\u00a0\u00bbzoom-in\u00a0\u00bb animation_speed=\u00a0\u00bb600&Prime; animation_delay=\u00a0\u00bb200&Prime; zoom_width=\u00a0\u00bb0&Prime; zoom_height=\u00a0\u00bb0&Prime; width=\u00a0\u00bb1\/1&Prime; column_width_pixel=\u00a0\u00bb900&Prime;][vc_separator sep_color=\u00a0\u00bbcolor-xsdn\u00a0\u00bb el_width=\u00a0\u00bb300px\u00a0\u00bb el_height=\u00a0\u00bb1&Prime;][vc_empty_space empty_h=\u00a0\u00bb2&Prime;][vc_custom_heading text_color=\u00a0\u00bbcolor-xsdn\u00a0\u00bb text_size=\u00a0\u00bbh1&Prime; text_weight=\u00a0\u00bb700&Prime; text_transform=\u00a0\u00bbuppercase\u00a0\u00bb sub_lead=\u00a0\u00bbyes\u00a0\u00bb uncode_shortcode_id=\u00a0\u00bb761053&Prime; text_color_type=\u00a0\u00bbuncode-palette\u00a0\u00bb]D\u00e9roulement de l&rsquo;examen[\/vc_custom_heading][vc_custom_heading text_color=\u00a0\u00bbcolor-xsdn\u00a0\u00bb text_size=\u00a0\u00bbh4&Prime; text_weight=\u00a0\u00bb300&Prime; uncode_shortcode_id=\u00a0\u00bb214722&Prime; text_color_type=\u00a0\u00bbuncode-palette\u00a0\u00bb]\u00c0 la suite de votre enregistrement, la technologue remplit avec vous un questionnaire concernant votre sant\u00e9 et d\u2019\u00e9ventuelles allergies. Des explications concernant l\u2019examen vous sont fournies par la technologue et\/ou le m\u00e9decin radiologue.<\/p>\n<p>&nbsp;<\/p>\n<p><strong>\u0152sophage :<br \/>\n<\/strong>On vous demandera de boire du baryum (liquide opaque aux rayons X). La progression du baryum est suivie sur un \u00e9cran par le radiologue qui prend des images dans diff\u00e9rentes positions. La dur\u00e9e de l\u2019examen est d\u2019environ 10 minutes pour l\u2019\u00e9tude de l\u2019\u0153sophage.<\/p>\n<p>&nbsp;<\/p>\n<p><strong>Arthrographie diagnostique :<br \/>\n<\/strong>Le but de l\u2019examen est de trouver la cause de la douleur ou du probl\u00e8me. Sous anesth\u00e9sie locale, un produit de contraste (colorant opaque aux rayons X) est inject\u00e9 dans l\u2019articulation concern\u00e9e et les radiographies prises seront interpr\u00e9t\u00e9es par le m\u00e9decin radiologue.<\/p>\n<p>&nbsp;<\/p>\n<p><strong>Arthrographie th\u00e9rapeutique :<br \/>\n<\/strong>Le but de l\u2019examen est de traiter la cause de la douleur ou du probl\u00e8me. Sous anesth\u00e9sie locale, un produit de contraste (colorant opaque aux rayons X) est inject\u00e9 dans l\u2019articulation ou la r\u00e9gion \u00e0 traiter pour confirmer la bonne position de l\u2019aiguille. Par la suite, il y a injection d\u2019un m\u00e9lange d\u2019anesth\u00e9sique et d\u2019un anti-inflammatoire (cortisone) dans l\u2019articulation ou la r\u00e9gion en question. Dans le cas d\u2019arthrose et de douleur r\u00e9currente, une injection d\u2019un viscosuppl\u00e9ment, apport\u00e9 par le patient (ex. Synvisc, Durolane) pourrait \u00eatre faite dans une articulation.<\/p>\n<p>&nbsp;<\/p>\n<p><strong>Arthrographie distensive de l\u2019\u00e9paule :<br \/>\n<\/strong>Le but de l\u2019examen est de redonner \u00e0 la capsule (enveloppe de l\u2019articulation) son \u00e9lasticit\u00e9 normale et retrouver votre mobilit\u00e9 habituelle. Sous anesth\u00e9sie locale, un produit de contraste (colorant opaque aux rayons X) est inject\u00e9 dans l\u2019articulation de l\u2019\u00e9paule suivi de l\u2019injection d\u2019un m\u00e9lange de 10cc d\u2019anesth\u00e9sique et d\u2019un anti-inflammatoire (cortisone) dans cette articulation pour distendre la capsule, r\u00e9duire la douleur et diminuer l\u2019inflammation. Il est important de consulter en physioth\u00e9rapie pour conna\u00eetre les exercices \u00e0 effectuer suite \u00e0 votre examen, \u00e0 moins d\u2019avis contraire de votre m\u00e9decin.<\/p>\n<p>&nbsp;<\/p>\n<p><strong>Arthrographie pr\u00e9-IRM (arthro-IRM) :<\/strong><br \/>\nLe but de l\u2019examen est de rehausser les images en r\u00e9sonance magn\u00e9tique. En salle de radiologie et sous anesth\u00e9sie locale, un produit (Gadolinium) permettant de rehausser les images en r\u00e9sonance magn\u00e9tique est inject\u00e9 avec un produit de contraste (colorant opaque aux rayons-X). L\u2019examen se poursuit dans la salle de r\u00e9sonance magn\u00e9tique.<\/p>\n<p>&nbsp;<\/p>\n<p><strong>Bloc facettaire :<\/strong><br \/>\nLe but de l\u2019examen est de soulager des douleurs r\u00e9currentes \u00e0 la colonne vert\u00e9brale. Sous contr\u00f4le radiologique, il y a injection d\u2019un m\u00e9lange d\u2019anesth\u00e9sique et de cortisone au pourtour des facettes articulaires situ\u00e9es de chaque c\u00f4t\u00e9 de la colonne vert\u00e9brale.[\/vc_custom_heading][vc_empty_space empty_h=\u00a0\u00bb2&Prime;][\/vc_column][\/vc_row][vc_row][vc_column width=\u00a0\u00bb1\/1&Prime;][uncode_block id=\u00a0\u00bb80509&Prime;][\/vc_column][\/vc_row]<\/p>\n<\/div>","protected":false},"excerpt":{"rendered":"<p>[vc_row row_height_percent=\u00a0\u00bb0&Prime; override_padding=\u00a0\u00bbyes\u00a0\u00bb h_padding=\u00a0\u00bb2&Prime; top_padding=\u00a0\u00bb0&Prime; bottom_padding=\u00a0\u00bb2&Prime; overlay_alpha=\u00a0\u00bb50&Prime; gutter_size=\u00a0\u00bb4&Prime; column_width_percent=\u00a0\u00bb100&Prime; shift_y=\u00a0\u00bb0&Prime; z_index=\u00a0\u00bb0&Prime; bottom_divider=\u00a0\u00bbswoosh-opacity\u00a0\u00bb][vc_column column_width_percent=\u00a0\u00bb100&Prime; position_horizontal=\u00a0\u00bbleft\u00a0\u00bb gutter_size=\u00a0\u00bb3&Prime; overlay_alpha=\u00a0\u00bb50&Prime; shift_x=\u00a0\u00bb0&Prime; shift_y=\u00a0\u00bb-4&Prime; shift_y_down=\u00a0\u00bb0&Prime; z_index=\u00a0\u00bb0&Prime; [&hellip;]<\/p>\n","protected":false},"author":1,"featured_media":0,"parent":0,"menu_order":0,"comment_status":"closed","ping_status":"closed","template":"","meta":{"footnotes":""},"class_list":["post-80645","page","type-page","status-publish","hentry","page_category-services"],"_links":{"self":[{"href":"https:\/\/www.groupeunimage.com\/index.php?rest_route=\/wp\/v2\/pages\/80645","targetHints":{"allow":["GET"]}}],"collection":[{"href":"https:\/\/www.groupeunimage.com\/index.php?rest_route=\/wp\/v2\/pages"}],"about":[{"href":"https:\/\/www.groupeunimage.com\/index.php?rest_route=\/wp\/v2\/types\/page"}],"author":[{"embeddable":true,"href":"https:\/\/www.groupeunimage.com\/index.php?rest_route=\/wp\/v2\/users\/1"}],"replies":[{"embeddable":true,"href":"https:\/\/www.groupeunimage.com\/index.php?rest_route=%2Fwp%2Fv2%2Fcomments&post=80645"}],"version-history":[{"count":31,"href":"https:\/\/www.groupeunimage.com\/index.php?rest_route=\/wp\/v2\/pages\/80645\/revisions"}],"predecessor-version":[{"id":112019,"href":"https:\/\/www.groupeunimage.com\/index.php?rest_route=\/wp\/v2\/pages\/80645\/revisions\/112019"}],"wp:attachment":[{"href":"https:\/\/www.groupeunimage.com\/index.php?rest_route=%2Fwp%2Fv2%2Fmedia&parent=80645"}],"curies":[{"name":"wp","href":"https:\/\/api.w.org\/{rel}","templated":true}]}}