{"id":80601,"date":"2022-06-02T16:44:57","date_gmt":"2022-06-02T16:44:57","guid":{"rendered":"https:\/\/www.groupeunimage.com\/?page_id=80601"},"modified":"2026-04-14T19:57:25","modified_gmt":"2026-04-14T19:57:25","slug":"radiologie-generale","status":"publish","type":"page","link":"https:\/\/www.groupeunimage.com\/?page_id=80601","title":{"rendered":"Radiologie g\u00e9n\u00e9rale"},"content":{"rendered":"<div class=\"wpb-content-wrapper\"><p>[vc_row row_height_percent=\u00a0\u00bb0&Prime; override_padding=\u00a0\u00bbyes\u00a0\u00bb h_padding=\u00a0\u00bb2&Prime; top_padding=\u00a0\u00bb0&Prime; bottom_padding=\u00a0\u00bb2&Prime; overlay_alpha=\u00a0\u00bb50&Prime; gutter_size=\u00a0\u00bb3&Prime; column_width_percent=\u00a0\u00bb100&Prime; shift_y=\u00a0\u00bb0&Prime; z_index=\u00a0\u00bb0&Prime; bottom_divider=\u00a0\u00bbswoosh-opacity\u00a0\u00bb uncode_shortcode_id=\u00a0\u00bb174364&Prime;][vc_column column_width_percent=\u00a0\u00bb100&Prime; position_horizontal=\u00a0\u00bbleft\u00a0\u00bb gutter_size=\u00a0\u00bb3&Prime; overlay_alpha=\u00a0\u00bb50&Prime; shift_x=\u00a0\u00bb0&Prime; shift_y=\u00a0\u00bb-4&Prime; shift_y_down=\u00a0\u00bb0&Prime; z_index=\u00a0\u00bb0&Prime; medium_width=\u00a0\u00bb3&Prime; mobile_width=\u00a0\u00bb0&Prime; width=\u00a0\u00bb2\/3&Prime; uncode_shortcode_id=\u00a0\u00bb160688&Prime;][vc_custom_heading text_color=\u00a0\u00bbcolor-132177&Prime; text_size=\u00a0\u00bbfontsize-207588&Prime; text_weight=\u00a0\u00bb900&Prime; uncode_shortcode_id=\u00a0\u00bb680406&Prime; text_color_type=\u00a0\u00bbuncode-palette\u00a0\u00bb heading_semantic=\u00a0\u00bbh1&Prime;]Radiologie g\u00e9n\u00e9rale[\/vc_custom_heading][vc_row_inner][vc_column_inner width=\u00a0\u00bb1\/2&Prime;][vc_icon position=\u00a0\u00bbleft\u00a0\u00bb icon=\u00a0\u00bbfa fa-check-square-o\u00a0\u00bb icon_color=\u00a0\u00bbcolor-132177&Prime; size=\u00a0\u00bbfa-2x\u00a0\u00bb text_size=\u00a0\u00bbh4&Prime; text_weight=\u00a0\u00bb900&Prime; uncode_shortcode_id=\u00a0\u00bb105389&Prime; title=\u00a0\u00bbSans rendez-vous\u00a0\u00bb icon_color_type=\u00a0\u00bbuncode-palette\u00a0\u00bb][\/vc_icon][\/vc_column_inner][vc_column_inner width=\u00a0\u00bb1\/2&Prime;][vc_icon position=\u00a0\u00bbleft\u00a0\u00bb icon=\u00a0\u00bbfa fa-check-square-o\u00a0\u00bb icon_color=\u00a0\u00bbcolor-132177&Prime; size=\u00a0\u00bbfa-2x\u00a0\u00bb text_size=\u00a0\u00bbh4&Prime; text_weight=\u00a0\u00bb900&Prime; uncode_shortcode_id=\u00a0\u00bb240513&Prime; title=\u00a0\u00bbCouvert par la RAMQ\u00a0\u00bb icon_color_type=\u00a0\u00bbuncode-palette\u00a0\u00bb][\/vc_icon][\/vc_column_inner][\/vc_row_inner][vc_column_text text_lead=\u00a0\u00bbyes\u00a0\u00bb uncode_shortcode_id=\u00a0\u00bb137799&Prime;]La radiologie g\u00e9n\u00e9rale ou \u00ab rayons X \u00bb demeure un outil diagnostique essentiel de premi\u00e8re ligne. Tous nos \u00e9quipements sont num\u00e9riques.[\/vc_column_text][vc_row_inner][vc_column_inner column_width_percent=\u00a0\u00bb100&Prime; gutter_size=\u00a0\u00bb1&Prime; overlay_alpha=\u00a0\u00bb50&Prime; shift_x=\u00a0\u00bb0&Prime; shift_y=\u00a0\u00bb0&Prime; shift_y_down=\u00a0\u00bb0&Prime; z_index=\u00a0\u00bb0&Prime; medium_width=\u00a0\u00bb0&Prime; mobile_width=\u00a0\u00bb0&Prime; width=\u00a0\u00bb1\/1&Prime; uncode_shortcode_id=\u00a0\u00bb131665&Prime; css=\u00a0\u00bb.vc_custom_1654188507074{padding-left: 50px !important;}\u00a0\u00bb][vc_custom_heading text_color=\u00a0\u00bbaccent\u00a0\u00bb text_size=\u00a0\u00bbh4&Prime; text_weight=\u00a0\u00bb600&Prime; uncode_shortcode_id=\u00a0\u00bb530707&Prime; text_color_type=\u00a0\u00bbuncode-palette\u00a0\u00bb]Rendez-vous disponibles aux cliniques suivantes:[\/vc_custom_heading][vc_empty_space empty_h=\u00a0\u00bb1&Prime;][vc_button button_color=\u00a0\u00bbaccent\u00a0\u00bb size=\u00a0\u00bbbtn-lg\u00a0\u00bb border_width=\u00a0\u00bb0&Prime; icon=\u00a0\u00bbfa fa-map-marker\u00a0\u00bb button_color_type=\u00a0\u00bbuncode-palette\u00a0\u00bb uncode_shortcode_id=\u00a0\u00bb933842&Prime; link=\u00a0\u00bburl:%2Fcliniques%2F%23lasalle|title:Cliniques\u00a0\u00bb width=\u00a0\u00bb360&Prime;]Radiologie LaSalle[\/vc_button][vc_button button_color=\u00a0\u00bbaccent\u00a0\u00bb size=\u00a0\u00bbbtn-lg\u00a0\u00bb border_width=\u00a0\u00bb0&Prime; icon=\u00a0\u00bbfa fa-map-marker\u00a0\u00bb button_color_type=\u00a0\u00bbuncode-palette\u00a0\u00bb uncode_shortcode_id=\u00a0\u00bb131876&Prime; link=\u00a0\u00bburl:%2Fcliniques%2F%23lachine|title:Cliniques\u00a0\u00bb width=\u00a0\u00bb360&Prime;]Radiologie Lachine[\/vc_button][vc_button button_color=\u00a0\u00bbaccent\u00a0\u00bb size=\u00a0\u00bbbtn-lg\u00a0\u00bb border_width=\u00a0\u00bb0&Prime; icon=\u00a0\u00bbfa fa-map-marker\u00a0\u00bb button_color_type=\u00a0\u00bbuncode-palette\u00a0\u00bb uncode_shortcode_id=\u00a0\u00bb833336&Prime; link=\u00a0\u00bburl:%2Fcliniques%2F%23delson|title:Cliniques\u00a0\u00bb width=\u00a0\u00bb360&Prime;]Radiologie Delson[\/vc_button][vc_button button_color=\u00a0\u00bbaccent\u00a0\u00bb size=\u00a0\u00bbbtn-lg\u00a0\u00bb border_width=\u00a0\u00bb0&Prime; icon=\u00a0\u00bbfa fa-map-marker\u00a0\u00bb button_color_type=\u00a0\u00bbuncode-palette\u00a0\u00bb uncode_shortcode_id=\u00a0\u00bb210539&Prime; link=\u00a0\u00bburl:%2Fcliniques%2F%23ids|title:Cliniques\u00a0\u00bb width=\u00a0\u00bb360&Prime;]Radiologie \u00ceLE-DES-SOEURS[\/vc_button][vc_button button_color=\u00a0\u00bbaccent\u00a0\u00bb size=\u00a0\u00bbbtn-lg\u00a0\u00bb border_width=\u00a0\u00bb0&Prime; icon=\u00a0\u00bbfa fa-map-marker\u00a0\u00bb button_color_type=\u00a0\u00bbuncode-palette\u00a0\u00bb uncode_shortcode_id=\u00a0\u00bb129514&Prime; link=\u00a0\u00bburl:%2Fcliniques%2F%23metromonk|title:Cliniques\u00a0\u00bb width=\u00a0\u00bb360&Prime;]Radiologie M\u00c9TRO MONK[\/vc_button][\/vc_column_inner][\/vc_row_inner][vc_accordion active_tab=\u00a0\u00bb0&Prime;][vc_accordion_tab gutter_size=\u00a0\u00bb2&Prime; column_padding=\u00a0\u00bb2&Prime; title=\u00a0\u00bbEXAMEN\u00a0\u00bb tab_id=\u00a0\u00bb1654030088-1-70&Prime;][vc_custom_heading text_color=\u00a0\u00bbcolor-wvjs\u00a0\u00bb text_size=\u00a0\u00bbh4&Prime; text_weight=\u00a0\u00bb400&Prime; uncode_shortcode_id=\u00a0\u00bb149880&Prime; text_color_type=\u00a0\u00bbuncode-palette\u00a0\u00bb]<\/p>\n<div class=\"col-sm-6 box-table\">\n<div class=\"th ta-center\"><strong>T\u00eate et cou<\/strong><\/div>\n<div class=\"td ta-center\">Cr\u00e2ne, Massif facial, Orbites, Nez, Tissus mous du cou, Cavum, Maxillaire inf\u00e9rieur<\/div>\n<\/div>\n<p>[\/vc_custom_heading][vc_empty_space][vc_custom_heading text_color=\u00a0\u00bbcolor-wvjs\u00a0\u00bb text_size=\u00a0\u00bbh4&Prime; text_weight=\u00a0\u00bb400&Prime; uncode_shortcode_id=\u00a0\u00bb343598&Prime; text_color_type=\u00a0\u00bbuncode-palette\u00a0\u00bb]<\/p>\n<div class=\"col-sm-6 box-table\">\n<div class=\"th ta-center\">\n<div class=\"col-sm-6 box-table\">\n<div class=\"td ta-center\"><strong style=\"font-family: -apple-system, BlinkMacSystemFont, 'Segoe UI', Roboto, Oxygen-Sans, Ubuntu, Cantarell, 'Helvetica Neue', sans-serif;\">Membres inf\u00e9rieurs<\/strong><\/div>\n<\/div>\n<div class=\"col-sm-6 box-table\">\n<div class=\"td ta-center\">Hanche<br \/>\n, F\u00e9mur<br \/>\n, Genou<br \/>\n, Rotule<br \/>\n, Jambe<br \/>\n, Cheville<br \/>\n, Pied<br \/>\n, Talon<br \/>\n, Orteil<\/div>\n<\/div>\n<\/div>\n<\/div>\n<p>[\/vc_custom_heading][vc_empty_space][vc_custom_heading text_color=\u00a0\u00bbcolor-wvjs\u00a0\u00bb text_size=\u00a0\u00bbh4&Prime; text_weight=\u00a0\u00bb400&Prime; uncode_shortcode_id=\u00a0\u00bb556282&Prime; text_color_type=\u00a0\u00bbuncode-palette\u00a0\u00bb]<\/p>\n<div class=\"col-sm-6 box-table\">\n<div class=\"th ta-center\">\n<div class=\"col-sm-6 box-table\">\n<div class=\"td ta-center\">\n<div class=\"col-sm-6 box-table\">\n<div class=\"th ta-center\"><strong>Poumons-thorax-abdomen<\/strong><\/div>\n<div class=\"td ta-center\">Poumons<br \/>\n, Thorax<br \/>\n, Sternum<br \/>\n, Abdomen<\/div>\n<\/div>\n<\/div>\n<\/div>\n<\/div>\n<\/div>\n<p>[\/vc_custom_heading][vc_empty_space][vc_custom_heading text_color=\u00a0\u00bbcolor-wvjs\u00a0\u00bb text_size=\u00a0\u00bbh4&Prime; text_weight=\u00a0\u00bb400&Prime; uncode_shortcode_id=\u00a0\u00bb128002&Prime; text_color_type=\u00a0\u00bbuncode-palette\u00a0\u00bb]<\/p>\n<div class=\"col-sm-6 box-table\">\n<div class=\"th ta-center\">\n<div class=\"col-sm-6 box-table\">\n<div class=\"td ta-center\">\n<div class=\"col-sm-6 box-table\">\n<div class=\"th ta-center\">\n<div class=\"col-sm-6 box-table\"><\/div>\n<div class=\"col-sm-6 box-table\">\n<div class=\"th ta-center\"><strong>Colonne et bassin<\/strong><\/div>\n<div class=\"td ta-center\">Cervicale<br \/>\n, Dorsale<br \/>\n, Lombo-sacr\u00e9e<br \/>\n, Sacrum<br \/>\n, Coccyx<br \/>\n, Bassin<br \/>\n, Bassin et hanches<\/div>\n<\/div>\n<\/div>\n<\/div>\n<\/div>\n<\/div>\n<\/div>\n<\/div>\n<p>[\/vc_custom_heading][vc_empty_space][vc_custom_heading text_color=\u00a0\u00bbcolor-wvjs\u00a0\u00bb text_size=\u00a0\u00bbh4&Prime; text_weight=\u00a0\u00bb400&Prime; uncode_shortcode_id=\u00a0\u00bb840018&Prime; text_color_type=\u00a0\u00bbuncode-palette\u00a0\u00bb]<\/p>\n<div class=\"col-sm-6 box-table\">\n<div class=\"th ta-center\">\n<div class=\"col-sm-6 box-table\">\n<div class=\"td ta-center\">\n<div class=\"col-sm-6 box-table\">\n<div class=\"th ta-center\">\n<div class=\"col-sm-6 box-table\">\n<div class=\"col-sm-6 box-table\">\n<div class=\"th ta-center\"><strong>Membres sup\u00e9rieurs<\/strong><\/div>\n<div class=\"td ta-center\">Articulations acromio-claviculaires<br \/>\n, Clavicule<br \/>\n, Omoplate<br \/>\n, \u00c9paule<br \/>\n, Hum\u00e9rus<br \/>\n, Coude<br \/>\n, Avant-bras<br \/>\n, Poignet<br \/>\n, Main<br \/>\n, Doigt<\/div>\n<\/div>\n<\/div>\n<\/div>\n<\/div>\n<\/div>\n<\/div>\n<\/div>\n<\/div>\n<p>[\/vc_custom_heading][vc_empty_space][vc_custom_heading text_color=\u00a0\u00bbcolor-wvjs\u00a0\u00bb text_size=\u00a0\u00bbh4&Prime; text_weight=\u00a0\u00bb400&Prime; uncode_shortcode_id=\u00a0\u00bb467623&Prime; text_color_type=\u00a0\u00bbuncode-palette\u00a0\u00bb]<\/p>\n<div class=\"col-sm-6 box-table\"><\/div>\n<div class=\"col-sm-6 box-table\">\n<div class=\"th ta-center\"><strong>Autres<\/strong><\/div>\n<div class=\"td ta-center\">S\u00e9rie articulaire<br \/>\n, S\u00e9rie m\u00e9tastatique<br \/>\n, S\u00e9rie scoliotique<br \/>\n, Age osseux<br \/>\n, Scanographie (mesure des membres inf\u00e9rieurs)<\/div>\n<\/div>\n<p>[\/vc_custom_heading][\/vc_accordion_tab][vc_accordion_tab gutter_size=\u00a0\u00bb2&Prime; column_padding=\u00a0\u00bb2&Prime; title=\u00a0\u00bbDUR\u00c9E DE L&rsquo;EXAMEN\u00a0\u00bb tab_id=\u00a0\u00bb1654030088-2-42&Prime;][vc_custom_heading text_color=\u00a0\u00bbcolor-wvjs\u00a0\u00bb text_size=\u00a0\u00bbh4&Prime; text_weight=\u00a0\u00bb400&Prime; uncode_shortcode_id=\u00a0\u00bb183300&Prime; text_color_type=\u00a0\u00bbuncode-palette\u00a0\u00bb]La dur\u00e9e est variable selon l\u2019examen demand\u00e9 par votre m\u00e9decin, soit entre 5 et 15 minutes.[\/vc_custom_heading][\/vc_accordion_tab][vc_accordion_tab gutter_size=\u00a0\u00bb2&Prime; column_padding=\u00a0\u00bb2&Prime; title=\u00a0\u00bbCONTRE-INDICATION\u00a0\u00bb tab_id=\u00a0\u00bb1654031668705-2-10&Prime;][vc_custom_heading text_color=\u00a0\u00bbcolor-wvjs\u00a0\u00bb text_size=\u00a0\u00bbh4&Prime; text_weight=\u00a0\u00bb400&Prime; uncode_shortcode_id=\u00a0\u00bb164379&Prime; text_color_type=\u00a0\u00bbuncode-palette\u00a0\u00bb]La grossesse est une contre-indication relative. Dans ce cas, il faut \u00e9valuer les risques et les b\u00e9n\u00e9fices en fonction de la situation clinique. Toujours informer le technologue si vous pensez \u00eatre enceinte.[\/vc_custom_heading][\/vc_accordion_tab][vc_accordion_tab gutter_size=\u00a0\u00bb2&Prime; column_padding=\u00a0\u00bb2&Prime; title=\u00a0\u00bbTARIFS\u00a0\u00bb tab_id=\u00a0\u00bb1654031679808-3-3&Prime;][vc_custom_heading text_color=\u00a0\u00bbcolor-wvjs\u00a0\u00bb text_size=\u00a0\u00bbh4&Prime; text_weight=\u00a0\u00bb400&Prime; uncode_shortcode_id=\u00a0\u00bb203522&Prime; text_color_type=\u00a0\u00bbuncode-palette\u00a0\u00bb]<strong>Radiologie g\u00e9n\u00e9rale num\u00e9rique<\/strong><\/p>\n<p>____________________________<\/p>\n<ul>\n<li>Aucun frais, couverte par la RAMQ.<\/li>\n<li>Frais variables si prescrite par un chiropraticien, un podiatre, ou \u00e0 une personne non r\u00e9sidante au Qu\u00e9bec<\/li>\n<li>Pour voir la liste des tarifs pour les personnes r\u00e9f\u00e9r\u00e9es par un podiatre <a href=\"\/wp-content\/uploads\/2022\/06\/Tarifs-Podiatres-2020.pdf\" target=\"_blank\" rel=\"noopener\">Cliquer ICI<\/a><\/li>\n<li>Pour voir la liste des tarifs pour les personnes r\u00e9f\u00e9r\u00e9es par un chiropraticien <a href=\"\/wp-content\/uploads\/2022\/06\/Tarifs-Chiro-2019.pdf\" target=\"_blank\" rel=\"noopener\">Cliquer ICI<\/a><\/li>\n<li>5 $, pour chaque copie de rapport dossier personnel<\/li>\n<li>10 $, pour chaque demande de copie des images sur CD dossier personnel<\/li>\n<\/ul>\n<p>[\/vc_custom_heading][\/vc_accordion_tab][\/vc_accordion][\/vc_column][vc_column column_width_percent=\u00a0\u00bb100&Prime; position_horizontal=\u00a0\u00bbright\u00a0\u00bb align_horizontal=\u00a0\u00bbalign_center\u00a0\u00bb gutter_size=\u00a0\u00bb2&Prime; style=\u00a0\u00bbdark\u00a0\u00bb back_color=\u00a0\u00bbaccent\u00a0\u00bb overlay_alpha=\u00a0\u00bb50&Prime; border_color=\u00a0\u00bbaccent\u00a0\u00bb border_style=\u00a0\u00bbsolid\u00a0\u00bb shift_x=\u00a0\u00bb0&Prime; shift_y=\u00a0\u00bb0&Prime; shift_y_down=\u00a0\u00bb0&Prime; z_index=\u00a0\u00bb0&Prime; medium_width=\u00a0\u00bb0&Prime; mobile_width=\u00a0\u00bb0&Prime; width=\u00a0\u00bb1\/3&Prime; css=\u00a0\u00bb.vc_custom_1654189032494{border-top-width: 1px !important;border-right-width: 1px !important;border-bottom-width: 1px !important;border-left-width: 1px !important;padding-top: 30px !important;padding-right: 25px !important;padding-bottom: 30px !important;padding-left: 25px !important;}\u00a0\u00bb uncode_shortcode_id=\u00a0\u00bb166779&Prime; back_color_type=\u00a0\u00bbuncode-palette\u00a0\u00bb border_color_type=\u00a0\u00bbuncode-palette\u00a0\u00bb][vc_custom_heading text_size=\u00a0\u00bbh5&Prime; text_weight=\u00a0\u00bb400&Prime; uncode_shortcode_id=\u00a0\u00bb796193&Prime;]Vous n&rsquo;avez pas besoin de rendez-vous pour cet examen, pr\u00e9sentez-vous avec votre prescription et votre carte d&rsquo;assurance maladie \u00e0 la clinique de votre choix.[\/vc_custom_heading][vc_custom_heading text_weight=\u00a0\u00bb900&Prime; uncode_shortcode_id=\u00a0\u00bb878023&Prime;]Contactez-nous par t\u00e9l\u00e9phone[\/vc_custom_heading][vc_button wide=\u00a0\u00bbyes\u00a0\u00bb border_width=\u00a0\u00bb0&Prime; link=\u00a0\u00bburl:tel%3A514%20365-7766|target:_blank\u00a0\u00bb uncode_shortcode_id=\u00a0\u00bb149430&Prime;]LaSalle &#8211; 514 365-7766[\/vc_button][vc_button wide=\u00a0\u00bbyes\u00a0\u00bb border_width=\u00a0\u00bb0&Prime; link=\u00a0\u00bburl:tel%3A514%20637-4404|target:_blank\u00a0\u00bb uncode_shortcode_id=\u00a0\u00bb201835&Prime;]LACHINE &#8211; 514 637-4404[\/vc_button][vc_button wide=\u00a0\u00bbyes\u00a0\u00bb border_width=\u00a0\u00bb0&Prime; link=\u00a0\u00bburl:tel%3A450%20845-6789|target:_blank\u00a0\u00bb uncode_shortcode_id=\u00a0\u00bb155809&Prime;]DELSON &#8211; 450 845-6789[\/vc_button][vc_button wide=\u00a0\u00bbyes\u00a0\u00bb border_width=\u00a0\u00bb0&Prime; link=\u00a0\u00bburl:tel%3A514-687-2323|target:_blank\u00a0\u00bb uncode_shortcode_id=\u00a0\u00bb980056&Prime;]IDS &#8211; 514-687-2323[\/vc_button][vc_button wide=\u00a0\u00bbyes\u00a0\u00bb border_width=\u00a0\u00bb0&Prime; link=\u00a0\u00bburl:tel%3A514%20368-3246|target:_blank\u00a0\u00bb uncode_shortcode_id=\u00a0\u00bb179080&Prime;]M\u00c9TRO MONK &#8211; 514 368-3246[\/vc_button][\/vc_column][\/vc_row][vc_row unlock_row_content=\u00a0\u00bbyes\u00a0\u00bb row_height_percent=\u00a0\u00bb5&Prime; override_padding=\u00a0\u00bbyes\u00a0\u00bb h_padding=\u00a0\u00bb2&Prime; top_padding=\u00a0\u00bb3&Prime; bottom_padding=\u00a0\u00bb7&Prime; overlay_alpha=\u00a0\u00bb0&Prime; gutter_size=\u00a0\u00bb100&Prime; column_width_percent=\u00a0\u00bb100&Prime; shift_y=\u00a0\u00bb0&Prime; z_index=\u00a0\u00bb0&Prime; enable_bottom_divider=\u00a0\u00bbdefault\u00a0\u00bb bottom_divider=\u00a0\u00bbswoosh-opacity\u00a0\u00bb shape_bottom_h_use_pixel=\u00a0\u00bb\u00a0\u00bb shape_bottom_height=\u00a0\u00bb400&Prime; shape_bottom_color=\u00a0\u00bbcolor-132177&Prime; shape_bottom_opacity=\u00a0\u00bb100&Prime; shape_bottom_index=\u00a0\u00bb2&Prime; style=\u00a0\u00bbinherited\u00a0\u00bb row_name=\u00a0\u00bbGallery\u00a0\u00bb][vc_column column_width_percent=\u00a0\u00bb100&Prime; align_horizontal=\u00a0\u00bbalign_center\u00a0\u00bb gutter_size=\u00a0\u00bb4&Prime; style=\u00a0\u00bbdark\u00a0\u00bb overlay_alpha=\u00a0\u00bb100&Prime; shift_x=\u00a0\u00bb0&Prime; shift_y=\u00a0\u00bb0&Prime; shift_y_down=\u00a0\u00bb0&Prime; z_index=\u00a0\u00bb0&Prime; medium_width=\u00a0\u00bb0&Prime; mobile_width=\u00a0\u00bb0&Prime; zoom_width=\u00a0\u00bb0&Prime; zoom_height=\u00a0\u00bb0&Prime; width=\u00a0\u00bb1\/1&Prime; mobile_width_full=\u00a0\u00bb\u00a0\u00bb][\/vc_column][\/vc_row][vc_row row_height_percent=\u00a0\u00bb0&Prime; override_padding=\u00a0\u00bbyes\u00a0\u00bb h_padding=\u00a0\u00bb2&Prime; top_padding=\u00a0\u00bb2&Prime; bottom_padding=\u00a0\u00bb2&Prime; back_color=\u00a0\u00bbcolor-132177&Prime; overlay_alpha=\u00a0\u00bb0&Prime; gutter_size=\u00a0\u00bb100&Prime; column_width_percent=\u00a0\u00bb100&Prime; shift_y=\u00a0\u00bb0&Prime; z_index=\u00a0\u00bb0&Prime; bottom_divider=\u00a0\u00bbswoosh-opacity\u00a0\u00bb style=\u00a0\u00bbinherited\u00a0\u00bb row_name=\u00a0\u00bbGallery\u00a0\u00bb][vc_column column_width_percent=\u00a0\u00bb100&Prime; gutter_size=\u00a0\u00bb3&Prime; override_padding=\u00a0\u00bbyes\u00a0\u00bb column_padding=\u00a0\u00bb0&Prime; style=\u00a0\u00bbdark\u00a0\u00bb overlay_alpha=\u00a0\u00bb50&Prime; shift_x=\u00a0\u00bb0&Prime; shift_y=\u00a0\u00bb0&Prime; shift_y_down=\u00a0\u00bb0&Prime; z_index=\u00a0\u00bb0&Prime; medium_width=\u00a0\u00bb0&Prime; mobile_width=\u00a0\u00bb0&Prime; width=\u00a0\u00bb1\/1&Prime;][vc_custom_heading text_size=\u00a0\u00bbh1&Prime; text_weight=\u00a0\u00bb900&Prime; sub_reduced=\u00a0\u00bbyes\u00a0\u00bb]Pr\u00e9paration[\/vc_custom_heading][vc_row_inner][vc_column_inner column_width_percent=\u00a0\u00bb100&Prime; gutter_size=\u00a0\u00bb3&Prime; override_padding=\u00a0\u00bbyes\u00a0\u00bb column_padding=\u00a0\u00bb0&Prime; style=\u00a0\u00bbdark\u00a0\u00bb overlay_alpha=\u00a0\u00bb50&Prime; shift_x=\u00a0\u00bb0&Prime; shift_y=\u00a0\u00bb0&Prime; shift_y_down=\u00a0\u00bb0&Prime; z_index=\u00a0\u00bb0&Prime; medium_width=\u00a0\u00bb0&Prime; mobile_width=\u00a0\u00bb0&Prime; width=\u00a0\u00bb1\/2&Prime;][vc_column_text text_lead=\u00a0\u00bbyes\u00a0\u00bb uncode_shortcode_id=\u00a0\u00bb828835&Prime;]Aucune pr\u00e9paration n\u2019est requise.<\/p>\n<p>Par contre au moment de vous pr\u00e9senter pour votre examen, assurez-vous d\u2019avoir :<\/p>\n<ul>\n<li>La requ\u00eate d\u2019examen originale sign\u00e9e par votre m\u00e9decin<\/li>\n<li>Votre carte d\u2019assurance maladie (RAMQ) valide<\/li>\n<li>Nous aviser si vous croyez \u00eatre enceinte<\/li>\n<\/ul>\n<p>[\/vc_column_text][\/vc_column_inner][vc_column_inner column_width_percent=\u00a0\u00bb100&Prime; gutter_size=\u00a0\u00bb3&Prime; overlay_alpha=\u00a0\u00bb50&Prime; shift_x=\u00a0\u00bb0&Prime; shift_y=\u00a0\u00bb0&Prime; shift_y_down=\u00a0\u00bb0&Prime; z_index=\u00a0\u00bb0&Prime; medium_width=\u00a0\u00bb0&Prime; mobile_width=\u00a0\u00bb0&Prime; width=\u00a0\u00bb1\/2&Prime;][\/vc_column_inner][\/vc_row_inner][\/vc_column][\/vc_row][vc_row unlock_row_content=\u00a0\u00bbyes\u00a0\u00bb row_height_percent=\u00a0\u00bb5&Prime; override_padding=\u00a0\u00bbyes\u00a0\u00bb h_padding=\u00a0\u00bb2&Prime; top_padding=\u00a0\u00bb3&Prime; bottom_padding=\u00a0\u00bb3&Prime; overlay_alpha=\u00a0\u00bb0&Prime; gutter_size=\u00a0\u00bb100&Prime; column_width_percent=\u00a0\u00bb100&Prime; shift_y=\u00a0\u00bb0&Prime; z_index=\u00a0\u00bb0&Prime; enable_top_divider=\u00a0\u00bbdefault\u00a0\u00bb top_divider=\u00a0\u00bbswoosh-opacity\u00a0\u00bb shape_top_h_use_pixel=\u00a0\u00bb\u00a0\u00bb shape_top_height=\u00a0\u00bb150&Prime; shape_top_color=\u00a0\u00bbcolor-132177&Prime; shape_top_opacity=\u00a0\u00bb100&Prime; shape_top_index=\u00a0\u00bb0&Prime; bottom_divider=\u00a0\u00bbswoosh-opacity\u00a0\u00bb style=\u00a0\u00bbinherited\u00a0\u00bb row_name=\u00a0\u00bbGallery\u00a0\u00bb uncode_shortcode_id=\u00a0\u00bb162393&Prime; shape_top_color_type=\u00a0\u00bbuncode-palette\u00a0\u00bb][vc_column column_width_percent=\u00a0\u00bb100&Prime; align_horizontal=\u00a0\u00bbalign_center\u00a0\u00bb gutter_size=\u00a0\u00bb4&Prime; style=\u00a0\u00bbdark\u00a0\u00bb overlay_alpha=\u00a0\u00bb100&Prime; shift_x=\u00a0\u00bb0&Prime; shift_y=\u00a0\u00bb0&Prime; shift_y_down=\u00a0\u00bb0&Prime; z_index=\u00a0\u00bb0&Prime; medium_width=\u00a0\u00bb0&Prime; mobile_width=\u00a0\u00bb0&Prime; zoom_width=\u00a0\u00bb0&Prime; zoom_height=\u00a0\u00bb0&Prime; width=\u00a0\u00bb1\/1&Prime; mobile_width_full=\u00a0\u00bb\u00a0\u00bb][\/vc_column][\/vc_row][vc_row][vc_column width=\u00a0\u00bb1\/1&Prime;][uncode_block id=\u00a0\u00bb80509&Prime;][\/vc_column][\/vc_row]<\/p>\n<\/div>","protected":false},"excerpt":{"rendered":"<p>[vc_row row_height_percent=\u00a0\u00bb0&Prime; override_padding=\u00a0\u00bbyes\u00a0\u00bb h_padding=\u00a0\u00bb2&Prime; top_padding=\u00a0\u00bb0&Prime; bottom_padding=\u00a0\u00bb2&Prime; overlay_alpha=\u00a0\u00bb50&Prime; gutter_size=\u00a0\u00bb3&Prime; column_width_percent=\u00a0\u00bb100&Prime; shift_y=\u00a0\u00bb0&Prime; z_index=\u00a0\u00bb0&Prime; bottom_divider=\u00a0\u00bbswoosh-opacity\u00a0\u00bb uncode_shortcode_id=\u00a0\u00bb174364&Prime;][vc_column column_width_percent=\u00a0\u00bb100&Prime; position_horizontal=\u00a0\u00bbleft\u00a0\u00bb gutter_size=\u00a0\u00bb3&Prime; overlay_alpha=\u00a0\u00bb50&Prime; shift_x=\u00a0\u00bb0&Prime; shift_y=\u00a0\u00bb-4&Prime; shift_y_down=\u00a0\u00bb0&Prime; [&hellip;]<\/p>\n","protected":false},"author":1,"featured_media":0,"parent":0,"menu_order":0,"comment_status":"closed","ping_status":"closed","template":"","meta":{"footnotes":""},"class_list":["post-80601","page","type-page","status-publish","hentry","page_category-services"],"_links":{"self":[{"href":"https:\/\/www.groupeunimage.com\/index.php?rest_route=\/wp\/v2\/pages\/80601","targetHints":{"allow":["GET"]}}],"collection":[{"href":"https:\/\/www.groupeunimage.com\/index.php?rest_route=\/wp\/v2\/pages"}],"about":[{"href":"https:\/\/www.groupeunimage.com\/index.php?rest_route=\/wp\/v2\/types\/page"}],"author":[{"embeddable":true,"href":"https:\/\/www.groupeunimage.com\/index.php?rest_route=\/wp\/v2\/users\/1"}],"replies":[{"embeddable":true,"href":"https:\/\/www.groupeunimage.com\/index.php?rest_route=%2Fwp%2Fv2%2Fcomments&post=80601"}],"version-history":[{"count":47,"href":"https:\/\/www.groupeunimage.com\/index.php?rest_route=\/wp\/v2\/pages\/80601\/revisions"}],"predecessor-version":[{"id":112017,"href":"https:\/\/www.groupeunimage.com\/index.php?rest_route=\/wp\/v2\/pages\/80601\/revisions\/112017"}],"wp:attachment":[{"href":"https:\/\/www.groupeunimage.com\/index.php?rest_route=%2Fwp%2Fv2%2Fmedia&parent=80601"}],"curies":[{"name":"wp","href":"https:\/\/api.w.org\/{rel}","templated":true}]}}