{"id":80110,"date":"2019-05-17T20:23:31","date_gmt":"2019-05-17T20:23:31","guid":{"rendered":"http:\/\/www.groupeunimage.com\/wp\/?page_id=80110"},"modified":"2026-04-14T19:59:37","modified_gmt":"2026-04-14T19:59:37","slug":"rendez-vous","status":"publish","type":"page","link":"https:\/\/www.groupeunimage.com\/?page_id=80110","title":{"rendered":"Rendez-vous"},"content":{"rendered":"<div class=\"wpb-content-wrapper\"><p>[vc_row][vc_column column_width_percent=\u00a0\u00bb100&Prime; position_vertical=\u00a0\u00bbmiddle\u00a0\u00bb align_horizontal=\u00a0\u00bbalign_center\u00a0\u00bb gutter_size=\u00a0\u00bb3&Prime; style=\u00a0\u00bblight\u00a0\u00bb overlay_alpha=\u00a0\u00bb50&Prime; shift_x=\u00a0\u00bb0&Prime; shift_y=\u00a0\u00bb0&Prime; shift_y_down=\u00a0\u00bb0&Prime; z_index=\u00a0\u00bb0&Prime; medium_width=\u00a0\u00bb0&Prime; mobile_width=\u00a0\u00bb0&Prime; width=\u00a0\u00bb1\/1&Prime;][\/vc_column][\/vc_row][vc_row row_height_percent=\u00a0\u00bb0&Prime; overlay_alpha=\u00a0\u00bb50&Prime; gutter_size=\u00a0\u00bb3&Prime; column_width_percent=\u00a0\u00bb100&Prime; shift_y=\u00a0\u00bb0&Prime; z_index=\u00a0\u00bb0&Prime;][vc_column column_width_percent=\u00a0\u00bb100&Prime; gutter_size=\u00a0\u00bb3&Prime; override_padding=\u00a0\u00bbyes\u00a0\u00bb column_padding=\u00a0\u00bb0&Prime; style=\u00a0\u00bbdark\u00a0\u00bb overlay_alpha=\u00a0\u00bb50&Prime; shift_x=\u00a0\u00bb0&Prime; shift_y=\u00a0\u00bb0&Prime; shift_y_down=\u00a0\u00bb0&Prime; z_index=\u00a0\u00bb0&Prime; medium_width=\u00a0\u00bb0&Prime; mobile_width=\u00a0\u00bb0&Prime; width=\u00a0\u00bb1\/1&Prime;][vc_row_inner][vc_column_inner column_width_percent=\u00a0\u00bb100&Prime; gutter_size=\u00a0\u00bb3&Prime; override_padding=\u00a0\u00bbyes\u00a0\u00bb column_padding=\u00a0\u00bb2&Prime; style=\u00a0\u00bbdark\u00a0\u00bb back_color=\u00a0\u00bbaccent\u00a0\u00bb overlay_alpha=\u00a0\u00bb50&Prime; shift_x=\u00a0\u00bb0&Prime; shift_y=\u00a0\u00bb0&Prime; shift_y_down=\u00a0\u00bb0&Prime; z_index=\u00a0\u00bb0&Prime; medium_width=\u00a0\u00bb0&Prime; mobile_width=\u00a0\u00bb0&Prime; width=\u00a0\u00bb1\/1&Prime;][vc_custom_heading heading_semantic=\u00a0\u00bbh2&Prime;]Au moment de vous pr\u00e9senter \u00e0 votre rendez-vous, assurez-vous d\u2019avoir:[\/vc_custom_heading][\/vc_column_inner][\/vc_row_inner][vc_row_inner row_inner_height_percent=\u00a0\u00bb0&Prime; overlay_alpha=\u00a0\u00bb50&Prime; gutter_size=\u00a0\u00bb3&Prime; border_color=\u00a0\u00bbaccent\u00a0\u00bb border_style=\u00a0\u00bbsolid\u00a0\u00bb shift_y=\u00a0\u00bb0&Prime; z_index=\u00a0\u00bb0&Prime; css=\u00a0\u00bb.vc_custom_1558126837757{margin-top: 0px !important;border-top-width: 1px !important;border-right-width: 1px !important;border-bottom-width: 1px !important;border-left-width: 1px !important;}\u00a0\u00bb][vc_column_inner column_width_percent=\u00a0\u00bb100&Prime; gutter_size=\u00a0\u00bb3&Prime; back_color=\u00a0\u00bbcolor-xsdn\u00a0\u00bb overlay_alpha=\u00a0\u00bb50&Prime; shift_x=\u00a0\u00bb0&Prime; shift_y=\u00a0\u00bb0&Prime; shift_y_down=\u00a0\u00bb0&Prime; z_index=\u00a0\u00bb0&Prime; medium_width=\u00a0\u00bb0&Prime; mobile_width=\u00a0\u00bb0&Prime; width=\u00a0\u00bb1\/1&Prime;][vc_column_text uncode_shortcode_id=\u00a0\u00bb858476&Prime;]<\/p>\n<ul>\n<li>La requ\u00eate originale sign\u00e9e de votre m\u00e9decin<\/li>\n<li>Votre carte d\u2019assurance-maladie pour l\u2019ouverture de votre dossier<\/li>\n<li>Au besoin le mode de paiement de votre examen<\/li>\n<\/ul>\n<p><strong>Veuillez arriver environ 15 \u00e0 30 minutes \u00e0 l\u2019avance pour le stationnement et l\u2019ouverture du dossier.<\/strong>[\/vc_column_text][\/vc_column_inner][\/vc_row_inner][\/vc_column][\/vc_row][vc_row row_height_percent=\u00a0\u00bb0&Prime; overlay_alpha=\u00a0\u00bb50&Prime; gutter_size=\u00a0\u00bb3&Prime; column_width_percent=\u00a0\u00bb100&Prime; shift_y=\u00a0\u00bb0&Prime; z_index=\u00a0\u00bb0&Prime; uncode_shortcode_id=\u00a0\u00bb475871&Prime; css=\u00a0\u00bb.vc_custom_1654204149131{margin-bottom: 0px !important;border-bottom-width: 0px !important;padding-bottom: 0px !important;}\u00a0\u00bb][vc_column column_width_percent=\u00a0\u00bb100&Prime; align_horizontal=\u00a0\u00bbalign_center\u00a0\u00bb gutter_size=\u00a0\u00bb3&Prime; override_padding=\u00a0\u00bbyes\u00a0\u00bb column_padding=\u00a0\u00bb0&Prime; style=\u00a0\u00bblight\u00a0\u00bb overlay_alpha=\u00a0\u00bb50&Prime; shift_x=\u00a0\u00bb0&Prime; shift_y=\u00a0\u00bb0&Prime; shift_y_down=\u00a0\u00bb0&Prime; z_index=\u00a0\u00bb0&Prime; medium_width=\u00a0\u00bb0&Prime; mobile_width=\u00a0\u00bb0&Prime; width=\u00a0\u00bb1\/1&Prime;][vc_custom_heading text_color=\u00a0\u00bbaccent\u00a0\u00bb subheading=\u00a0\u00bbVeuillez prendre note que nous r\u00e9pondons aux demandes de rendez-vous par internet, par t\u00e9l\u00e9phone ou par courriel, dans un d\u00e9lai de 24 \u00e0 48 heures ouvrables. Pour les examens de radiologie g\u00e9n\u00e9rale, vous n\u2019avez pas besoin de rendez-vous, pr\u00e9sentez-vous avec votre prescription et votre carte d\u2019assurance maladie \u00e0 la clinique de votre choix durant ses heures d\u2019ouverture.\u00a0\u00bb uncode_shortcode_id=\u00a0\u00bb121475&Prime; text_color_type=\u00a0\u00bbuncode-palette\u00a0\u00bb]Demande de rendez-vous en ligne[\/vc_custom_heading][\/vc_column][\/vc_row][vc_row row_height_percent=\u00a0\u00bb0&Prime; override_padding=\u00a0\u00bbyes\u00a0\u00bb h_padding=\u00a0\u00bb2&Prime; top_padding=\u00a0\u00bb2&Prime; bottom_padding=\u00a0\u00bb3&Prime; overlay_alpha=\u00a0\u00bb50&Prime; gutter_size=\u00a0\u00bb3&Prime; column_width_percent=\u00a0\u00bb100&Prime; shift_y=\u00a0\u00bb0&Prime; z_index=\u00a0\u00bb0&Prime; uncode_shortcode_id=\u00a0\u00bb176392&Prime; css=\u00a0\u00bb.vc_custom_1654267237877{margin-top: 0px !important;border-top-width: 0px !important;padding-top: 0px !important;}\u00a0\u00bb][vc_column column_width_percent=\u00a0\u00bb100&Prime; align_horizontal=\u00a0\u00bbalign_center\u00a0\u00bb gutter_size=\u00a0\u00bb3&Prime; style=\u00a0\u00bblight\u00a0\u00bb back_color=\u00a0\u00bbcolor-lxmt\u00a0\u00bb overlay_alpha=\u00a0\u00bb50&Prime; shift_x=\u00a0\u00bb0&Prime; shift_y=\u00a0\u00bb0&Prime; shift_y_down=\u00a0\u00bb0&Prime; z_index=\u00a0\u00bb0&Prime; medium_width=\u00a0\u00bb0&Prime; mobile_width=\u00a0\u00bb0&Prime; width=\u00a0\u00bb1\/1&Prime; uncode_shortcode_id=\u00a0\u00bb567178&Prime; back_color_type=\u00a0\u00bbuncode-palette\u00a0\u00bb css=\u00a0\u00bb.vc_custom_1654204116247{padding-top: 0px !important;padding-bottom: 0px !important;}\u00a0\u00bb]\r\n<style type=\"text\/css\">\r\n\r\n\r\n\r\n\r\n\r\n\r\n\r\n\tbody #wpforms-80803 .wpforms-submit-container .wpforms-submit, body #wpforms-80803 .wpforms-field-pagebreak button.wpforms-page-button {\r\n\t\theight:50px ;color:#ffffff ;background-color:#006cff ;width:100% ;border-width:1px ;border-color:#006cff ;border-radius:25px ;-web-border-radius:25px ;-moz-border-radius:25px ;\t\t\t}\r\n\r\n\tbody #wpforms-80803 .wpforms-submit-container .wpforms-submit:hover, body #wpforms-80803 .wpforms-field-pagebreak button.wpforms-page-button:hover {\r\n\tbackground-color:#ffffff;\tcolor:#006cff;\t}\r\n\r\n\tbody #wpforms-80803 .wpforms-submit-container,\r\n\tbody #wpforms-80803 .wpforms-field-pagebreak .wpforms-pagebreak-left{\r\n\t\t}\r\n\r\n\r\n\r\n\r\n\r\n\r\n\r\n\r\n\r\n\r\n\r\n\/* Styling for Tablets *\/\r\n@media only screen and (max-width: 800px) and (min-width:481px) {\r\n\t\r\n\r\n\r\n\r\n}\r\n\r\n@media only screen and (max-width: 480px){\r\n\t\r\n\r\n\r\n\r\n}\r\n\/*Option to add custom CSS *\/\r\n\r\n\r\n\r\n\t\t<\/style>\r\n\t\t<div class=\"wpforms-container wpforms-container-full\" id=\"wpforms-80803\"><form id=\"wpforms-form-80803\" class=\"wpforms-validate wpforms-form wpforms-ajax-form\" data-formid=\"80803\" method=\"post\" enctype=\"multipart\/form-data\" action=\"\/index.php?rest_route=%2Fwp%2Fv2%2Fpages%2F80110&#038;wpforms_form_id=80803\" data-token=\"c524446771c251027397ebc1ddefc93e\" data-token-time=\"1777126586\"><noscript class=\"wpforms-error-noscript\">Veuillez activer JavaScript dans votre navigateur pour remplir ce formulaire.<\/noscript><div class=\"wpforms-field-container\"><div id=\"wpforms-80803-field_1-container\" class=\"wpforms-field wpforms-field-select wpforms-one-half wpforms-first wpforms-conditional-trigger wpforms-field-select-style-modern\" data-field-id=\"1\"><label class=\"wpforms-field-label wpforms-label-hide\" for=\"wpforms-80803-field_1\">Choisir l&#039;examen <span class=\"wpforms-required-label\">*<\/span><\/label><select id=\"wpforms-80803-field_1\" class=\"wpforms-field-large wpforms-field-required choicesjs-select\" data-size-class=\"wpforms-field-row wpforms-field-large\" data-search-enabled=\"\" name=\"wpforms[fields][1]\" required=\"required\"><option value=\"\" class=\"placeholder\" disabled  selected='selected'>Choisir l&#039;examen<\/option><option value=\"Radiologie sp\u00e9cialis\u00e9e\"  class=\"choice-2 depth-1\"  >Radiologie sp\u00e9cialis\u00e9e<\/option><option value=\"Mammographie\"  class=\"choice-3 depth-1\"  >Mammographie<\/option><option value=\"Ost\u00e9odensitom\u00e9trie\"  class=\"choice-4 depth-1\"  >Ost\u00e9odensitom\u00e9trie<\/option><option value=\"\u00c9chographie g\u00e9n\u00e9rale et sp\u00e9cialis\u00e9e\"  class=\"choice-5 depth-1\"  >\u00c9chographie g\u00e9n\u00e9rale et sp\u00e9cialis\u00e9e<\/option><option value=\"R\u00e9sonance magn\u00e9tique (IRM)\"  class=\"choice-6 depth-1\"  >R\u00e9sonance magn\u00e9tique (IRM)<\/option><\/select><\/div><div id=\"wpforms-80803-field_2-container\" class=\"wpforms-field wpforms-field-select wpforms-one-half wpforms-conditional-field wpforms-conditional-show wpforms-field-select-style-classic\" data-field-id=\"2\" style=\"display:none;\"><label class=\"wpforms-field-label wpforms-label-hide\" for=\"wpforms-80803-field_2\">Radiologie sp\u00e9cialis\u00e9e <span class=\"wpforms-required-label\">*<\/span><\/label><select id=\"wpforms-80803-field_2\" class=\"wpforms-field-large wpforms-field-required\" name=\"wpforms[fields][2]\" required=\"required\"><option value=\"\" class=\"placeholder\" disabled  selected='selected'>Choisissez une clinique<\/option><option value=\"LaSalle\"  class=\"choice-1 depth-1\"  >LaSalle<\/option><\/select><\/div><div id=\"wpforms-80803-field_3-container\" class=\"wpforms-field wpforms-field-select wpforms-one-half wpforms-conditional-field wpforms-conditional-show wpforms-field-select-style-classic\" data-field-id=\"3\" style=\"display:none;\"><label class=\"wpforms-field-label wpforms-label-hide\" for=\"wpforms-80803-field_3\">Mammographie <span class=\"wpforms-required-label\">*<\/span><\/label><select id=\"wpforms-80803-field_3\" class=\"wpforms-field-large wpforms-field-required\" name=\"wpforms[fields][3]\" required=\"required\"><option value=\"\" class=\"placeholder\" disabled  selected='selected'>Choisissez une clinique<\/option><option value=\"LaSalle\"  class=\"choice-1 depth-1\"  >LaSalle<\/option><\/select><\/div><div id=\"wpforms-80803-field_4-container\" class=\"wpforms-field wpforms-field-select wpforms-one-half wpforms-conditional-field wpforms-conditional-show wpforms-field-select-style-classic\" data-field-id=\"4\" style=\"display:none;\"><label class=\"wpforms-field-label wpforms-label-hide\" for=\"wpforms-80803-field_4\">Ost\u00e9o <span class=\"wpforms-required-label\">*<\/span><\/label><select id=\"wpforms-80803-field_4\" class=\"wpforms-field-large wpforms-field-required\" name=\"wpforms[fields][4]\" required=\"required\"><option value=\"\" class=\"placeholder\" disabled  selected='selected'>Choisissez une clinique<\/option><option value=\"LaSalle\"  class=\"choice-1 depth-1\"  >LaSalle<\/option><option value=\"\u00cele-des-S\u0153urs\"  class=\"choice-5 depth-1\"  >\u00cele-des-S\u0153urs<\/option><\/select><\/div><div id=\"wpforms-80803-field_5-container\" class=\"wpforms-field wpforms-field-select wpforms-one-half wpforms-conditional-field wpforms-conditional-show wpforms-field-select-style-classic\" data-field-id=\"5\" style=\"display:none;\"><label class=\"wpforms-field-label wpforms-label-hide\" for=\"wpforms-80803-field_5\">\u00c9cho <span class=\"wpforms-required-label\">*<\/span><\/label><select id=\"wpforms-80803-field_5\" class=\"wpforms-field-large wpforms-field-required\" name=\"wpforms[fields][5]\" required=\"required\"><option value=\"\" class=\"placeholder\" disabled  selected='selected'>Choisissez une clinique<\/option><option value=\"LaSalle\"  class=\"choice-1 depth-1\"  >LaSalle<\/option><option value=\"Lachine\"  class=\"choice-2 depth-1\"  >Lachine<\/option><option value=\"Delson\"  class=\"choice-3 depth-1\"  >Delson<\/option><option value=\"\u00cele-des-S\u0153urs\"  class=\"choice-5 depth-1\"  >\u00cele-des-S\u0153urs<\/option><\/select><\/div><div id=\"wpforms-80803-field_6-container\" class=\"wpforms-field wpforms-field-select wpforms-one-half wpforms-conditional-field wpforms-conditional-show wpforms-field-select-style-classic\" data-field-id=\"6\" style=\"display:none;\"><label class=\"wpforms-field-label wpforms-label-hide\" for=\"wpforms-80803-field_6\">IRM <span class=\"wpforms-required-label\">*<\/span><\/label><select id=\"wpforms-80803-field_6\" class=\"wpforms-field-large wpforms-field-required\" name=\"wpforms[fields][6]\" required=\"required\"><option value=\"\" class=\"placeholder\" disabled  selected='selected'>Choisissez une clinique<\/option><option value=\"LaSalle\"  class=\"choice-1 depth-1\"  >LaSalle<\/option><\/select><\/div><div id=\"wpforms-80803-field_7-container\" class=\"wpforms-field wpforms-field-text wpforms-one-half wpforms-first\" data-field-id=\"7\"><label class=\"wpforms-field-label wpforms-label-hide\" for=\"wpforms-80803-field_7\">Pr\u00e9nom <span class=\"wpforms-required-label\">*<\/span><\/label><input type=\"text\" id=\"wpforms-80803-field_7\" class=\"wpforms-field-large wpforms-field-required\" name=\"wpforms[fields][7]\" placeholder=\"Pr\u00e9nom\" required><\/div><div id=\"wpforms-80803-field_12-container\" class=\"wpforms-field wpforms-field-text wpforms-one-half\" data-field-id=\"12\"><label class=\"wpforms-field-label wpforms-label-hide\" for=\"wpforms-80803-field_12\">Nom <span class=\"wpforms-required-label\">*<\/span><\/label><input type=\"text\" id=\"wpforms-80803-field_12\" class=\"wpforms-field-large wpforms-field-required\" name=\"wpforms[fields][12]\" placeholder=\"Nom\" required><\/div><div id=\"wpforms-80803-field_13-container\" class=\"wpforms-field wpforms-field-text wpforms-one-half wpforms-first\" data-field-id=\"13\"><label class=\"wpforms-field-label wpforms-label-hide\" for=\"wpforms-80803-field_13\">T\u00e9l\u00e9phone <span class=\"wpforms-required-label\">*<\/span><\/label><input type=\"text\" id=\"wpforms-80803-field_13\" class=\"wpforms-field-large wpforms-field-required\" name=\"wpforms[fields][13]\" placeholder=\"T\u00e9l\u00e9phone\" required><\/div><div id=\"wpforms-80803-field_14-container\" class=\"wpforms-field wpforms-field-text wpforms-one-half\" data-field-id=\"14\"><label class=\"wpforms-field-label wpforms-label-hide\" for=\"wpforms-80803-field_14\">Autre No. de t\u00e9l\u00e9phone<\/label><input type=\"text\" id=\"wpforms-80803-field_14\" class=\"wpforms-field-large\" name=\"wpforms[fields][14]\" placeholder=\"Autre No. de t\u00e9l\u00e9phone\" ><\/div><div id=\"wpforms-80803-field_15-container\" class=\"wpforms-field wpforms-field-email\" data-field-id=\"15\"><label class=\"wpforms-field-label wpforms-label-hide\" for=\"wpforms-80803-field_15\">Courriel <span class=\"wpforms-required-label\">*<\/span><\/label><input type=\"email\" id=\"wpforms-80803-field_15\" class=\"wpforms-field-large wpforms-field-required\" name=\"wpforms[fields][15]\" placeholder=\"Courriel\" spellcheck=\"false\" required><\/div><div id=\"wpforms-80803-field_16-container\" class=\"wpforms-field wpforms-field-checkbox wpforms-list-inline\" data-field-id=\"16\"><label class=\"wpforms-field-label\">Examen provient de la:<\/label><ul id=\"wpforms-80803-field_16\"><li class=\"choice-1 depth-1\"><input type=\"checkbox\" id=\"wpforms-80803-field_16_1\" name=\"wpforms[fields][16][]\" value=\"CNESST\"  ><label class=\"wpforms-field-label-inline\" for=\"wpforms-80803-field_16_1\">CNESST<\/label><\/li><li class=\"choice-2 depth-1\"><input type=\"checkbox\" id=\"wpforms-80803-field_16_2\" name=\"wpforms[fields][16][]\" value=\"SAAQ\"  ><label class=\"wpforms-field-label-inline\" for=\"wpforms-80803-field_16_2\">SAAQ<\/label><\/li><\/ul><\/div><div id=\"wpforms-80803-field_18-container\" class=\"wpforms-field wpforms-field-text wpforms-one-half wpforms-first\" data-field-id=\"18\"><label class=\"wpforms-field-label wpforms-label-hide\" for=\"wpforms-80803-field_18\">Nom de l&#039;agent<\/label><input type=\"text\" id=\"wpforms-80803-field_18\" class=\"wpforms-field-large\" name=\"wpforms[fields][18]\" placeholder=\"Nom de l&#039;agent\" ><\/div><div id=\"wpforms-80803-field_19-container\" class=\"wpforms-field wpforms-field-text wpforms-one-half\" data-field-id=\"19\"><label class=\"wpforms-field-label wpforms-label-hide\" for=\"wpforms-80803-field_19\">Son num\u00e9ro de fax<\/label><input type=\"text\" id=\"wpforms-80803-field_19\" class=\"wpforms-field-large\" name=\"wpforms[fields][19]\" placeholder=\"Son num\u00e9ro de fax\" ><\/div><div id=\"wpforms-80803-field_17-container\" class=\"wpforms-field wpforms-field-file-upload\" data-field-id=\"17\"><label class=\"wpforms-field-label\" for=\"wpforms-80803-field_17\">IMPORTANT : Joindre une copie num\u00e9ris\u00e9e ou une photo de la requ\u00eate d\u2019examen sign\u00e9e par votre m\u00e9decin<\/label><div\n\t\tclass=\"wpforms-uploader \"\n\t\tdata-field-id=\"17\"\n\t\tdata-form-id=\"80803\"\n\t\tdata-input-name=\"wpforms_80803_17\"\n\t\tdata-extensions=\"jpg,jpeg,jpe,gif,png,bmp,tiff,tif,webp,avif,ico,heic,heif,heics,heifs,asf,asx,wmv,wmx,wm,avi,divx,mov,qt,mpeg,mpg,mpe,mp4,m4v,ogv,webm,mkv,3gp,3gpp,3g2,3gp2,txt,asc,c,cc,h,srt,csv,tsv,ics,rtx,css,vtt,mp3,m4a,m4b,aac,ra,ram,wav,x-wav,ogg,oga,flac,mid,midi,wma,wax,mka,rtf,pdf,class,tar,zip,gz,gzip,rar,7z,psd,xcf,doc,pot,pps,ppt,wri,xla,xls,xlt,xlw,mpp,docx,docm,dotx,dotm,xlsx,xlsm,xlsb,xltx,xltm,xlam,pptx,pptm,ppsx,ppsm,potx,potm,ppam,sldx,sldm,onetoc,onetoc2,onepkg,oxps,xps,odt,odp,ods,odg,odc,odb,odf,wp,wpd,key,numbers,pages,svg\"\n\t\tdata-max-size=\"536870912\"\n\t\tdata-max-file-number=\"1\"\n\t\tdata-post-max-size=\"536870912\"\n\t\tdata-max-parallel-uploads=\"4\"\n\t\tdata-parallel-uploads=\"true\"\n\t\tdata-file-chunk-size=\"2097152\">\n\t<div class=\"dz-message\">\n\t\t<svg  viewBox=\"0 0 640 640\" focusable=\"false\" data-icon=\"inbox\" width=\"50px\" height=\"50px\" fill=\"currentColor\" aria-hidden=\"true\">\n\t\t\t<path d=\"M352 173.3L352 384C352 401.7 337.7 416 320 416C302.3 416 288 401.7 288 384L288 173.3L246.6 214.7C234.1 227.2 213.8 227.2 201.3 214.7C188.8 202.2 188.8 181.9 201.3 169.4L297.3 73.4C309.8 60.9 330.1 60.9 342.6 73.4L438.6 169.4C451.1 181.9 451.1 202.2 438.6 214.7C426.1 227.2 405.8 227.2 393.3 214.7L352 173.3zM320 464C364.2 464 400 428.2 400 384L480 384C515.3 384 544 412.7 544 448L544 480C544 515.3 515.3 544 480 544L160 544C124.7 544 96 515.3 96 480L96 448C96 412.7 124.7 384 160 384L240 384C240 428.2 275.8 464 320 464zM464 488C477.3 488 488 477.3 488 464C488 450.7 477.3 440 464 440C450.7 440 440 450.7 440 464C440 477.3 450.7 488 464 488z\"\/>\n\t\t<\/svg>\n\n\t\t<span class=\"modern-title\">\n\t\t\t\t\t\t\tDrag &amp; Drop Files, \t\t\t\t<span>Choose Files to Upload<\/span>\n\t\t\t\t\t<\/span>\n\n\t\t\t<\/div>\n<\/div>\n\n<input\n\t\ttype=\"text\"\n\t\tautocomplete=\"off\"\n\t\treadonly\n\t\tclass=\"dropzone-input\"\n\t\tstyle=\"position:absolute!important;clip:rect(0,0,0,0)!important;height:1px!important;width:1px!important;border:0!important;overflow:hidden!important;padding:0!important;margin:0!important;\"\n\t\tid=\"wpforms-80803-field_17\"\n\t\tname=\"wpforms_80803_17\" \t\tvalue=\"\">\n<\/div><\/div><!-- .wpforms-field-container --><div class=\"wpforms-submit-container\" ><input type=\"hidden\" name=\"wpforms[id]\" value=\"80803\"><input type=\"hidden\" name=\"page_title\" value=\"\"><input type=\"hidden\" name=\"page_url\" value=\"https:\/\/www.groupeunimage.com\/index.php?rest_route=\/wp\/v2\/pages\/80110\"><input type=\"hidden\" name=\"url_referer\" value=\"\"><button type=\"submit\" name=\"wpforms[submit]\" id=\"wpforms-submit-80803\" class=\"wpforms-submit\" data-alt-text=\"Envoi...\" data-submit-text=\"SOUMETTRE\" aria-live=\"assertive\" value=\"wpforms-submit\">SOUMETTRE<\/button><img decoding=\"async\" src=\"https:\/\/www.groupeunimage.com\/wp-content\/plugins\/wpforms\/assets\/images\/submit-spin.svg\" class=\"wpforms-submit-spinner\" style=\"display: none;\" width=\"26\" height=\"26\" alt=\"Chargement en cours\"><\/div><\/form><\/div>  <!-- .wpforms-container -->[\/vc_column][\/vc_row]<\/p>\n<\/div>","protected":false},"excerpt":{"rendered":"<p>[vc_row][vc_column column_width_percent=\u00a0\u00bb100&Prime; position_vertical=\u00a0\u00bbmiddle\u00a0\u00bb align_horizontal=\u00a0\u00bbalign_center\u00a0\u00bb gutter_size=\u00a0\u00bb3&Prime; style=\u00a0\u00bblight\u00a0\u00bb overlay_alpha=\u00a0\u00bb50&Prime; shift_x=\u00a0\u00bb0&Prime; shift_y=\u00a0\u00bb0&Prime; shift_y_down=\u00a0\u00bb0&Prime; z_index=\u00a0\u00bb0&Prime; medium_width=\u00a0\u00bb0&Prime; mobile_width=\u00a0\u00bb0&Prime; width=\u00a0\u00bb1\/1&Prime;][\/vc_column][\/vc_row][vc_row row_height_percent=\u00a0\u00bb0&Prime; overlay_alpha=\u00a0\u00bb50&Prime; gutter_size=\u00a0\u00bb3&Prime; column_width_percent=\u00a0\u00bb100&Prime; shift_y=\u00a0\u00bb0&Prime; z_index=\u00a0\u00bb0&Prime;][vc_column [&hellip;]<\/p>\n","protected":false},"author":1,"featured_media":0,"parent":0,"menu_order":0,"comment_status":"closed","ping_status":"closed","template":"","meta":{"footnotes":""},"class_list":["post-80110","page","type-page","status-publish","hentry"],"_links":{"self":[{"href":"https:\/\/www.groupeunimage.com\/index.php?rest_route=\/wp\/v2\/pages\/80110","targetHints":{"allow":["GET"]}}],"collection":[{"href":"https:\/\/www.groupeunimage.com\/index.php?rest_route=\/wp\/v2\/pages"}],"about":[{"href":"https:\/\/www.groupeunimage.com\/index.php?rest_route=\/wp\/v2\/types\/page"}],"author":[{"embeddable":true,"href":"https:\/\/www.groupeunimage.com\/index.php?rest_route=\/wp\/v2\/users\/1"}],"replies":[{"embeddable":true,"href":"https:\/\/www.groupeunimage.com\/index.php?rest_route=%2Fwp%2Fv2%2Fcomments&post=80110"}],"version-history":[{"count":53,"href":"https:\/\/www.groupeunimage.com\/index.php?rest_route=\/wp\/v2\/pages\/80110\/revisions"}],"predecessor-version":[{"id":112023,"href":"https:\/\/www.groupeunimage.com\/index.php?rest_route=\/wp\/v2\/pages\/80110\/revisions\/112023"}],"wp:attachment":[{"href":"https:\/\/www.groupeunimage.com\/index.php?rest_route=%2Fwp%2Fv2%2Fmedia&parent=80110"}],"curies":[{"name":"wp","href":"https:\/\/api.w.org\/{rel}","templated":true}]}}