{"id":111110,"date":"2022-10-25T14:33:22","date_gmt":"2022-10-25T14:33:22","guid":{"rendered":"https:\/\/www.groupeunimage.com\/?page_id=111110"},"modified":"2026-04-14T19:59:32","modified_gmt":"2026-04-14T19:59:32","slug":"a-propos","status":"publish","type":"page","link":"https:\/\/www.groupeunimage.com\/?page_id=111110","title":{"rendered":"\u00c0 propos"},"content":{"rendered":"<div class=\"wpb-content-wrapper\"><p>[vc_row][vc_column width=\u00a0\u00bb1\/1&Prime;][vc_custom_heading text_color=\u00a0\u00bbcolor-132177&Prime; heading_semantic=\u00a0\u00bbh2&Prime; text_size=\u00a0\u00bbh1&Prime; text_weight=\u00a0\u00bb800&Prime; text_transform=\u00a0\u00bbuppercase\u00a0\u00bb uncode_shortcode_id=\u00a0\u00bb699852&Prime; text_color_type=\u00a0\u00bbuncode-palette\u00a0\u00bb]Mission:[\/vc_custom_heading][vc_column_text uncode_shortcode_id=\u00a0\u00bb109574&Prime;]Depuis plus de 50 ans, le Groupe Unimage offre aux patients et aux professionnels de la sant\u00e9 une gamme compl\u00e8te de services en mati\u00e8re d\u2019imagerie m\u00e9dicale de pointe.<br \/>\nPartenaire cl\u00e9 dans le parcours de soins des patients, le Groupe UnImage promet une prise en charge rapide et globale des dossiers qui lui sont confi\u00e9s, tout en maintenant une ligne directrice claire et distinctive : l\u2019humain au c\u0153ur des soins.<\/p>\n<p>Le Groupe Unimage, c\u2019est aussi :<br \/>\n\u2022 Plus de 30 professionnels de la sant\u00e9<br \/>\n\u2022 Un r\u00e9seau de 6 centres de services<br \/>\n\u2022 Plus de 1M d\u2019examens faits \u00e0 ce jour<br \/>\n\u2022 Des \u00e9quipements \u00e0 la fine pointe[\/vc_column_text][vc_custom_heading text_color=\u00a0\u00bbcolor-132177&Prime; text_size=\u00a0\u00bbh1&Prime; text_weight=\u00a0\u00bb800&Prime; text_transform=\u00a0\u00bbuppercase\u00a0\u00bb uncode_shortcode_id=\u00a0\u00bb135183&Prime; text_color_type=\u00a0\u00bbuncode-palette\u00a0\u00bb]Les valeurs:[\/vc_custom_heading][vc_column_text uncode_shortcode_id=\u00a0\u00bb989804&Prime;]Le Groupe UnImage continue de d\u00e9fendre et de respecter les valeurs suivantes au quotidien:[\/vc_column_text][\/vc_column][\/vc_row][vc_row row_height_percent=\u00a0\u00bb0&Prime; override_padding=\u00a0\u00bbyes\u00a0\u00bb h_padding=\u00a0\u00bb0&Prime; top_padding=\u00a0\u00bb0&Prime; bottom_padding=\u00a0\u00bb0&Prime; overlay_alpha=\u00a0\u00bb100&Prime; equal_height=\u00a0\u00bbyes\u00a0\u00bb gutter_size=\u00a0\u00bb0&Prime; column_width_percent=\u00a0\u00bb100&Prime; shift_y=\u00a0\u00bb0&Prime; z_index=\u00a0\u00bb0&Prime; style=\u00a0\u00bbinherited\u00a0\u00bb uncode_shortcode_id=\u00a0\u00bb601840&Prime;][vc_column column_width_percent=\u00a0\u00bb100&Prime; position_horizontal=\u00a0\u00bbleft\u00a0\u00bb gutter_size=\u00a0\u00bb3&Prime; override_padding=\u00a0\u00bbyes\u00a0\u00bb column_padding=\u00a0\u00bb3&Prime; back_color=\u00a0\u00bbcolor-lxmt\u00a0\u00bb overlay_alpha=\u00a0\u00bb100&Prime; shift_x=\u00a0\u00bb0&Prime; shift_y=\u00a0\u00bb0&Prime; shift_y_down=\u00a0\u00bb0&Prime; z_index=\u00a0\u00bb0&Prime; medium_width=\u00a0\u00bb100&Prime; mobile_width=\u00a0\u00bb0&Prime; zoom_width=\u00a0\u00bb0&Prime; zoom_height=\u00a0\u00bb0&Prime; width=\u00a0\u00bb1\/1&Prime; safe_padding=\u00a0\u00bbyes\u00a0\u00bb uncode_shortcode_id=\u00a0\u00bb349217&Prime; back_color_type=\u00a0\u00bbuncode-palette\u00a0\u00bb][vc_row_inner row_inner_height_percent=\u00a0\u00bb0&Prime; overlay_alpha=\u00a0\u00bb50&Prime; gutter_size=\u00a0\u00bb4&Prime; shift_y=\u00a0\u00bb0&Prime;][vc_column_inner width=\u00a0\u00bb1\/3&Prime;][vc_custom_heading uncode_shortcode_id=\u00a0\u00bb195798&Prime;]L&rsquo;humain: au coeur[\/vc_custom_heading][vc_icon position=\u00a0\u00bbleft\u00a0\u00bb icon=\u00a0\u00bbfa fa-check\u00a0\u00bb size=\u00a0\u00bbfa-2x\u00a0\u00bb text_size=\u00a0\u00bbh4&Prime; align=\u00a0\u00bbleft\u00a0\u00bb uncode_shortcode_id=\u00a0\u00bb108645&Prime;]Faire preuve de respect et d\u2019honn\u00eatet\u00e9 envers les patients et coll\u00e8gues de travail[\/vc_icon][\/vc_column_inner][vc_column_inner width=\u00a0\u00bb1\/3&Prime;][vc_custom_heading uncode_shortcode_id=\u00a0\u00bb927216&Prime;]L&rsquo;expertise[\/vc_custom_heading][vc_icon position=\u00a0\u00bbleft\u00a0\u00bb icon=\u00a0\u00bbfa fa-check\u00a0\u00bb size=\u00a0\u00bbfa-2x\u00a0\u00bb text_size=\u00a0\u00bbh4&Prime; align=\u00a0\u00bbleft\u00a0\u00bb uncode_shortcode_id=\u00a0\u00bb100184&Prime;]Miser sur le partage de connaissances et la formation en continu des ressources[\/vc_icon][\/vc_column_inner][vc_column_inner width=\u00a0\u00bb1\/3&Prime;][vc_custom_heading uncode_shortcode_id=\u00a0\u00bb110193&Prime;]L\u2019excellence du soin<br \/>\net du service[\/vc_custom_heading][vc_icon position=\u00a0\u00bbleft\u00a0\u00bb icon=\u00a0\u00bbfa fa-check\u00a0\u00bb size=\u00a0\u00bbfa-2x\u00a0\u00bb text_size=\u00a0\u00bbh4&Prime; align=\u00a0\u00bbleft\u00a0\u00bb uncode_shortcode_id=\u00a0\u00bb427208&Prime;]Effectuer une interpr\u00e9tation des r\u00e9sultats ad\u00e9quate et rapide (\u00e9mettre un diagnostic<br \/>\njuste)[\/vc_icon][\/vc_column_inner][\/vc_row_inner][vc_row_inner row_inner_height_percent=\u00a0\u00bb0&Prime; overlay_alpha=\u00a0\u00bb50&Prime; gutter_size=\u00a0\u00bb4&Prime; shift_y=\u00a0\u00bb0&Prime;][vc_column_inner width=\u00a0\u00bb1\/3&Prime;][vc_icon position=\u00a0\u00bbleft\u00a0\u00bb icon=\u00a0\u00bbfa fa-check\u00a0\u00bb size=\u00a0\u00bbfa-2x\u00a0\u00bb text_size=\u00a0\u00bbh4&Prime; align=\u00a0\u00bbleft\u00a0\u00bb uncode_shortcode_id=\u00a0\u00bb212504&Prime;]D\u00e9montrer une \u00e9coute empathique[\/vc_icon][\/vc_column_inner][vc_column_inner width=\u00a0\u00bb1\/3&Prime;][vc_icon position=\u00a0\u00bbleft\u00a0\u00bb icon=\u00a0\u00bbfa fa-check\u00a0\u00bb size=\u00a0\u00bbfa-2x\u00a0\u00bb text_size=\u00a0\u00bbh4&Prime; align=\u00a0\u00bbleft\u00a0\u00bb uncode_shortcode_id=\u00a0\u00bb365745&Prime;]Suivre les plus hauts standards et normes de qualit\u00e9 dans l\u2019ensemble de l\u2019organisation[\/vc_icon][\/vc_column_inner][vc_column_inner width=\u00a0\u00bb1\/3&Prime;][vc_icon position=\u00a0\u00bbleft\u00a0\u00bb icon=\u00a0\u00bbfa fa-check\u00a0\u00bb size=\u00a0\u00bbfa-2x\u00a0\u00bb text_size=\u00a0\u00bbh4&Prime; align=\u00a0\u00bbleft\u00a0\u00bb uncode_shortcode_id=\u00a0\u00bb180289&Prime;]Effectuer un examen rigoureux et complet[\/vc_icon][\/vc_column_inner][\/vc_row_inner][vc_row_inner row_inner_height_percent=\u00a0\u00bb0&Prime; overlay_alpha=\u00a0\u00bb50&Prime; gutter_size=\u00a0\u00bb4&Prime; shift_y=\u00a0\u00bb0&Prime;][vc_column_inner width=\u00a0\u00bb1\/3&Prime;][vc_icon position=\u00a0\u00bbleft\u00a0\u00bb icon=\u00a0\u00bbfa fa-check\u00a0\u00bb size=\u00a0\u00bbfa-2x\u00a0\u00bb text_size=\u00a0\u00bbh4&Prime; align=\u00a0\u00bbleft\u00a0\u00bb uncode_shortcode_id=\u00a0\u00bb843792&Prime;]\u00c9mettre un discours clair[\/vc_icon][\/vc_column_inner][vc_column_inner width=\u00a0\u00bb1\/3&Prime;][vc_icon position=\u00a0\u00bbleft\u00a0\u00bb icon=\u00a0\u00bbfa fa-check\u00a0\u00bb size=\u00a0\u00bbfa-2x\u00a0\u00bb text_size=\u00a0\u00bbh4&Prime; align=\u00a0\u00bbleft\u00a0\u00bb uncode_shortcode_id=\u00a0\u00bb105219&Prime;]Prioriser le contr\u00f4le qualit\u00e9[\/vc_icon][\/vc_column_inner][vc_column_inner width=\u00a0\u00bb1\/3&Prime;][vc_icon position=\u00a0\u00bbleft\u00a0\u00bb icon=\u00a0\u00bbfa fa-check\u00a0\u00bb icon_color=\u00a0\u00bbcolor-132177&Prime; size=\u00a0\u00bbfa-2x\u00a0\u00bb text_size=\u00a0\u00bbh4&Prime; align=\u00a0\u00bbleft\u00a0\u00bb uncode_shortcode_id=\u00a0\u00bb263654&Prime; icon_color_type=\u00a0\u00bbuncode-palette\u00a0\u00bb]\u00c9mettre un rapport concis et rapidement aux m\u00e9decins[\/vc_icon][\/vc_column_inner][\/vc_row_inner][vc_row_inner row_inner_height_percent=\u00a0\u00bb0&Prime; overlay_alpha=\u00a0\u00bb50&Prime; gutter_size=\u00a0\u00bb4&Prime; shift_y=\u00a0\u00bb0&Prime;][vc_column_inner width=\u00a0\u00bb1\/3&Prime;][vc_icon position=\u00a0\u00bbleft\u00a0\u00bb icon=\u00a0\u00bbfa fa-check\u00a0\u00bb icon_color=\u00a0\u00bbcolor-132177&Prime; size=\u00a0\u00bbfa-2x\u00a0\u00bb text_size=\u00a0\u00bbh4&Prime; align=\u00a0\u00bbleft\u00a0\u00bb uncode_shortcode_id=\u00a0\u00bb104516&Prime; icon_color_type=\u00a0\u00bbuncode-palette\u00a0\u00bb]Prendre en charge le patient du d\u00e9but jusqu\u2019\u00e0 la fin ; d\u00e9dier du temps[\/vc_icon][vc_icon position=\u00a0\u00bbleft\u00a0\u00bb icon=\u00a0\u00bbfa fa-check\u00a0\u00bb size=\u00a0\u00bbfa-2x\u00a0\u00bb uncode_shortcode_id=\u00a0\u00bb122347&Prime;]Communiquer une information juste et transparente au patient selon les meilleurs<br \/>\nstandards de qualit\u00e9[\/vc_icon][vc_icon position=\u00a0\u00bbleft\u00a0\u00bb icon=\u00a0\u00bbfa fa-check\u00a0\u00bb size=\u00a0\u00bbfa-2x\u00a0\u00bb uncode_shortcode_id=\u00a0\u00bb159195&Prime;]Faire preuve de retenue lorsque n\u00e9cessaire[\/vc_icon][vc_icon position=\u00a0\u00bbleft\u00a0\u00bb icon=\u00a0\u00bbfa fa-check\u00a0\u00bb size=\u00a0\u00bbfa-2x\u00a0\u00bb uncode_shortcode_id=\u00a0\u00bb168684&Prime;]Prendre \u00e0 c\u0153ur le bien-\u00eatre du patient[\/vc_icon][\/vc_column_inner][vc_column_inner width=\u00a0\u00bb1\/3&Prime;][vc_icon position=\u00a0\u00bbleft\u00a0\u00bb icon=\u00a0\u00bbfa fa-check\u00a0\u00bb size=\u00a0\u00bbfa-2x\u00a0\u00bb uncode_shortcode_id=\u00a0\u00bb312480&Prime;]Miser sur un r\u00e9seau de professionnels de la sant\u00e9 pour \u00e9mettre un diagnostic juste et<br \/>\nde qualit\u00e9[\/vc_icon][\/vc_column_inner][vc_column_inner width=\u00a0\u00bb1\/3&Prime;][vc_icon position=\u00a0\u00bbleft\u00a0\u00bb icon=\u00a0\u00bbfa fa-check\u00a0\u00bb size=\u00a0\u00bbfa-2x\u00a0\u00bb uncode_shortcode_id=\u00a0\u00bb204458&Prime;]Accueil du patient de qualit\u00e9 et chaleureux[\/vc_icon][vc_icon position=\u00a0\u00bbleft\u00a0\u00bb icon=\u00a0\u00bbfa fa-check\u00a0\u00bb size=\u00a0\u00bbfa-2x\u00a0\u00bb uncode_shortcode_id=\u00a0\u00bb122009&Prime;]Faire preuve d\u2019empathie tout au long de l\u2019accompagnement du patient[\/vc_icon][\/vc_column_inner][\/vc_row_inner][\/vc_column][\/vc_row]<\/p>\n<\/div>","protected":false},"excerpt":{"rendered":"<p>[vc_row][vc_column width=\u00a0\u00bb1\/1&Prime;][vc_custom_heading text_color=\u00a0\u00bbcolor-132177&Prime; heading_semantic=\u00a0\u00bbh2&Prime; text_size=\u00a0\u00bbh1&Prime; text_weight=\u00a0\u00bb800&Prime; text_transform=\u00a0\u00bbuppercase\u00a0\u00bb uncode_shortcode_id=\u00a0\u00bb699852&Prime; text_color_type=\u00a0\u00bbuncode-palette\u00a0\u00bb]Mission:[\/vc_custom_heading][vc_column_text uncode_shortcode_id=\u00a0\u00bb109574&Prime;]Depuis plus de 50 ans, le Groupe Unimage offre aux patients [&hellip;]<\/p>\n","protected":false},"author":1,"featured_media":110521,"parent":0,"menu_order":0,"comment_status":"closed","ping_status":"closed","template":"","meta":{"footnotes":""},"class_list":["post-111110","page","type-page","status-publish","has-post-thumbnail","hentry","page_category-a-propos"],"_links":{"self":[{"href":"https:\/\/www.groupeunimage.com\/index.php?rest_route=\/wp\/v2\/pages\/111110","targetHints":{"allow":["GET"]}}],"collection":[{"href":"https:\/\/www.groupeunimage.com\/index.php?rest_route=\/wp\/v2\/pages"}],"about":[{"href":"https:\/\/www.groupeunimage.com\/index.php?rest_route=\/wp\/v2\/types\/page"}],"author":[{"embeddable":true,"href":"https:\/\/www.groupeunimage.com\/index.php?rest_route=\/wp\/v2\/users\/1"}],"replies":[{"embeddable":true,"href":"https:\/\/www.groupeunimage.com\/index.php?rest_route=%2Fwp%2Fv2%2Fcomments&post=111110"}],"version-history":[{"count":45,"href":"https:\/\/www.groupeunimage.com\/index.php?rest_route=\/wp\/v2\/pages\/111110\/revisions"}],"predecessor-version":[{"id":112022,"href":"https:\/\/www.groupeunimage.com\/index.php?rest_route=\/wp\/v2\/pages\/111110\/revisions\/112022"}],"wp:featuredmedia":[{"embeddable":true,"href":"https:\/\/www.groupeunimage.com\/index.php?rest_route=\/wp\/v2\/media\/110521"}],"wp:attachment":[{"href":"https:\/\/www.groupeunimage.com\/index.php?rest_route=%2Fwp%2Fv2%2Fmedia&parent=111110"}],"curies":[{"name":"wp","href":"https:\/\/api.w.org\/{rel}","templated":true}]}}