{"id":110640,"date":"2022-06-06T17:09:28","date_gmt":"2022-06-06T17:09:28","guid":{"rendered":"https:\/\/www.groupeunimage.com\/?page_id=110640"},"modified":"2022-06-06T17:09:28","modified_gmt":"2022-06-06T17:09:28","slug":"autres-regions-anatomiques","status":"publish","type":"page","link":"https:\/\/www.groupeunimage.com\/?page_id=110640","title":{"rendered":"Autres r\u00e9gions anatomiques"},"content":{"rendered":"<div class=\"wpb-content-wrapper\"><p>[vc_row][vc_column column_width_percent=\u00a0\u00bb100&Prime; position_horizontal=\u00a0\u00bbleft\u00a0\u00bb position_vertical=\u00a0\u00bbmiddle\u00a0\u00bb gutter_size=\u00a0\u00bb3&Prime; style=\u00a0\u00bblight\u00a0\u00bb overlay_alpha=\u00a0\u00bb50&Prime; shift_x=\u00a0\u00bb0&Prime; shift_y=\u00a0\u00bb0&Prime; shift_y_down=\u00a0\u00bb0&Prime; z_index=\u00a0\u00bb0&Prime; medium_width=\u00a0\u00bb0&Prime; mobile_width=\u00a0\u00bb0&Prime; width=\u00a0\u00bb1\/1&Prime; uncode_shortcode_id=\u00a0\u00bb110576&Prime;][vc_button border_width=\u00a0\u00bb0&Prime; link=\u00a0\u00bburl:%2Fformation-medicale-continue%2F|title:Formation%20m%C3%A9dicale%20continue\u00a0\u00bb uncode_shortcode_id=\u00a0\u00bb188375&Prime;]\u00ab Retour formation m\u00e9dicale continue[\/vc_button][vc_column_text uncode_shortcode_id=\u00a0\u00bb631531&Prime;]Contrairement \u00e0 l&rsquo;\u00e9valuation de l&rsquo;\u00e9paule, l&rsquo;\u00e9valuation \u00e9chographique des autres articulations (coude, poignet, main, hanche, genou, cheville et pied) n&rsquo;est pas standardis\u00e9e. L&rsquo;examen \u00e9chographique sera donc dirig\u00e9 pour r\u00e9pondre \u00e0 une question clinique pr\u00e9cise : \u00e9valuation de tendons, de ligaments, d&rsquo;une masse des parties molles, recherche d&rsquo;un \u00e9panchement intra-articulaire.<\/p>\n<p>Les tendons les plus souvent investigu\u00e9s par \u00e9chographie sont : Au niveau du coude, les tendons communs extenseurs et fl\u00e9chisseurs (\u00e9picondylite lat\u00e9rale ou m\u00e9diale) et le tendon distal du biceps. Au niveau de la hanche, le tendon iliopsoas, les tendons petit et moyen fessiers et la r\u00e9gion trochant\u00e9rienne. Au niveau du genou surtout les tendons quadricipital et patellaire. Au niveau de la chevill,e le tendon Achill\u00e9en et l&rsquo;apon\u00e9vrose plantaire. Les autres tendons et ligaments de la cheville sont \u00e9galement avantageusement explor\u00e9s par \u00e9chographie. Au niveau des doigts, de la main et du poignet on pourra rechercher les pathologies tendineuses et t\u00e9nosynoviales, les kystes arthrosynoviaux, et les \u00e9panchements intra-articulaires.<\/p>\n<p>L&rsquo;utilit\u00e9 de l&rsquo;\u00e9chographie est plus limit\u00e9e pour l&rsquo;investigation des tissus profonds comme les muscles ischio-jambiers et adducteurs, que l&rsquo;on visualise mieux \u00e0 l&rsquo;IRM. Par ailleurs, l&rsquo;IRM sera pr\u00e9f\u00e9r\u00e9e pour l&rsquo;\u00e9tude globale d&rsquo;une articulation et l&rsquo;arthro-IRM pour l&rsquo;\u00e9valuation des structures intra-articulaires : \u00e9valuation du labrum (hanche : conflit f\u00e9moro-ac\u00e9tabulaire; poignet : fibro-cartilage triangulaire et ligaments interosseux), des surfaces ost\u00e9o-cartilagineuses, alors que dans certaines circonstances, l&rsquo;arthro-tomodensitom\u00e9trie sera m\u00eame l&rsquo;examen de choix.[\/vc_column_text][vc_empty_space empty_h=\u00a0\u00bb1&Prime;][\/vc_column][\/vc_row]<\/p>\n<\/div>","protected":false},"excerpt":{"rendered":"<p>[vc_row][vc_column column_width_percent=\u00a0\u00bb100&Prime; position_horizontal=\u00a0\u00bbleft\u00a0\u00bb position_vertical=\u00a0\u00bbmiddle\u00a0\u00bb gutter_size=\u00a0\u00bb3&Prime; style=\u00a0\u00bblight\u00a0\u00bb overlay_alpha=\u00a0\u00bb50&Prime; shift_x=\u00a0\u00bb0&Prime; shift_y=\u00a0\u00bb0&Prime; shift_y_down=\u00a0\u00bb0&Prime; z_index=\u00a0\u00bb0&Prime; medium_width=\u00a0\u00bb0&Prime; mobile_width=\u00a0\u00bb0&Prime; width=\u00a0\u00bb1\/1&Prime; uncode_shortcode_id=\u00a0\u00bb110576&Prime;][vc_button border_width=\u00a0\u00bb0&Prime; link=\u00a0\u00bburl:%2Fformation-medicale-continue%2F|title:Formation%20m%C3%A9dicale%20continue\u00a0\u00bb uncode_shortcode_id=\u00a0\u00bb188375&Prime;]\u00ab Retour formation [&hellip;]<\/p>\n","protected":false},"author":1,"featured_media":0,"parent":0,"menu_order":0,"comment_status":"closed","ping_status":"closed","template":"","meta":{"footnotes":""},"class_list":["post-110640","page","type-page","status-publish","hentry","page_category-formation-medicale-continue","page_category-medecin"],"_links":{"self":[{"href":"https:\/\/www.groupeunimage.com\/index.php?rest_route=\/wp\/v2\/pages\/110640","targetHints":{"allow":["GET"]}}],"collection":[{"href":"https:\/\/www.groupeunimage.com\/index.php?rest_route=\/wp\/v2\/pages"}],"about":[{"href":"https:\/\/www.groupeunimage.com\/index.php?rest_route=\/wp\/v2\/types\/page"}],"author":[{"embeddable":true,"href":"https:\/\/www.groupeunimage.com\/index.php?rest_route=\/wp\/v2\/users\/1"}],"replies":[{"embeddable":true,"href":"https:\/\/www.groupeunimage.com\/index.php?rest_route=%2Fwp%2Fv2%2Fcomments&post=110640"}],"version-history":[{"count":1,"href":"https:\/\/www.groupeunimage.com\/index.php?rest_route=\/wp\/v2\/pages\/110640\/revisions"}],"predecessor-version":[{"id":110641,"href":"https:\/\/www.groupeunimage.com\/index.php?rest_route=\/wp\/v2\/pages\/110640\/revisions\/110641"}],"wp:attachment":[{"href":"https:\/\/www.groupeunimage.com\/index.php?rest_route=%2Fwp%2Fv2%2Fmedia&parent=110640"}],"curies":[{"name":"wp","href":"https:\/\/api.w.org\/{rel}","templated":true}]}}