{"id":110622,"date":"2022-06-06T16:54:29","date_gmt":"2022-06-06T16:54:29","guid":{"rendered":"https:\/\/www.groupeunimage.com\/?page_id=110622"},"modified":"2022-06-06T17:27:50","modified_gmt":"2022-06-06T17:27:50","slug":"evaluation-du-retroperitoine","status":"publish","type":"page","link":"https:\/\/www.groupeunimage.com\/?page_id=110622","title":{"rendered":"\u00c9valuation du r\u00e9trop\u00e9ritoine"},"content":{"rendered":"<div class=\"wpb-content-wrapper\"><p>[vc_row][vc_column column_width_percent=\u00a0\u00bb100&Prime; position_horizontal=\u00a0\u00bbleft\u00a0\u00bb position_vertical=\u00a0\u00bbmiddle\u00a0\u00bb gutter_size=\u00a0\u00bb3&Prime; style=\u00a0\u00bblight\u00a0\u00bb overlay_alpha=\u00a0\u00bb50&Prime; shift_x=\u00a0\u00bb0&Prime; shift_y=\u00a0\u00bb0&Prime; shift_y_down=\u00a0\u00bb0&Prime; z_index=\u00a0\u00bb0&Prime; medium_width=\u00a0\u00bb0&Prime; mobile_width=\u00a0\u00bb0&Prime; width=\u00a0\u00bb1\/1&Prime; uncode_shortcode_id=\u00a0\u00bb110576&Prime;][vc_button border_width=\u00a0\u00bb0&Prime; link=\u00a0\u00bburl:%2Fformation-medicale-continue%2F|title:Formation%20m%C3%A9dicale%20continue\u00a0\u00bb uncode_shortcode_id=\u00a0\u00bb188375&Prime;]\u00ab Retour formation m\u00e9dicale continue[\/vc_button][vc_column_text uncode_shortcode_id=\u00a0\u00bb152911&Prime;]<strong>La tomodensitom\u00e9trie (TDM ou CT-Scan) permet une visualisation compl\u00e8te du r\u00e9trop\u00e9ritoine<\/strong> contrairement \u00e0 l&rsquo;\u00e9chographie o\u00f9 les superpositions digestives cr\u00e9ent un barrage aux ultrasons. Ainsi la TDM est g\u00e9n\u00e9ralement la modalit\u00e9 d&rsquo;investigation de choix pour la recherche d&rsquo;ad\u00e9nopathies, l&rsquo;\u00e9valuation des surr\u00e9nales et des pathologies de l&rsquo;aorte abdominale, an\u00e9vrismes, st\u00e9noses, \u00e9valuation de l&rsquo;origine des gros vaisseaux abdominaux (tronc coeliaque, art\u00e8res m\u00e9sent\u00e9riques, art\u00e8res r\u00e9nales). La <strong>r\u00e9sonance magn\u00e9tique<\/strong> est la modalit\u00e9 de choix dans le diagnostic de fibrose r\u00e9trop\u00e9riton\u00e9ale, en raison d&rsquo;un signal caract\u00e9ristique. L&rsquo;\u00e9valuation des reins et du pancr\u00e9as a \u00e9t\u00e9 abord\u00e9e pr\u00e9c\u00e9demment[\/vc_column_text][vc_empty_space empty_h=\u00a0\u00bb1&Prime;][\/vc_column][\/vc_row]<\/p>\n<\/div>","protected":false},"excerpt":{"rendered":"<p>[vc_row][vc_column column_width_percent=\u00a0\u00bb100&Prime; position_horizontal=\u00a0\u00bbleft\u00a0\u00bb position_vertical=\u00a0\u00bbmiddle\u00a0\u00bb gutter_size=\u00a0\u00bb3&Prime; style=\u00a0\u00bblight\u00a0\u00bb overlay_alpha=\u00a0\u00bb50&Prime; shift_x=\u00a0\u00bb0&Prime; shift_y=\u00a0\u00bb0&Prime; shift_y_down=\u00a0\u00bb0&Prime; z_index=\u00a0\u00bb0&Prime; medium_width=\u00a0\u00bb0&Prime; mobile_width=\u00a0\u00bb0&Prime; width=\u00a0\u00bb1\/1&Prime; uncode_shortcode_id=\u00a0\u00bb110576&Prime;][vc_button border_width=\u00a0\u00bb0&Prime; link=\u00a0\u00bburl:%2Fformation-medicale-continue%2F|title:Formation%20m%C3%A9dicale%20continue\u00a0\u00bb uncode_shortcode_id=\u00a0\u00bb188375&Prime;]\u00ab Retour formation [&hellip;]<\/p>\n","protected":false},"author":1,"featured_media":0,"parent":0,"menu_order":0,"comment_status":"closed","ping_status":"closed","template":"","meta":{"footnotes":""},"class_list":["post-110622","page","type-page","status-publish","hentry","page_category-formation-medicale-continue","page_category-medecin"],"_links":{"self":[{"href":"https:\/\/www.groupeunimage.com\/index.php?rest_route=\/wp\/v2\/pages\/110622","targetHints":{"allow":["GET"]}}],"collection":[{"href":"https:\/\/www.groupeunimage.com\/index.php?rest_route=\/wp\/v2\/pages"}],"about":[{"href":"https:\/\/www.groupeunimage.com\/index.php?rest_route=\/wp\/v2\/types\/page"}],"author":[{"embeddable":true,"href":"https:\/\/www.groupeunimage.com\/index.php?rest_route=\/wp\/v2\/users\/1"}],"replies":[{"embeddable":true,"href":"https:\/\/www.groupeunimage.com\/index.php?rest_route=%2Fwp%2Fv2%2Fcomments&post=110622"}],"version-history":[{"count":2,"href":"https:\/\/www.groupeunimage.com\/index.php?rest_route=\/wp\/v2\/pages\/110622\/revisions"}],"predecessor-version":[{"id":110654,"href":"https:\/\/www.groupeunimage.com\/index.php?rest_route=\/wp\/v2\/pages\/110622\/revisions\/110654"}],"wp:attachment":[{"href":"https:\/\/www.groupeunimage.com\/index.php?rest_route=%2Fwp%2Fv2%2Fmedia&parent=110622"}],"curies":[{"name":"wp","href":"https:\/\/api.w.org\/{rel}","templated":true}]}}